{"id":409690,"date":"2026-04-05T15:00:32","date_gmt":"2026-04-05T13:00:32","guid":{"rendered":"https:\/\/bogensportdiscount.ch\/produkt\/fast-eddie-xl-triple-stack-mrt-3-pin-010-rh-black\/"},"modified":"2026-04-15T13:07:18","modified_gmt":"2026-04-15T11:07:18","slug":"spothogg-compound-visier-fast-eddie-xl-triple-stack-mrt-3-pin","status":"publish","type":"product","link":"https:\/\/bogensportdiscount.ch\/it\/prodotto\/spothogg-compound-visier-fast-eddie-xl-triple-stack-mrt-3-pin\/","title":{"rendered":"SPOTHOGG FAST EDDIE XL TRIPLE STACK MRT \/ 3 PIN"},"content":{"rendered":"<p>Das SPOTHOGG Fast Eddie XL Triple Stack MRT 3-Pin ist ein Compound-Visier aus dem Jagd- und 3D-Bereich. Es ist f\u00fcr Rechts- und Linkshandbogen ausgelegt und wird in zwei Fadenst\u00e4rken (.010&#8243; und .019&#8243;) angeboten.<\/p>\n<p>Das Triple-Stack-System des Fast Eddie XL MRT erm\u00f6glicht eine kompakte Anordnung mehrerer Pins bei gleichzeitig guter Sichtbarkeit. Das Visier eignet sich f\u00fcr den Einsatz bei der Jagd sowie im 3D-Bogensport.<\/p>\n<ul>\n<li>3-Pin-Konfiguration mit Triple Stack MRT<\/li>\n<li>Disponibile per l'uso con la mano destra o sinistra<\/li>\n<li>Fadenst\u00e4rken .010&#8243; und .019&#8243; w\u00e4hlbar<\/li>\n<li>Herkunft: USA<\/li>\n<\/ul>","protected":false},"excerpt":{"rendered":"<p>Das SPOTHOGG Fast Eddie XL Triple Stack MRT ist ein Compound-Visier mit 3 Pins, erh\u00e4ltlich f\u00fcr Links- und Rechtshand in den Fadenst\u00e4rken .010&#8243; und .019&#8243;. Hergestellt in den USA.<\/p>","protected":false},"featured_media":452935,"comment_status":"open","ping_status":"closed","template":"","meta":[],"product_brand":[538],"product_cat":[4263],"product_tag":[],"class_list":{"0":"post-409690","1":"product","2":"type-product","3":"status-publish","4":"has-post-thumbnail","6":"product_brand-spothogg","7":"product_cat-jagd-und-3d-visiere","9":"first","10":"instock","11":"shipping-taxable","12":"purchasable","13":"product-type-variable"},"_links":{"self":[{"href":"https:\/\/bogensportdiscount.ch\/it\/wp-json\/wp\/v2\/product\/409690","targetHints":{"allow":["GET"]}}],"collection":[{"href":"https:\/\/bogensportdiscount.ch\/it\/wp-json\/wp\/v2\/product"}],"about":[{"href":"https:\/\/bogensportdiscount.ch\/it\/wp-json\/wp\/v2\/types\/product"}],"replies":[{"embeddable":true,"href":"https:\/\/bogensportdiscount.ch\/it\/wp-json\/wp\/v2\/comments?post=409690"}],"wp:featuredmedia":[{"embeddable":true,"href":"https:\/\/bogensportdiscount.ch\/it\/wp-json\/wp\/v2\/media\/452935"}],"wp:attachment":[{"href":"https:\/\/bogensportdiscount.ch\/it\/wp-json\/wp\/v2\/media?parent=409690"}],"wp:term":[{"taxonomy":"product_brand","embeddable":true,"href":"https:\/\/bogensportdiscount.ch\/it\/wp-json\/wp\/v2\/product_brand?post=409690"},{"taxonomy":"product_cat","embeddable":true,"href":"https:\/\/bogensportdiscount.ch\/it\/wp-json\/wp\/v2\/product_cat?post=409690"},{"taxonomy":"product_tag","embeddable":true,"href":"https:\/\/bogensportdiscount.ch\/it\/wp-json\/wp\/v2\/product_tag?post=409690"}],"curies":[{"name":"wp","href":"https:\/\/api.w.org\/{rel}","templated":true}]}}