{"id":409643,"date":"2026-04-05T15:00:25","date_gmt":"2026-04-05T13:00:25","guid":{"rendered":"https:\/\/bogensportdiscount.ch\/produkt\/3d-target-dragon-camo-green\/"},"modified":"2026-04-15T13:07:17","modified_gmt":"2026-04-15T11:07:17","slug":"mmcrafts-3d-ziel-dragon","status":"publish","type":"product","link":"https:\/\/bogensportdiscount.ch\/it\/prodotto\/mmcrafts-3d-ziel-dragon\/","title":{"rendered":"MMCRAFTS 3D BERSAGLIO DRAGO"},"content":{"rendered":"<p>Das MMCRAFTS 3D-Ziel Dragon ist ein dreidimensionales Bogenschiessziel in Form eines Drachen. Solche Fantasy-Ziele werden im 3D-Bogensport eingesetzt, um das Training abwechslungsreicher zu gestalten oder um bei Fun-Turnieren und Parcours-Veranstaltungen besondere Akzente zu setzen.<\/p>\n<p>Die Figur stammt von MMCRAFTS, einem Hersteller, der auf 3D-Ziele spezialisiert ist. Das Ziel richtet sich an Bogensch\u00fctzen, die ihren Parcours mit aussergew\u00f6hnlichen Zielfiguren bereichern m\u00f6chten.<\/p>\n<ul>\n<li>3D-Ziel in Drachenform f\u00fcr den Bogensport<\/li>\n<li>Geeignet f\u00fcr Fantasy- und Fun-Parcours<\/li>\n<li>Einsatz im Training und bei Turnieren<\/li>\n<\/ul>","protected":false},"excerpt":{"rendered":"<p><strong>Marchio:<\/strong> MM Crafts<\/p>","protected":false},"featured_media":451468,"comment_status":"open","ping_status":"closed","template":"","meta":[],"product_brand":[636],"product_cat":[4146],"product_tag":[],"class_list":{"0":"post-409643","1":"product","2":"type-product","3":"status-publish","4":"has-post-thumbnail","6":"product_brand-mmcrafts","7":"product_cat-fantasie-andere","9":"first","10":"instock","11":"shipping-taxable","12":"purchasable","13":"product-type-variable"},"_links":{"self":[{"href":"https:\/\/bogensportdiscount.ch\/it\/wp-json\/wp\/v2\/product\/409643","targetHints":{"allow":["GET"]}}],"collection":[{"href":"https:\/\/bogensportdiscount.ch\/it\/wp-json\/wp\/v2\/product"}],"about":[{"href":"https:\/\/bogensportdiscount.ch\/it\/wp-json\/wp\/v2\/types\/product"}],"replies":[{"embeddable":true,"href":"https:\/\/bogensportdiscount.ch\/it\/wp-json\/wp\/v2\/comments?post=409643"}],"wp:featuredmedia":[{"embeddable":true,"href":"https:\/\/bogensportdiscount.ch\/it\/wp-json\/wp\/v2\/media\/451468"}],"wp:attachment":[{"href":"https:\/\/bogensportdiscount.ch\/it\/wp-json\/wp\/v2\/media?parent=409643"}],"wp:term":[{"taxonomy":"product_brand","embeddable":true,"href":"https:\/\/bogensportdiscount.ch\/it\/wp-json\/wp\/v2\/product_brand?post=409643"},{"taxonomy":"product_cat","embeddable":true,"href":"https:\/\/bogensportdiscount.ch\/it\/wp-json\/wp\/v2\/product_cat?post=409643"},{"taxonomy":"product_tag","embeddable":true,"href":"https:\/\/bogensportdiscount.ch\/it\/wp-json\/wp\/v2\/product_tag?post=409643"}],"curies":[{"name":"wp","href":"https:\/\/api.w.org\/{rel}","templated":true}]}}