{"id":409622,"date":"2026-04-05T15:00:22","date_gmt":"2026-04-05T13:00:22","guid":{"rendered":"https:\/\/bogensportdiscount.ch\/produkt\/barebow-weights-for-invinso-aluminum-290grams\/"},"modified":"2026-04-17T13:47:41","modified_gmt":"2026-04-17T11:47:41","slug":"kinetic-barebow-gewichte-fuer-invinso","status":"publish","type":"product","link":"https:\/\/bogensportdiscount.ch\/it\/prodotto\/kinetic-barebow-gewichte-fuer-invinso\/","title":{"rendered":"PESI KINETIC BAREBOW PER INVINSO"},"content":{"rendered":"<p>Die KINETIC Barebow Gewichte sind speziell f\u00fcr den Einsatz mit dem Kinetic Invinso Riser entwickelt. Sie erm\u00f6glichen es, das Gleichgewicht und die Ausgewogenheit des Bogens gezielt anzupassen \u2013 ein wichtiger Aspekt im Barebow-Schiessen.<\/p>\n<p>Die Gewichte sind in zwei Ausf\u00fchrungen erh\u00e4ltlich: 290 g aus Aluminium oder 830 g aus Messing. Damit l\u00e4sst sich je nach Schiessstil und pers\u00f6nlicher Pr\u00e4ferenz die passende Konfiguration w\u00e4hlen.<\/p>\n<ul>\n<li>Zwei Gewichtsvarianten: 290 g oder 830 g<\/li>\n<li>Materialwahl: Aluminium oder Messing<\/li>\n<li>Kompatibel mit dem Kinetic Invinso Riser<\/li>\n<li>Geeignet f\u00fcr Barebow-Sch\u00fctzen<\/li>\n<\/ul>","protected":false},"excerpt":{"rendered":"<table>\n<tr>\n<th>Propriet\u00e0<\/th>\n<th>Valore<\/th>\n<\/tr>\n<tr>\n<td>Peso<\/td>\n<td>290 g oder 830 g<\/td>\n<\/tr>\n<tr>\n<td>Materiale<\/td>\n<td>Aluminium oder Messing<\/td>\n<\/tr>\n<tr>\n<td>Kompatibilit\u00e4t<\/td>\n<td>Kinetic Invinso Riser<\/td>\n<\/tr>\n<\/table>","protected":false},"featured_media":451464,"comment_status":"open","ping_status":"closed","template":"","meta":[],"product_brand":[439],"product_cat":[4199],"product_tag":[],"class_list":{"0":"post-409622","1":"product","2":"type-product","3":"status-publish","4":"has-post-thumbnail","6":"product_brand-kinetic","7":"product_cat-gewichte-stabilisation","9":"first","10":"instock","11":"shipping-taxable","12":"purchasable","13":"product-type-variable"},"_links":{"self":[{"href":"https:\/\/bogensportdiscount.ch\/it\/wp-json\/wp\/v2\/product\/409622","targetHints":{"allow":["GET"]}}],"collection":[{"href":"https:\/\/bogensportdiscount.ch\/it\/wp-json\/wp\/v2\/product"}],"about":[{"href":"https:\/\/bogensportdiscount.ch\/it\/wp-json\/wp\/v2\/types\/product"}],"replies":[{"embeddable":true,"href":"https:\/\/bogensportdiscount.ch\/it\/wp-json\/wp\/v2\/comments?post=409622"}],"wp:featuredmedia":[{"embeddable":true,"href":"https:\/\/bogensportdiscount.ch\/it\/wp-json\/wp\/v2\/media\/451464"}],"wp:attachment":[{"href":"https:\/\/bogensportdiscount.ch\/it\/wp-json\/wp\/v2\/media?parent=409622"}],"wp:term":[{"taxonomy":"product_brand","embeddable":true,"href":"https:\/\/bogensportdiscount.ch\/it\/wp-json\/wp\/v2\/product_brand?post=409622"},{"taxonomy":"product_cat","embeddable":true,"href":"https:\/\/bogensportdiscount.ch\/it\/wp-json\/wp\/v2\/product_cat?post=409622"},{"taxonomy":"product_tag","embeddable":true,"href":"https:\/\/bogensportdiscount.ch\/it\/wp-json\/wp\/v2\/product_tag?post=409622"}],"curies":[{"name":"wp","href":"https:\/\/api.w.org\/{rel}","templated":true}]}}