{"id":409616,"date":"2026-04-05T15:00:21","date_gmt":"2026-04-05T13:00:21","guid":{"rendered":"https:\/\/bogensportdiscount.ch\/produkt\/compound-basin-tri-track-cam-rh-20-70lbs-16-30-ninja-black\/"},"modified":"2026-04-17T18:56:51","modified_gmt":"2026-04-17T16:56:51","slug":"elite-compound-bogen-basin-tri-track-cam","status":"publish","type":"product","link":"https:\/\/bogensportdiscount.ch\/it\/prodotto\/elite-compound-bogen-basin-tri-track-cam\/","title":{"rendered":"CAMMA TRI-TRACK CON BACINO COMPOSTO ELITE"},"content":{"rendered":"<p>Der ELITE Basin Tri-Track Cam ist ein Compound-Bogen der kompakten Klasse mit einem Achsabstand von 32,375 Zoll und einer Brace Height von 6,625 Zoll. Das rotierende Cam-Modul (Rotating Mod) erm\u00f6glicht eine flexible Anpassung der Zuggewicht- und Zugl\u00e4ngenkonfiguration, w\u00e4hrend der einstellbare Let-Off eine individuelle Abstimmung auf die Schiesstechnik des Sch\u00fctzen erlaubt.<\/p>\n<p>Der Rahmen besteht aus Aluminium und bietet eine solide Grundlage f\u00fcr einen pr\u00e4zisen Schuss. Das Modell ist f\u00fcr Rechts- und Linksh\u00e4nder erh\u00e4ltlich und in den Farben Black, Brown, OD Green und Tan verf\u00fcgbar.<\/p>\n<ul>\n<li>Kompakter Achsabstand: 32,375 Zoll<\/li>\n<li>Rotating Mod f\u00fcr flexible Zugl\u00e4ngen- und Zuggewichtsanpassung<\/li>\n<li>Einstellbarer Let-Off<\/li>\n<li>Erh\u00e4ltlich f\u00fcr Rechts- und Linksh\u00e4nder in vier Farben<\/li>\n<\/ul>","protected":false},"excerpt":{"rendered":"<table>\n<tr>\n<th>Propriet\u00e0<\/th>\n<th>Valore<\/th>\n<\/tr>\n<tr>\n<td>Achsabstand (Zoll)<\/td>\n<td>32,375&#8243;<\/td>\n<\/tr>\n<tr>\n<td>Brace Height (Zoll)<\/td>\n<td>6,625&#8243;<\/td>\n<\/tr>\n<tr>\n<td>Modul<\/td>\n<td>Rotating Mod<\/td>\n<\/tr>\n<tr>\n<td>Let-Off<\/td>\n<td>Einstellbar<\/td>\n<\/tr>\n<tr>\n<td>Materiale<\/td>\n<td>Aluminium<\/td>\n<\/tr>\n<tr>\n<td>Herkunftsland<\/td>\n<td>USA<\/td>\n<\/tr>\n<\/table>","protected":false},"featured_media":451458,"comment_status":"open","ping_status":"closed","template":"","meta":[],"product_brand":[474],"product_cat":[4524],"product_tag":[],"class_list":{"0":"post-409616","1":"product","2":"type-product","3":"status-publish","4":"has-post-thumbnail","6":"product_brand-elite","7":"product_cat-jagdboegen-compound-boegen-boegen","9":"first","10":"instock","11":"shipping-taxable","12":"purchasable","13":"product-type-variable"},"_links":{"self":[{"href":"https:\/\/bogensportdiscount.ch\/it\/wp-json\/wp\/v2\/product\/409616","targetHints":{"allow":["GET"]}}],"collection":[{"href":"https:\/\/bogensportdiscount.ch\/it\/wp-json\/wp\/v2\/product"}],"about":[{"href":"https:\/\/bogensportdiscount.ch\/it\/wp-json\/wp\/v2\/types\/product"}],"replies":[{"embeddable":true,"href":"https:\/\/bogensportdiscount.ch\/it\/wp-json\/wp\/v2\/comments?post=409616"}],"wp:featuredmedia":[{"embeddable":true,"href":"https:\/\/bogensportdiscount.ch\/it\/wp-json\/wp\/v2\/media\/451458"}],"wp:attachment":[{"href":"https:\/\/bogensportdiscount.ch\/it\/wp-json\/wp\/v2\/media?parent=409616"}],"wp:term":[{"taxonomy":"product_brand","embeddable":true,"href":"https:\/\/bogensportdiscount.ch\/it\/wp-json\/wp\/v2\/product_brand?post=409616"},{"taxonomy":"product_cat","embeddable":true,"href":"https:\/\/bogensportdiscount.ch\/it\/wp-json\/wp\/v2\/product_cat?post=409616"},{"taxonomy":"product_tag","embeddable":true,"href":"https:\/\/bogensportdiscount.ch\/it\/wp-json\/wp\/v2\/product_tag?post=409616"}],"curies":[{"name":"wp","href":"https:\/\/api.w.org\/{rel}","templated":true}]}}