{"id":409581,"date":"2026-04-05T15:00:15","date_gmt":"2026-04-05T13:00:15","guid":{"rendered":"https:\/\/bogensportdiscount.ch\/produkt\/level-for-35-40mm-scope-red\/"},"modified":"2026-04-17T13:47:41","modified_gmt":"2026-04-17T11:47:41","slug":"bowfinger-libelle-fuer-35-40mm-scope","status":"publish","type":"product","link":"https:\/\/bogensportdiscount.ch\/it\/prodotto\/bowfinger-libelle-fuer-35-40mm-scope\/","title":{"rendered":"LIVELLO BOWFINGER PER SCOPPI DA 35 E 40 mm"},"content":{"rendered":"<p>Die BOWFINGER Libelle ist ein Zubeh\u00f6rteil f\u00fcr Compound-Scopes mit 35 mm oder 40 mm Durchmesser. Sie dient zur horizontalen Ausrichtung des Visiers und unterst\u00fctzt eine konsistente Schussposition.<\/p>\n<p>Dank der farbigen Ausf\u00fchrung \u2013 Blau, Gr\u00fcn oder Rot \u2013 l\u00e4sst sich die Libelle gut an pers\u00f6nliche Vorlieben oder bestehende Ausr\u00fcstung anpassen. Die Montage ist auf g\u00e4ngige Scope-Gr\u00f6ssen ausgelegt.<\/p>\n<ul>\n<li>Passend f\u00fcr 35 mm und 40 mm Scopes<\/li>\n<li>Erh\u00e4ltlich in Blau, Gr\u00fcn und Rot<\/li>\n<li>Zur pr\u00e4zisen horizontalen Ausrichtung des Visiers<\/li>\n<li>Compound-Bogensport-Zubeh\u00f6r von BOWFINGER<\/li>\n<\/ul>","protected":false},"excerpt":{"rendered":"<p><strong>Marchio:<\/strong> Bowfinger<\/p>","protected":false},"featured_media":451446,"comment_status":"open","ping_status":"closed","template":"","meta":[],"product_brand":[540],"product_cat":[4249],"product_tag":[],"class_list":{"0":"post-409581","1":"product","2":"type-product","3":"status-publish","4":"has-post-thumbnail","6":"product_brand-bowfinger","7":"product_cat-zubehoer-compound-scope","9":"first","10":"instock","11":"shipping-taxable","12":"purchasable","13":"product-type-variable"},"_links":{"self":[{"href":"https:\/\/bogensportdiscount.ch\/it\/wp-json\/wp\/v2\/product\/409581","targetHints":{"allow":["GET"]}}],"collection":[{"href":"https:\/\/bogensportdiscount.ch\/it\/wp-json\/wp\/v2\/product"}],"about":[{"href":"https:\/\/bogensportdiscount.ch\/it\/wp-json\/wp\/v2\/types\/product"}],"replies":[{"embeddable":true,"href":"https:\/\/bogensportdiscount.ch\/it\/wp-json\/wp\/v2\/comments?post=409581"}],"wp:featuredmedia":[{"embeddable":true,"href":"https:\/\/bogensportdiscount.ch\/it\/wp-json\/wp\/v2\/media\/451446"}],"wp:attachment":[{"href":"https:\/\/bogensportdiscount.ch\/it\/wp-json\/wp\/v2\/media?parent=409581"}],"wp:term":[{"taxonomy":"product_brand","embeddable":true,"href":"https:\/\/bogensportdiscount.ch\/it\/wp-json\/wp\/v2\/product_brand?post=409581"},{"taxonomy":"product_cat","embeddable":true,"href":"https:\/\/bogensportdiscount.ch\/it\/wp-json\/wp\/v2\/product_cat?post=409581"},{"taxonomy":"product_tag","embeddable":true,"href":"https:\/\/bogensportdiscount.ch\/it\/wp-json\/wp\/v2\/product_tag?post=409581"}],"curies":[{"name":"wp","href":"https:\/\/api.w.org\/{rel}","templated":true}]}}