{"id":409501,"date":"2026-04-05T15:00:08","date_gmt":"2026-04-05T13:00:08","guid":{"rendered":"https:\/\/bogensportdiscount.ch\/produkt\/target-quivers-classic-3tubes-with-belt-and-2-pockets-rh-black\/"},"modified":"2026-05-14T15:26:37","modified_gmt":"2026-05-14T13:26:37","slug":"avalon-target-koecher-classic-3-tuben-gurt-2-taschen","status":"publish","type":"product","link":"https:\/\/bogensportdiscount.ch\/it\/prodotto\/avalon-target-koecher-classic-3-tuben-gurt-2-taschen\/","title":{"rendered":"AVALON FARETRA DA TIRO CLASSIC 3 TUBI CON CINTURA E 2 TASCHE"},"content":{"rendered":"<p>La faretra da bersaglio AVALON Classic \u00e8 una faretra per il tiro di campagna e al chiuso. Dispone di tre tubi separati per la conservazione ordinata delle frecce, nonch\u00e9 di una cinghia per un fissaggio sicuro al corpo. Due tasche aggiuntive offrono spazio per accessori di tiro come tabs, cocche o attrezzi.<\/p>\n<p>La faretra \u00e8 disponibile sia per mancini che per destrorsi e pu\u00f2 essere scelta in numerose varianti di colore, tra cui il classico Nero, Blu, Verde, Arancione, Rosso e altri.<\/p>\n<ul>\n<li>3 tubi per frecce per una conservazione ordinata delle frecce<\/li>\n<li>Cinghia regolabile per il fissaggio al corpo<\/li>\n<li>2 tasche laterali per accessori<\/li>\n<li>Disponibile per mancini e destrorsi in 13 colori<\/li>\n<\/ul>","protected":false},"excerpt":{"rendered":"<table>\n<tr>\n<th>Propriet\u00e0<\/th>\n<th>Valore<\/th>\n<\/tr>\n<tr>\n<td>Marca<\/td>\n<td>Avalon<\/td>\n<\/tr>\n<tr>\n<td>Paese di origine<\/td>\n<td>Cina<\/td>\n<\/tr>\n<\/table>","protected":false},"featured_media":451440,"comment_status":"open","ping_status":"closed","template":"","meta":[],"product_brand":[449],"product_cat":[4284],"product_tag":[],"class_list":{"0":"post-409501","1":"product","2":"type-product","3":"status-publish","4":"has-post-thumbnail","6":"product_brand-avalon","7":"product_cat-seitenkoecher","8":"product_shipping_class-bsd-standard","10":"first","11":"instock","12":"shipping-taxable","13":"purchasable","14":"product-type-variable"},"yoast_head":"<!-- This site is optimized with the Yoast SEO plugin v27.6 - https:\/\/yoast.com\/product\/yoast-seo-wordpress\/ -->\n<title>FODERO PER FRECCE AVALON CLASSIC A 3 TUBICINI CON CINTURA E 2 TASCHE - Bogensportdiscount \u2013 Archi, frecce, bersagli e accessori<\/title>\n<meta name=\"description\" content=\"Fodero per frecce AVALON CLASSIC a 3 tubi con cintura e 2 tasche: acquista a un prezzo conveniente su Bogensportdiscount \u2013 Le migliori marche, spedizione veloce dalla Svizzera.\" \/>\n<meta name=\"robots\" content=\"index, follow, max-snippet:-1, max-image-preview:large, max-video-preview:-1\" \/>\n<link rel=\"canonical\" href=\"https:\/\/bogensportdiscount.ch\/it\/prodotto\/avalon-target-koecher-classic-3-tuben-gurt-2-taschen\/\" \/>\n<meta property=\"og:locale\" content=\"it_IT\" \/>\n<meta property=\"og:type\" content=\"article\" \/>\n<meta property=\"og:title\" content=\"FODERO PER FRECCE AVALON CLASSIC A 3 TUBICINI CON CINTURA E 2 TASCHE - Bogensportdiscount \u2013 Archi, frecce, bersagli e accessori\" \/>\n<meta property=\"og:description\" content=\"Fodero per frecce AVALON CLASSIC a 3 tubi con cintura e 2 tasche: acquista a un prezzo conveniente su Bogensportdiscount \u2013 Le migliori marche, spedizione veloce dalla Svizzera.\" \/>\n<meta property=\"og:url\" content=\"https:\/\/bogensportdiscount.ch\/it\/prodotto\/avalon-target-koecher-classic-3-tuben-gurt-2-taschen\/\" \/>\n<meta property=\"og:site_name\" content=\"Bogensportdiscount \u2013 B\u00f6gen, Pfeile, Targets &amp; Zubeh\u00f6r\" \/>\n<meta property=\"article:modified_time\" content=\"2026-05-14T13:26:37+00:00\" \/>\n<meta property=\"og:image\" content=\"https:\/\/bogensportdiscount.ch\/wp-content\/uploads\/bsm-images\/A062036_1.png\" \/>\n\t<meta property=\"og:image:width\" content=\"3769\" \/>\n\t<meta property=\"og:image:height\" content=\"4312\" \/>\n\t<meta property=\"og:image:type\" content=\"image\/png\" \/>\n<meta name=\"twitter:card\" content=\"summary_large_image\" \/>\n<meta name=\"twitter:label1\" content=\"Tempo di lettura stimato\" \/>\n\t<meta name=\"twitter:data1\" content=\"1 minuto\" \/>\n<script type=\"application\/ld+json\" class=\"yoast-schema-graph\">{\"@context\":\"https:\\\/\\\/schema.org\",\"@graph\":[{\"@type\":\"WebPage\",\"@id\":\"https:\\\/\\\/bogensportdiscount.ch\\\/produkt\\\/avalon-target-koecher-classic-3-tuben-gurt-2-taschen\\\/\",\"url\":\"https:\\\/\\\/bogensportdiscount.ch\\\/produkt\\\/avalon-target-koecher-classic-3-tuben-gurt-2-taschen\\\/\",\"name\":\"AVALON ZIEL-K\u00d6CHER CLASSIC 3 R\u00d6HREN MIT G\u00dcRTEL UND 2 TASCHEN - Bogensportdiscount \u2013 B\u00f6gen, Pfeile, Targets &amp; Zubeh\u00f6r\",\"isPartOf\":{\"@id\":\"https:\\\/\\\/bogensportdiscount.ch\\\/#website\"},\"primaryImageOfPage\":{\"@id\":\"https:\\\/\\\/bogensportdiscount.ch\\\/produkt\\\/avalon-target-koecher-classic-3-tuben-gurt-2-taschen\\\/#primaryimage\"},\"image\":{\"@id\":\"https:\\\/\\\/bogensportdiscount.ch\\\/produkt\\\/avalon-target-koecher-classic-3-tuben-gurt-2-taschen\\\/#primaryimage\"},\"thumbnailUrl\":\"https:\\\/\\\/bogensportdiscount.ch\\\/wp-content\\\/uploads\\\/bsm-images\\\/A062036_1.png\",\"datePublished\":\"2026-04-05T13:00:08+00:00\",\"dateModified\":\"2026-05-14T13:26:37+00:00\",\"description\":\"AVALON ZIEL-K\u00d6CHER CLASSIC 3 R\u00d6HREN MIT G\u00dcRTEL UND 2 TASCHEN g\u00fcnstig kaufen bei Bogensportdiscount \u2013 Top-Marken, schneller Versand aus der Schweiz.\",\"breadcrumb\":{\"@id\":\"https:\\\/\\\/bogensportdiscount.ch\\\/produkt\\\/avalon-target-koecher-classic-3-tuben-gurt-2-taschen\\\/#breadcrumb\"},\"inLanguage\":\"it-IT\",\"potentialAction\":[{\"@type\":\"ReadAction\",\"target\":[\"https:\\\/\\\/bogensportdiscount.ch\\\/produkt\\\/avalon-target-koecher-classic-3-tuben-gurt-2-taschen\\\/\"]}]},{\"@type\":\"ImageObject\",\"inLanguage\":\"it-IT\",\"@id\":\"https:\\\/\\\/bogensportdiscount.ch\\\/produkt\\\/avalon-target-koecher-classic-3-tuben-gurt-2-taschen\\\/#primaryimage\",\"url\":\"https:\\\/\\\/bogensportdiscount.ch\\\/wp-content\\\/uploads\\\/bsm-images\\\/A062036_1.png\",\"contentUrl\":\"https:\\\/\\\/bogensportdiscount.ch\\\/wp-content\\\/uploads\\\/bsm-images\\\/A062036_1.png\",\"width\":2185,\"height\":2500},{\"@type\":\"BreadcrumbList\",\"@id\":\"https:\\\/\\\/bogensportdiscount.ch\\\/produkt\\\/avalon-target-koecher-classic-3-tuben-gurt-2-taschen\\\/#breadcrumb\",\"itemListElement\":[{\"@type\":\"ListItem\",\"position\":1,\"name\":\"Home\",\"item\":\"https:\\\/\\\/bogensportdiscount.ch\\\/\"},{\"@type\":\"ListItem\",\"position\":2,\"name\":\"Shop\",\"item\":\"https:\\\/\\\/bogensportdiscount.ch\\\/shop\\\/\"},{\"@type\":\"ListItem\",\"position\":3,\"name\":\"AVALON ZIEL-KOECHER CLASSIC 3 ROEHREN MIT GUERTEL UND 2 TASCHEN\"}]},{\"@type\":\"WebSite\",\"@id\":\"https:\\\/\\\/bogensportdiscount.ch\\\/#website\",\"url\":\"https:\\\/\\\/bogensportdiscount.ch\\\/\",\"name\":\"Bogensportdiscount\",\"description\":\"\",\"potentialAction\":[{\"@type\":\"SearchAction\",\"target\":{\"@type\":\"EntryPoint\",\"urlTemplate\":\"https:\\\/\\\/bogensportdiscount.ch\\\/?s={search_term_string}\"},\"query-input\":{\"@type\":\"PropertyValueSpecification\",\"valueRequired\":true,\"valueName\":\"search_term_string\"}}],\"inLanguage\":\"it-IT\"}]}<\/script>\n<!-- \/ Yoast SEO plugin. -->","yoast_head_json":{"title":"FODERO PER FRECCE AVALON CLASSIC A 3 TUBICINI CON CINTURA E 2 TASCHE - Bogensportdiscount \u2013 Archi, frecce, bersagli e accessori","description":"Fodero per frecce AVALON CLASSIC a 3 tubi con cintura e 2 tasche: acquista a un prezzo conveniente su Bogensportdiscount \u2013 Le migliori marche, spedizione veloce dalla Svizzera.","robots":{"index":"index","follow":"follow","max-snippet":"max-snippet:-1","max-image-preview":"max-image-preview:large","max-video-preview":"max-video-preview:-1"},"canonical":"https:\/\/bogensportdiscount.ch\/it\/prodotto\/avalon-target-koecher-classic-3-tuben-gurt-2-taschen\/","og_locale":"it_IT","og_type":"article","og_title":"FODERO PER FRECCE AVALON CLASSIC A 3 TUBICINI CON CINTURA E 2 TASCHE - Bogensportdiscount \u2013 Archi, frecce, bersagli e accessori","og_description":"Fodero per frecce AVALON CLASSIC a 3 tubi con cintura e 2 tasche: acquista a un prezzo conveniente su Bogensportdiscount \u2013 Le migliori marche, spedizione veloce dalla Svizzera.","og_url":"https:\/\/bogensportdiscount.ch\/it\/prodotto\/avalon-target-koecher-classic-3-tuben-gurt-2-taschen\/","og_site_name":"Bogensportdiscount \u2013 B\u00f6gen, Pfeile, Targets &amp; Zubeh\u00f6r","article_modified_time":"2026-05-14T13:26:37+00:00","og_image":[{"url":"https:\/\/bogensportdiscount.ch\/wp-content\/uploads\/bsm-images\/A062036_1.png","width":3769,"height":4312,"type":"image\/png"}],"twitter_card":"summary_large_image","twitter_misc":{"Tempo di lettura stimato":"1 minuto"},"schema":{"@context":"https:\/\/schema.org","@graph":[{"@type":"WebPage","@id":"https:\/\/bogensportdiscount.ch\/produkt\/avalon-target-koecher-classic-3-tuben-gurt-2-taschen\/","url":"https:\/\/bogensportdiscount.ch\/produkt\/avalon-target-koecher-classic-3-tuben-gurt-2-taschen\/","name":"FODERO PER FRECCE AVALON CLASSIC A 3 TUBICINI CON CINTURA E 2 TASCHE - Bogensportdiscount \u2013 Archi, frecce, bersagli e accessori","isPartOf":{"@id":"https:\/\/bogensportdiscount.ch\/#website"},"primaryImageOfPage":{"@id":"https:\/\/bogensportdiscount.ch\/produkt\/avalon-target-koecher-classic-3-tuben-gurt-2-taschen\/#primaryimage"},"image":{"@id":"https:\/\/bogensportdiscount.ch\/produkt\/avalon-target-koecher-classic-3-tuben-gurt-2-taschen\/#primaryimage"},"thumbnailUrl":"https:\/\/bogensportdiscount.ch\/wp-content\/uploads\/bsm-images\/A062036_1.png","datePublished":"2026-04-05T13:00:08+00:00","dateModified":"2026-05-14T13:26:37+00:00","description":"Fodero per frecce AVALON CLASSIC a 3 tubi con cintura e 2 tasche: acquista a un prezzo conveniente su Bogensportdiscount \u2013 Le migliori marche, spedizione veloce dalla Svizzera.","breadcrumb":{"@id":"https:\/\/bogensportdiscount.ch\/produkt\/avalon-target-koecher-classic-3-tuben-gurt-2-taschen\/#breadcrumb"},"inLanguage":"it-IT","potentialAction":[{"@type":"ReadAction","target":["https:\/\/bogensportdiscount.ch\/produkt\/avalon-target-koecher-classic-3-tuben-gurt-2-taschen\/"]}]},{"@type":"ImageObject","inLanguage":"it-IT","@id":"https:\/\/bogensportdiscount.ch\/produkt\/avalon-target-koecher-classic-3-tuben-gurt-2-taschen\/#primaryimage","url":"https:\/\/bogensportdiscount.ch\/wp-content\/uploads\/bsm-images\/A062036_1.png","contentUrl":"https:\/\/bogensportdiscount.ch\/wp-content\/uploads\/bsm-images\/A062036_1.png","width":2185,"height":2500},{"@type":"BreadcrumbList","@id":"https:\/\/bogensportdiscount.ch\/produkt\/avalon-target-koecher-classic-3-tuben-gurt-2-taschen\/#breadcrumb","itemListElement":[{"@type":"ListItem","position":1,"name":"Home","item":"https:\/\/bogensportdiscount.ch\/"},{"@type":"ListItem","position":2,"name":"Shop","item":"https:\/\/bogensportdiscount.ch\/shop\/"},{"@type":"ListItem","position":3,"name":"AVALON ZIEL-KOECHER CLASSIC 3 ROEHREN MIT GUERTEL UND 2 TASCHEN"}]},{"@type":"WebSite","@id":"https:\/\/bogensportdiscount.ch\/#website","url":"https:\/\/bogensportdiscount.ch\/","name":"Bogensportdiscount","description":"","potentialAction":[{"@type":"SearchAction","target":{"@type":"EntryPoint","urlTemplate":"https:\/\/bogensportdiscount.ch\/?s={search_term_string}"},"query-input":{"@type":"PropertyValueSpecification","valueRequired":true,"valueName":"search_term_string"}}],"inLanguage":"it-IT"}]}},"_links":{"self":[{"href":"https:\/\/bogensportdiscount.ch\/it\/wp-json\/wp\/v2\/product\/409501","targetHints":{"allow":["GET"]}}],"collection":[{"href":"https:\/\/bogensportdiscount.ch\/it\/wp-json\/wp\/v2\/product"}],"about":[{"href":"https:\/\/bogensportdiscount.ch\/it\/wp-json\/wp\/v2\/types\/product"}],"replies":[{"embeddable":true,"href":"https:\/\/bogensportdiscount.ch\/it\/wp-json\/wp\/v2\/comments?post=409501"}],"wp:featuredmedia":[{"embeddable":true,"href":"https:\/\/bogensportdiscount.ch\/it\/wp-json\/wp\/v2\/media\/451440"}],"wp:attachment":[{"href":"https:\/\/bogensportdiscount.ch\/it\/wp-json\/wp\/v2\/media?parent=409501"}],"wp:term":[{"taxonomy":"product_brand","embeddable":true,"href":"https:\/\/bogensportdiscount.ch\/it\/wp-json\/wp\/v2\/product_brand?post=409501"},{"taxonomy":"product_cat","embeddable":true,"href":"https:\/\/bogensportdiscount.ch\/it\/wp-json\/wp\/v2\/product_cat?post=409501"},{"taxonomy":"product_tag","embeddable":true,"href":"https:\/\/bogensportdiscount.ch\/it\/wp-json\/wp\/v2\/product_tag?post=409501"}],"curies":[{"name":"wp","href":"https:\/\/api.w.org\/{rel}","templated":true}]}}