{"id":409488,"date":"2026-04-05T15:00:07","date_gmt":"2026-04-05T13:00:07","guid":{"rendered":"https:\/\/bogensportdiscount.ch\/produkt\/trek-1-pin-019-black-lh\/"},"modified":"2026-04-22T11:55:10","modified_gmt":"2026-04-22T09:55:10","slug":"cbe-compound-visier-trek-1-pin-019-schwarz-linkshand","status":"publish","type":"product","link":"https:\/\/bogensportdiscount.ch\/it\/prodotto\/cbe-compound-visier-trek-1-pin-019-schwarz-linkshand\/","title":{"rendered":"CBE TREK \/ 1-PIN .019 \/ SCHWARZ LH"},"content":{"rendered":"<p>Das CBE Trek ist ein Compound-Visier aus dem Hause CBE (Custom Bow Equipment), das speziell f\u00fcr Bogensch\u00fctzen entwickelt wurde, die ein \u00fcbersichtliches 1-Pin-System bevorzugen. Die Ausf\u00fchrung mit .019 Zoll Klingendicke bietet eine pr\u00e4zise Zielerfassung und ist auf die Anforderungen der Jagd sowie des 3D-Bogensports abgestimmt.<\/p>\n<p>Das Visier ist in der Linkshand-Ausf\u00fchrung erh\u00e4ltlich und in Schwarz gehalten. Es ist zudem in weiteren Varianten verf\u00fcgbar, darunter Rechtshand sowie die Klingendicke .010 Zoll.<\/p>\n<ul>\n<li>1-Pin-System f\u00fcr klares, \u00fcbersichtliches Zielbild<\/li>\n<li>Klingendicke .019 Zoll<\/li>\n<li>Ausf\u00fchrung f\u00fcr Linkshandbogensch\u00fctzen<\/li>\n<li>Adatto per caccia e tiro con l'arco 3D<\/li>\n<\/ul>","protected":false},"excerpt":{"rendered":"<p><strong>Marchio:<\/strong> CBE<\/p>","protected":false},"featured_media":524445,"comment_status":"open","ping_status":"closed","template":"","meta":[],"product_brand":[523],"product_cat":[4263],"product_tag":[],"class_list":{"0":"post-409488","1":"product","2":"type-product","3":"status-publish","4":"has-post-thumbnail","6":"product_brand-cbe","7":"product_cat-jagd-und-3d-visiere","8":"product_shipping_class-bsd-standard","10":"first","11":"instock","12":"shipping-taxable","13":"purchasable","14":"product-type-variable"},"yoast_head":"<!-- This site is optimized with the Yoast SEO plugin v27.4 - https:\/\/yoast.com\/product\/yoast-seo-wordpress\/ -->\n<title>CBE TREK \/ 1-PIN .019 \/ NERO LH - Bogensportdiscount \u2013 Archi, frecce, bersagli e accessori<\/title>\n<meta name=\"description\" content=\"CBE TREK \/ 1-PIN .019 \/ NERO LH: acquista a un prezzo vantaggioso su Bogensportdiscount \u2013 Le migliori marche, spedizione veloce dalla Svizzera.\" \/>\n<meta name=\"robots\" content=\"index, follow, max-snippet:-1, max-image-preview:large, max-video-preview:-1\" \/>\n<link rel=\"canonical\" href=\"https:\/\/bogensportdiscount.ch\/it\/prodotto\/cbe-compound-visier-trek-1-pin-019-schwarz-linkshand\/\" \/>\n<meta property=\"og:locale\" content=\"it_IT\" \/>\n<meta property=\"og:type\" content=\"article\" \/>\n<meta property=\"og:title\" content=\"CBE TREK \/ 1-PIN .019 \/ NERO LH - Bogensportdiscount \u2013 Archi, frecce, bersagli e accessori\" \/>\n<meta property=\"og:description\" content=\"CBE TREK \/ 1-PIN .019 \/ NERO LH: acquista a un prezzo vantaggioso su Bogensportdiscount \u2013 Le migliori marche, spedizione veloce dalla Svizzera.\" \/>\n<meta property=\"og:url\" content=\"https:\/\/bogensportdiscount.ch\/it\/prodotto\/cbe-compound-visier-trek-1-pin-019-schwarz-linkshand\/\" \/>\n<meta property=\"og:site_name\" content=\"Bogensportdiscount \u2013 B\u00f6gen, Pfeile, Targets &amp; Zubeh\u00f6r\" \/>\n<meta property=\"article:modified_time\" content=\"2026-04-22T09:55:10+00:00\" \/>\n<meta property=\"og:image\" content=\"https:\/\/bogensportdiscount.ch\/wp-content\/uploads\/bsm-images\/A062029_1.png\" \/>\n\t<meta property=\"og:image:width\" content=\"606\" \/>\n\t<meta property=\"og:image:height\" content=\"258\" \/>\n\t<meta property=\"og:image:type\" content=\"image\/png\" \/>\n<meta name=\"twitter:card\" content=\"summary_large_image\" \/>\n<script type=\"application\/ld+json\" class=\"yoast-schema-graph\">{\"@context\":\"https:\\\/\\\/schema.org\",\"@graph\":[{\"@type\":\"WebPage\",\"@id\":\"https:\\\/\\\/bogensportdiscount.ch\\\/produkt\\\/cbe-compound-visier-trek-1-pin-019-schwarz-linkshand\\\/\",\"url\":\"https:\\\/\\\/bogensportdiscount.ch\\\/produkt\\\/cbe-compound-visier-trek-1-pin-019-schwarz-linkshand\\\/\",\"name\":\"CBE TREK \\\/ 1-PIN .019 \\\/ SCHWARZ LH - Bogensportdiscount \u2013 B\u00f6gen, Pfeile, Targets &amp; Zubeh\u00f6r\",\"isPartOf\":{\"@id\":\"https:\\\/\\\/bogensportdiscount.ch\\\/#website\"},\"primaryImageOfPage\":{\"@id\":\"https:\\\/\\\/bogensportdiscount.ch\\\/produkt\\\/cbe-compound-visier-trek-1-pin-019-schwarz-linkshand\\\/#primaryimage\"},\"image\":{\"@id\":\"https:\\\/\\\/bogensportdiscount.ch\\\/produkt\\\/cbe-compound-visier-trek-1-pin-019-schwarz-linkshand\\\/#primaryimage\"},\"thumbnailUrl\":\"https:\\\/\\\/bogensportdiscount.ch\\\/wp-content\\\/uploads\\\/bsm-images\\\/A062029_1.png\",\"datePublished\":\"2026-04-05T13:00:07+00:00\",\"dateModified\":\"2026-04-22T09:55:10+00:00\",\"description\":\"CBE TREK \\\/ 1-PIN .019 \\\/ SCHWARZ LH g\u00fcnstig kaufen bei Bogensportdiscount \u2013 Top-Marken, schneller Versand aus der Schweiz.\",\"breadcrumb\":{\"@id\":\"https:\\\/\\\/bogensportdiscount.ch\\\/produkt\\\/cbe-compound-visier-trek-1-pin-019-schwarz-linkshand\\\/#breadcrumb\"},\"inLanguage\":\"it-IT\",\"potentialAction\":[{\"@type\":\"ReadAction\",\"target\":[\"https:\\\/\\\/bogensportdiscount.ch\\\/produkt\\\/cbe-compound-visier-trek-1-pin-019-schwarz-linkshand\\\/\"]}]},{\"@type\":\"ImageObject\",\"inLanguage\":\"it-IT\",\"@id\":\"https:\\\/\\\/bogensportdiscount.ch\\\/produkt\\\/cbe-compound-visier-trek-1-pin-019-schwarz-linkshand\\\/#primaryimage\",\"url\":\"https:\\\/\\\/bogensportdiscount.ch\\\/wp-content\\\/uploads\\\/bsm-images\\\/A062029_1.png\",\"contentUrl\":\"https:\\\/\\\/bogensportdiscount.ch\\\/wp-content\\\/uploads\\\/bsm-images\\\/A062029_1.png\",\"width\":606,\"height\":258},{\"@type\":\"BreadcrumbList\",\"@id\":\"https:\\\/\\\/bogensportdiscount.ch\\\/produkt\\\/cbe-compound-visier-trek-1-pin-019-schwarz-linkshand\\\/#breadcrumb\",\"itemListElement\":[{\"@type\":\"ListItem\",\"position\":1,\"name\":\"Home\",\"item\":\"https:\\\/\\\/bogensportdiscount.ch\\\/\"},{\"@type\":\"ListItem\",\"position\":2,\"name\":\"Shop\",\"item\":\"https:\\\/\\\/bogensportdiscount.ch\\\/shop\\\/\"},{\"@type\":\"ListItem\",\"position\":3,\"name\":\"CBE TREK \\\/ 1-PIN .019 \\\/ SCHWARZ LH\"}]},{\"@type\":\"WebSite\",\"@id\":\"https:\\\/\\\/bogensportdiscount.ch\\\/#website\",\"url\":\"https:\\\/\\\/bogensportdiscount.ch\\\/\",\"name\":\"Bogensportdiscount\",\"description\":\"\",\"potentialAction\":[{\"@type\":\"SearchAction\",\"target\":{\"@type\":\"EntryPoint\",\"urlTemplate\":\"https:\\\/\\\/bogensportdiscount.ch\\\/?s={search_term_string}\"},\"query-input\":{\"@type\":\"PropertyValueSpecification\",\"valueRequired\":true,\"valueName\":\"search_term_string\"}}],\"inLanguage\":\"it-IT\"}]}<\/script>\n<!-- \/ Yoast SEO plugin. -->","yoast_head_json":{"title":"CBE TREK \/ 1-PIN .019 \/ NERO LH - Bogensportdiscount \u2013 Archi, frecce, bersagli e accessori","description":"CBE TREK \/ 1-PIN .019 \/ NERO LH: acquista a un prezzo vantaggioso su Bogensportdiscount \u2013 Le migliori marche, spedizione veloce dalla Svizzera.","robots":{"index":"index","follow":"follow","max-snippet":"max-snippet:-1","max-image-preview":"max-image-preview:large","max-video-preview":"max-video-preview:-1"},"canonical":"https:\/\/bogensportdiscount.ch\/it\/prodotto\/cbe-compound-visier-trek-1-pin-019-schwarz-linkshand\/","og_locale":"it_IT","og_type":"article","og_title":"CBE TREK \/ 1-PIN .019 \/ NERO LH - Bogensportdiscount \u2013 Archi, frecce, bersagli e accessori","og_description":"CBE TREK \/ 1-PIN .019 \/ NERO LH: acquista a un prezzo vantaggioso su Bogensportdiscount \u2013 Le migliori marche, spedizione veloce dalla Svizzera.","og_url":"https:\/\/bogensportdiscount.ch\/it\/prodotto\/cbe-compound-visier-trek-1-pin-019-schwarz-linkshand\/","og_site_name":"Bogensportdiscount \u2013 B\u00f6gen, Pfeile, Targets &amp; Zubeh\u00f6r","article_modified_time":"2026-04-22T09:55:10+00:00","og_image":[{"width":606,"height":258,"url":"https:\/\/bogensportdiscount.ch\/wp-content\/uploads\/bsm-images\/A062029_1.png","type":"image\/png"}],"twitter_card":"summary_large_image","schema":{"@context":"https:\/\/schema.org","@graph":[{"@type":"WebPage","@id":"https:\/\/bogensportdiscount.ch\/produkt\/cbe-compound-visier-trek-1-pin-019-schwarz-linkshand\/","url":"https:\/\/bogensportdiscount.ch\/produkt\/cbe-compound-visier-trek-1-pin-019-schwarz-linkshand\/","name":"CBE TREK \/ 1-PIN .019 \/ NERO LH - Bogensportdiscount \u2013 Archi, frecce, bersagli e accessori","isPartOf":{"@id":"https:\/\/bogensportdiscount.ch\/#website"},"primaryImageOfPage":{"@id":"https:\/\/bogensportdiscount.ch\/produkt\/cbe-compound-visier-trek-1-pin-019-schwarz-linkshand\/#primaryimage"},"image":{"@id":"https:\/\/bogensportdiscount.ch\/produkt\/cbe-compound-visier-trek-1-pin-019-schwarz-linkshand\/#primaryimage"},"thumbnailUrl":"https:\/\/bogensportdiscount.ch\/wp-content\/uploads\/bsm-images\/A062029_1.png","datePublished":"2026-04-05T13:00:07+00:00","dateModified":"2026-04-22T09:55:10+00:00","description":"CBE TREK \/ 1-PIN .019 \/ NERO LH: acquista a un prezzo vantaggioso su Bogensportdiscount \u2013 Le migliori marche, spedizione veloce dalla Svizzera.","breadcrumb":{"@id":"https:\/\/bogensportdiscount.ch\/produkt\/cbe-compound-visier-trek-1-pin-019-schwarz-linkshand\/#breadcrumb"},"inLanguage":"it-IT","potentialAction":[{"@type":"ReadAction","target":["https:\/\/bogensportdiscount.ch\/produkt\/cbe-compound-visier-trek-1-pin-019-schwarz-linkshand\/"]}]},{"@type":"ImageObject","inLanguage":"it-IT","@id":"https:\/\/bogensportdiscount.ch\/produkt\/cbe-compound-visier-trek-1-pin-019-schwarz-linkshand\/#primaryimage","url":"https:\/\/bogensportdiscount.ch\/wp-content\/uploads\/bsm-images\/A062029_1.png","contentUrl":"https:\/\/bogensportdiscount.ch\/wp-content\/uploads\/bsm-images\/A062029_1.png","width":606,"height":258},{"@type":"BreadcrumbList","@id":"https:\/\/bogensportdiscount.ch\/produkt\/cbe-compound-visier-trek-1-pin-019-schwarz-linkshand\/#breadcrumb","itemListElement":[{"@type":"ListItem","position":1,"name":"Home","item":"https:\/\/bogensportdiscount.ch\/"},{"@type":"ListItem","position":2,"name":"Shop","item":"https:\/\/bogensportdiscount.ch\/shop\/"},{"@type":"ListItem","position":3,"name":"CBE TREK \/ 1-PIN .019 \/ SCHWARZ LH"}]},{"@type":"WebSite","@id":"https:\/\/bogensportdiscount.ch\/#website","url":"https:\/\/bogensportdiscount.ch\/","name":"Bogensportdiscount","description":"","potentialAction":[{"@type":"SearchAction","target":{"@type":"EntryPoint","urlTemplate":"https:\/\/bogensportdiscount.ch\/?s={search_term_string}"},"query-input":{"@type":"PropertyValueSpecification","valueRequired":true,"valueName":"search_term_string"}}],"inLanguage":"it-IT"}]}},"_links":{"self":[{"href":"https:\/\/bogensportdiscount.ch\/it\/wp-json\/wp\/v2\/product\/409488","targetHints":{"allow":["GET"]}}],"collection":[{"href":"https:\/\/bogensportdiscount.ch\/it\/wp-json\/wp\/v2\/product"}],"about":[{"href":"https:\/\/bogensportdiscount.ch\/it\/wp-json\/wp\/v2\/types\/product"}],"replies":[{"embeddable":true,"href":"https:\/\/bogensportdiscount.ch\/it\/wp-json\/wp\/v2\/comments?post=409488"}],"wp:featuredmedia":[{"embeddable":true,"href":"https:\/\/bogensportdiscount.ch\/it\/wp-json\/wp\/v2\/media\/524445"}],"wp:attachment":[{"href":"https:\/\/bogensportdiscount.ch\/it\/wp-json\/wp\/v2\/media?parent=409488"}],"wp:term":[{"taxonomy":"product_brand","embeddable":true,"href":"https:\/\/bogensportdiscount.ch\/it\/wp-json\/wp\/v2\/product_brand?post=409488"},{"taxonomy":"product_cat","embeddable":true,"href":"https:\/\/bogensportdiscount.ch\/it\/wp-json\/wp\/v2\/product_cat?post=409488"},{"taxonomy":"product_tag","embeddable":true,"href":"https:\/\/bogensportdiscount.ch\/it\/wp-json\/wp\/v2\/product_tag?post=409488"}],"curies":[{"name":"wp","href":"https:\/\/api.w.org\/{rel}","templated":true}]}}