{"id":409323,"date":"2026-04-05T14:59:48","date_gmt":"2026-04-05T12:59:48","guid":{"rendered":"https:\/\/bogensportdiscount.ch\/produkt\/glue-in-points-bullet-id6-2mm-244-300-400-weight-130gr-12pk\/"},"modified":"2026-04-20T13:34:52","modified_gmt":"2026-04-20T11:34:52","slug":"tippingpointarchery-einklebespitzen-bullet-id-6-2mm-244","status":"publish","type":"product","link":"https:\/\/bogensportdiscount.ch\/it\/prodotto\/tippingpointarchery-einklebespitzen-bullet-id-6-2mm-244\/","title":{"rendered":"TIPPING POINT ARCHERY BULLET ID6.2\/.244&#8243; EINKLEBESPITZE"},"content":{"rendered":"<p>Die TIPPINGPOINTARCHERY Einklebespitzen im Bullet-Profil sind f\u00fcr Pfeilsch\u00e4fte mit einem Innendurchmesser von 6.2 mm (.244&#8243;) ausgelegt. Sie werden fest in den Schaft eingeklebt und bieten eine zuverl\u00e4ssige, formstabile Verbindung zwischen Spitze und Schaft.<\/p>\n<p>Die Spitzen sind in drei Gewichtsvarianten erh\u00e4ltlich \u2013 90, 110 und 130 Grain \u2013 und decken damit unterschiedliche Anforderungen in Bezug auf Vorschaftgewicht und FOC-Balance ab. Die Kompatibilit\u00e4t mit Spine-Werten von 300 und 500 erm\u00f6glicht den Einsatz an einer breiten Auswahl von Pfeilsch\u00e4ften.<\/p>\n<ul>\n<li>Bullet-Profil f\u00fcr sauberen Einschuss<\/li>\n<li>Innendurchmesser 6.2 mm \/ .244&#8243;<\/li>\n<li>Erh\u00e4ltlich in 90, 110 und 130 Grain<\/li>\n<li>Passend f\u00fcr Spine 300 und 500<\/li>\n<\/ul>","protected":false},"excerpt":{"rendered":"<table>\n<tr>\n<th>Propriet\u00e0<\/th>\n<th>Valore<\/th>\n<\/tr>\n<tr>\n<td>Tipo<\/td>\n<td>Einklebespitzen Bullet<\/td>\n<\/tr>\n<tr>\n<td>Diametro interno<\/td>\n<td>6.2mm \/ .244&#8243;<\/td>\n<\/tr>\n<tr>\n<td>Peso<\/td>\n<td>90 GR, 110 GR, 130 GR<\/td>\n<\/tr>\n<tr>\n<td>Spina<\/td>\n<td>300, 500<\/td>\n<\/tr>\n<tr>\n<td>Paese di origine<\/td>\n<td>Italia<\/td>\n<\/tr>\n<\/table>","protected":false},"featured_media":521331,"comment_status":"open","ping_status":"closed","template":"","meta":[],"product_brand":[846],"product_cat":[4543],"product_tag":[],"class_list":{"0":"post-409323","1":"product","2":"type-product","3":"status-publish","4":"has-post-thumbnail","6":"product_brand-tippingpointarchery","7":"product_cat-einklebe-spitzen-pfeil-komponenten","9":"first","10":"instock","11":"shipping-taxable","12":"purchasable","13":"product-type-variable"},"yoast_head":"<!-- This site is optimized with the Yoast SEO plugin v27.4 - https:\/\/yoast.com\/product\/yoast-seo-wordpress\/ -->\n<title>TIPPING POINT ARCHERY BULLET ID6.2\/.244&quot; EINKLEBESPITZE - Bogensportdiscount \u2013 B\u00f6gen, Pfeile, Targets &amp; Zubeh\u00f6r<\/title>\n<meta name=\"robots\" content=\"noindex, follow, max-snippet:-1, max-image-preview:large, max-video-preview:-1\" \/>\n<meta property=\"og:locale\" content=\"it_IT\" \/>\n<meta property=\"og:type\" content=\"article\" \/>\n<meta property=\"og:title\" content=\"TIPPING POINT ARCHERY BULLET ID6.2\/.244&quot; EINKLEBESPITZE - Bogensportdiscount \u2013 B\u00f6gen, Pfeile, Targets &amp; Zubeh\u00f6r\" \/>\n<meta property=\"og:description\" content=\"EigenschaftWertTypEinklebespitzen BulletInnendurchmesser6.2mm \/ .244&quot;Gewicht90 GR, 110 GR, 130 GRSpine300, 500HerkunftslandItalien\" \/>\n<meta property=\"og:url\" content=\"https:\/\/bogensportdiscount.ch\/it\/prodotto\/tippingpointarchery-einklebespitzen-bullet-id-6-2mm-244\/\" \/>\n<meta property=\"og:site_name\" content=\"Bogensportdiscount \u2013 B\u00f6gen, Pfeile, Targets &amp; Zubeh\u00f6r\" \/>\n<meta property=\"article:modified_time\" content=\"2026-04-20T11:34:52+00:00\" \/>\n<meta property=\"og:image\" content=\"https:\/\/bogensportdiscount.ch\/wp-content\/uploads\/bsm-images\/A061782_1.jpg\" \/>\n\t<meta property=\"og:image:width\" content=\"1500\" \/>\n\t<meta property=\"og:image:height\" content=\"1500\" \/>\n\t<meta property=\"og:image:type\" content=\"image\/jpeg\" \/>\n<meta name=\"twitter:card\" content=\"summary_large_image\" \/>\n<script type=\"application\/ld+json\" class=\"yoast-schema-graph\">{\"@context\":\"https:\\\/\\\/schema.org\",\"@graph\":[{\"@type\":\"WebPage\",\"@id\":\"https:\\\/\\\/bogensportdiscount.ch\\\/it\\\/prodotto\\\/tippingpointarchery-einklebespitzen-bullet-id-6-2mm-244\\\/\",\"url\":\"https:\\\/\\\/bogensportdiscount.ch\\\/it\\\/prodotto\\\/tippingpointarchery-einklebespitzen-bullet-id-6-2mm-244\\\/\",\"name\":\"TIPPING POINT ARCHERY BULLET ID6.2\\\/.244\\\" EINKLEBESPITZE - Bogensportdiscount \u2013 B\u00f6gen, Pfeile, Targets &amp; Zubeh\u00f6r\",\"isPartOf\":{\"@id\":\"https:\\\/\\\/bogensportdiscount.ch\\\/#website\"},\"primaryImageOfPage\":{\"@id\":\"https:\\\/\\\/bogensportdiscount.ch\\\/it\\\/prodotto\\\/tippingpointarchery-einklebespitzen-bullet-id-6-2mm-244\\\/#primaryimage\"},\"image\":{\"@id\":\"https:\\\/\\\/bogensportdiscount.ch\\\/it\\\/prodotto\\\/tippingpointarchery-einklebespitzen-bullet-id-6-2mm-244\\\/#primaryimage\"},\"thumbnailUrl\":\"https:\\\/\\\/bogensportdiscount.ch\\\/wp-content\\\/uploads\\\/bsm-images\\\/A061782_1.jpg\",\"datePublished\":\"2026-04-05T12:59:48+00:00\",\"dateModified\":\"2026-04-20T11:34:52+00:00\",\"breadcrumb\":{\"@id\":\"https:\\\/\\\/bogensportdiscount.ch\\\/it\\\/prodotto\\\/tippingpointarchery-einklebespitzen-bullet-id-6-2mm-244\\\/#breadcrumb\"},\"inLanguage\":\"it-IT\",\"potentialAction\":[{\"@type\":\"ReadAction\",\"target\":[\"https:\\\/\\\/bogensportdiscount.ch\\\/it\\\/prodotto\\\/tippingpointarchery-einklebespitzen-bullet-id-6-2mm-244\\\/\"]}]},{\"@type\":\"ImageObject\",\"inLanguage\":\"it-IT\",\"@id\":\"https:\\\/\\\/bogensportdiscount.ch\\\/it\\\/prodotto\\\/tippingpointarchery-einklebespitzen-bullet-id-6-2mm-244\\\/#primaryimage\",\"url\":\"https:\\\/\\\/bogensportdiscount.ch\\\/wp-content\\\/uploads\\\/bsm-images\\\/A061782_1.jpg\",\"contentUrl\":\"https:\\\/\\\/bogensportdiscount.ch\\\/wp-content\\\/uploads\\\/bsm-images\\\/A061782_1.jpg\",\"width\":1500,\"height\":1500},{\"@type\":\"BreadcrumbList\",\"@id\":\"https:\\\/\\\/bogensportdiscount.ch\\\/it\\\/prodotto\\\/tippingpointarchery-einklebespitzen-bullet-id-6-2mm-244\\\/#breadcrumb\",\"itemListElement\":[{\"@type\":\"ListItem\",\"position\":1,\"name\":\"Home\",\"item\":\"https:\\\/\\\/bogensportdiscount.ch\\\/\"},{\"@type\":\"ListItem\",\"position\":2,\"name\":\"Shop\",\"item\":\"https:\\\/\\\/bogensportdiscount.ch\\\/shop\\\/\"},{\"@type\":\"ListItem\",\"position\":3,\"name\":\"TIPPING POINT ARCHERY BULLET ID6.2\\\/.244&#8243; EINKLEBESPITZE\"}]},{\"@type\":\"WebSite\",\"@id\":\"https:\\\/\\\/bogensportdiscount.ch\\\/#website\",\"url\":\"https:\\\/\\\/bogensportdiscount.ch\\\/\",\"name\":\"Bogensportdiscount\",\"description\":\"\",\"potentialAction\":[{\"@type\":\"SearchAction\",\"target\":{\"@type\":\"EntryPoint\",\"urlTemplate\":\"https:\\\/\\\/bogensportdiscount.ch\\\/?s={search_term_string}\"},\"query-input\":{\"@type\":\"PropertyValueSpecification\",\"valueRequired\":true,\"valueName\":\"search_term_string\"}}],\"inLanguage\":\"it-IT\"}]}<\/script>\n<!-- \/ Yoast SEO plugin. -->","yoast_head_json":{"title":"TIPPING POINT ARCHERY BULLET ID6.2\/.244\" EINKLEBESPITZE - Bogensportdiscount \u2013 B\u00f6gen, Pfeile, Targets &amp; Zubeh\u00f6r","robots":{"index":"noindex","follow":"follow","max-snippet":"max-snippet:-1","max-image-preview":"max-image-preview:large","max-video-preview":"max-video-preview:-1"},"og_locale":"it_IT","og_type":"article","og_title":"TIPPING POINT ARCHERY BULLET ID6.2\/.244\" EINKLEBESPITZE - Bogensportdiscount \u2013 B\u00f6gen, Pfeile, Targets &amp; Zubeh\u00f6r","og_description":"EigenschaftWertTypEinklebespitzen BulletInnendurchmesser6.2mm \/ .244\"Gewicht90 GR, 110 GR, 130 GRSpine300, 500HerkunftslandItalien","og_url":"https:\/\/bogensportdiscount.ch\/it\/prodotto\/tippingpointarchery-einklebespitzen-bullet-id-6-2mm-244\/","og_site_name":"Bogensportdiscount \u2013 B\u00f6gen, Pfeile, Targets &amp; Zubeh\u00f6r","article_modified_time":"2026-04-20T11:34:52+00:00","og_image":[{"width":1500,"height":1500,"url":"https:\/\/bogensportdiscount.ch\/wp-content\/uploads\/bsm-images\/A061782_1.jpg","type":"image\/jpeg"}],"twitter_card":"summary_large_image","schema":{"@context":"https:\/\/schema.org","@graph":[{"@type":"WebPage","@id":"https:\/\/bogensportdiscount.ch\/it\/prodotto\/tippingpointarchery-einklebespitzen-bullet-id-6-2mm-244\/","url":"https:\/\/bogensportdiscount.ch\/it\/prodotto\/tippingpointarchery-einklebespitzen-bullet-id-6-2mm-244\/","name":"TIPPING POINT ARCHERY BULLET ID6.2\/.244\" EINKLEBESPITZE - Bogensportdiscount \u2013 B\u00f6gen, Pfeile, Targets &amp; Zubeh\u00f6r","isPartOf":{"@id":"https:\/\/bogensportdiscount.ch\/#website"},"primaryImageOfPage":{"@id":"https:\/\/bogensportdiscount.ch\/it\/prodotto\/tippingpointarchery-einklebespitzen-bullet-id-6-2mm-244\/#primaryimage"},"image":{"@id":"https:\/\/bogensportdiscount.ch\/it\/prodotto\/tippingpointarchery-einklebespitzen-bullet-id-6-2mm-244\/#primaryimage"},"thumbnailUrl":"https:\/\/bogensportdiscount.ch\/wp-content\/uploads\/bsm-images\/A061782_1.jpg","datePublished":"2026-04-05T12:59:48+00:00","dateModified":"2026-04-20T11:34:52+00:00","breadcrumb":{"@id":"https:\/\/bogensportdiscount.ch\/it\/prodotto\/tippingpointarchery-einklebespitzen-bullet-id-6-2mm-244\/#breadcrumb"},"inLanguage":"it-IT","potentialAction":[{"@type":"ReadAction","target":["https:\/\/bogensportdiscount.ch\/it\/prodotto\/tippingpointarchery-einklebespitzen-bullet-id-6-2mm-244\/"]}]},{"@type":"ImageObject","inLanguage":"it-IT","@id":"https:\/\/bogensportdiscount.ch\/it\/prodotto\/tippingpointarchery-einklebespitzen-bullet-id-6-2mm-244\/#primaryimage","url":"https:\/\/bogensportdiscount.ch\/wp-content\/uploads\/bsm-images\/A061782_1.jpg","contentUrl":"https:\/\/bogensportdiscount.ch\/wp-content\/uploads\/bsm-images\/A061782_1.jpg","width":1500,"height":1500},{"@type":"BreadcrumbList","@id":"https:\/\/bogensportdiscount.ch\/it\/prodotto\/tippingpointarchery-einklebespitzen-bullet-id-6-2mm-244\/#breadcrumb","itemListElement":[{"@type":"ListItem","position":1,"name":"Home","item":"https:\/\/bogensportdiscount.ch\/"},{"@type":"ListItem","position":2,"name":"Shop","item":"https:\/\/bogensportdiscount.ch\/shop\/"},{"@type":"ListItem","position":3,"name":"TIPPING POINT ARCHERY BULLET ID6.2\/.244&#8243; EINKLEBESPITZE"}]},{"@type":"WebSite","@id":"https:\/\/bogensportdiscount.ch\/#website","url":"https:\/\/bogensportdiscount.ch\/","name":"Bogensportdiscount","description":"","potentialAction":[{"@type":"SearchAction","target":{"@type":"EntryPoint","urlTemplate":"https:\/\/bogensportdiscount.ch\/?s={search_term_string}"},"query-input":{"@type":"PropertyValueSpecification","valueRequired":true,"valueName":"search_term_string"}}],"inLanguage":"it-IT"}]}},"_links":{"self":[{"href":"https:\/\/bogensportdiscount.ch\/it\/wp-json\/wp\/v2\/product\/409323","targetHints":{"allow":["GET"]}}],"collection":[{"href":"https:\/\/bogensportdiscount.ch\/it\/wp-json\/wp\/v2\/product"}],"about":[{"href":"https:\/\/bogensportdiscount.ch\/it\/wp-json\/wp\/v2\/types\/product"}],"replies":[{"embeddable":true,"href":"https:\/\/bogensportdiscount.ch\/it\/wp-json\/wp\/v2\/comments?post=409323"}],"wp:featuredmedia":[{"embeddable":true,"href":"https:\/\/bogensportdiscount.ch\/it\/wp-json\/wp\/v2\/media\/521331"}],"wp:attachment":[{"href":"https:\/\/bogensportdiscount.ch\/it\/wp-json\/wp\/v2\/media?parent=409323"}],"wp:term":[{"taxonomy":"product_brand","embeddable":true,"href":"https:\/\/bogensportdiscount.ch\/it\/wp-json\/wp\/v2\/product_brand?post=409323"},{"taxonomy":"product_cat","embeddable":true,"href":"https:\/\/bogensportdiscount.ch\/it\/wp-json\/wp\/v2\/product_cat?post=409323"},{"taxonomy":"product_tag","embeddable":true,"href":"https:\/\/bogensportdiscount.ch\/it\/wp-json\/wp\/v2\/product_tag?post=409323"}],"curies":[{"name":"wp","href":"https:\/\/api.w.org\/{rel}","templated":true}]}}