{"id":409295,"date":"2026-04-05T14:59:46","date_gmt":"2026-04-05T12:59:46","guid":{"rendered":"https:\/\/bogensportdiscount.ch\/produkt\/spin-vanes-round-xr-3-inch-rh-white-package-of-40-pcs\/"},"modified":"2026-04-17T12:17:02","modified_gmt":"2026-04-17T10:17:02","slug":"spinwing-spin-vanes-round-xr-3-zoll-rh","status":"publish","type":"product","link":"https:\/\/bogensportdiscount.ch\/it\/prodotto\/spinwing-spin-vanes-round-xr-3-zoll-rh\/","title":{"rendered":"ALI DI ROTAZIONE XR"},"content":{"rendered":"<p>Die SPINWING Spin Vanes Round XR sind klassische Spin-Wing-Befiederungen in der bew\u00e4hrten 3-Zoll-L\u00e4nge. Durch ihre geschwungene Form erzeugen sie beim Abflug eine Rotation des Pfeils, was die Stabilit\u00e4t auf der Flugbahn verbessert und die Streuung reduziert.<\/p>\n<p>Die Variante RH (Right Hand) ist f\u00fcr Rechtsschiessen ausgelegt, das heisst die Befiederung ist so geformt, dass der Pfeil im Uhrzeigersinn rotiert. Spin-Wing-Befiederungen sind besonders im Recurve-Bereich und bei Olympia-Bogensporten verbreitet.<\/p>\n<ul>\n<li>3 Zoll L\u00e4nge, Round XR Form<\/li>\n<li>F\u00fcr Rechtsschiessen (RH)<\/li>\n<li>Verbesserte Pfeilstabilisierung durch Drallbefiederung<\/li>\n<li>Erh\u00e4ltlich in 9 Farben<\/li>\n<\/ul>","protected":false},"excerpt":{"rendered":"<p><strong>Marchio:<\/strong> Spin Wings<\/p>","protected":false},"featured_media":451415,"comment_status":"open","ping_status":"closed","template":"","meta":[],"product_brand":[845],"product_cat":[4257],"product_tag":[],"class_list":{"0":"post-409295","1":"product","2":"type-product","3":"status-publish","4":"has-post-thumbnail","6":"product_brand-spinwing","7":"product_cat-spin-vanes","9":"first","10":"instock","11":"shipping-taxable","12":"purchasable","13":"product-type-variable"},"_links":{"self":[{"href":"https:\/\/bogensportdiscount.ch\/it\/wp-json\/wp\/v2\/product\/409295","targetHints":{"allow":["GET"]}}],"collection":[{"href":"https:\/\/bogensportdiscount.ch\/it\/wp-json\/wp\/v2\/product"}],"about":[{"href":"https:\/\/bogensportdiscount.ch\/it\/wp-json\/wp\/v2\/types\/product"}],"replies":[{"embeddable":true,"href":"https:\/\/bogensportdiscount.ch\/it\/wp-json\/wp\/v2\/comments?post=409295"}],"wp:featuredmedia":[{"embeddable":true,"href":"https:\/\/bogensportdiscount.ch\/it\/wp-json\/wp\/v2\/media\/451415"}],"wp:attachment":[{"href":"https:\/\/bogensportdiscount.ch\/it\/wp-json\/wp\/v2\/media?parent=409295"}],"wp:term":[{"taxonomy":"product_brand","embeddable":true,"href":"https:\/\/bogensportdiscount.ch\/it\/wp-json\/wp\/v2\/product_brand?post=409295"},{"taxonomy":"product_cat","embeddable":true,"href":"https:\/\/bogensportdiscount.ch\/it\/wp-json\/wp\/v2\/product_cat?post=409295"},{"taxonomy":"product_tag","embeddable":true,"href":"https:\/\/bogensportdiscount.ch\/it\/wp-json\/wp\/v2\/product_tag?post=409295"}],"curies":[{"name":"wp","href":"https:\/\/api.w.org\/{rel}","templated":true}]}}