{"id":409259,"date":"2026-04-05T14:59:41","date_gmt":"2026-04-05T12:59:41","guid":{"rendered":"https:\/\/bogensportdiscount.ch\/produkt\/compound-sights-tetra-tournament-short-bar-4519-4-pin-019-w-rheos-rh\/"},"modified":"2026-04-16T15:00:31","modified_gmt":"2026-04-16T13:00:31","slug":"hha-compound-visier-tetra-tournament-short-bar","status":"publish","type":"product","link":"https:\/\/bogensportdiscount.ch\/it\/prodotto\/hha-compound-visier-tetra-tournament-short-bar\/","title":{"rendered":"MIRE COMPOSTE HHA TETRA TOURNAMENT SHORT BAR"},"content":{"rendered":"<p>Das HHA Tetra Tournament Short Bar ist ein Compound-Visier aus dem Turniersegment von HHA Sports. Es richtet sich an Bogensch\u00fctzen, die im 3D- oder Turnierbetrieb pr\u00e4zise Zieloptik mit kompaktem Aufbau suchen.<\/p>\n<p>Das Visier ist in zwei Fadenst\u00e4rken erh\u00e4ltlich \u2013 .010&#8243; f\u00fcr maximale Zielgenauigkeit bei guten Lichtverh\u00e4ltnissen sowie .019&#8243; f\u00fcr eine bessere Sichtbarkeit in dunkleren Umgebungen. Beide Varianten sind sowohl f\u00fcr Rechts- als auch f\u00fcr Linkshandbogen erh\u00e4ltlich.<\/p>\n<ul>\n<li>Erh\u00e4ltlich in Fadenst\u00e4rke .010&#8243; und .019&#8243;<\/li>\n<li>Geeignet f\u00fcr Rechts- und Linkshandbogen<\/li>\n<li>Ausgelegt f\u00fcr Turnier- und 3D-Bogensport<\/li>\n<li>Kompakte Short-Bar-Bauform<\/li>\n<\/ul>","protected":false},"excerpt":{"rendered":"<p><strong>Marchio:<\/strong> HHA<\/p>","protected":false},"featured_media":452919,"comment_status":"open","ping_status":"closed","template":"","meta":[],"product_brand":[528],"product_cat":[4263],"product_tag":[],"class_list":{"0":"post-409259","1":"product","2":"type-product","3":"status-publish","4":"has-post-thumbnail","6":"product_brand-hha","7":"product_cat-jagd-und-3d-visiere","9":"first","10":"instock","11":"shipping-taxable","12":"purchasable","13":"product-type-variable"},"_links":{"self":[{"href":"https:\/\/bogensportdiscount.ch\/it\/wp-json\/wp\/v2\/product\/409259","targetHints":{"allow":["GET"]}}],"collection":[{"href":"https:\/\/bogensportdiscount.ch\/it\/wp-json\/wp\/v2\/product"}],"about":[{"href":"https:\/\/bogensportdiscount.ch\/it\/wp-json\/wp\/v2\/types\/product"}],"replies":[{"embeddable":true,"href":"https:\/\/bogensportdiscount.ch\/it\/wp-json\/wp\/v2\/comments?post=409259"}],"wp:featuredmedia":[{"embeddable":true,"href":"https:\/\/bogensportdiscount.ch\/it\/wp-json\/wp\/v2\/media\/452919"}],"wp:attachment":[{"href":"https:\/\/bogensportdiscount.ch\/it\/wp-json\/wp\/v2\/media?parent=409259"}],"wp:term":[{"taxonomy":"product_brand","embeddable":true,"href":"https:\/\/bogensportdiscount.ch\/it\/wp-json\/wp\/v2\/product_brand?post=409259"},{"taxonomy":"product_cat","embeddable":true,"href":"https:\/\/bogensportdiscount.ch\/it\/wp-json\/wp\/v2\/product_cat?post=409259"},{"taxonomy":"product_tag","embeddable":true,"href":"https:\/\/bogensportdiscount.ch\/it\/wp-json\/wp\/v2\/product_tag?post=409259"}],"curies":[{"name":"wp","href":"https:\/\/api.w.org\/{rel}","templated":true}]}}