{"id":409151,"date":"2026-04-05T14:59:30","date_gmt":"2026-04-05T12:59:30","guid":{"rendered":"https:\/\/bogensportdiscount.ch\/produkt\/resistance-releases-onnex-heavy-metal-small\/"},"modified":"2026-04-17T13:47:37","modified_gmt":"2026-04-17T11:47:37","slug":"stan-resistance-release-onnex-heavy-metal","status":"publish","type":"product","link":"https:\/\/bogensportdiscount.ch\/it\/prodotto\/stan-resistance-release-onnex-heavy-metal\/","title":{"rendered":"RESISTENZA RILASCIA ONNEX HEAVY METAL"},"content":{"rendered":"<p>Der STAN Onnex Heavy Metal geh\u00f6rt zur Kategorie der Resistance-Releases und ist speziell f\u00fcr Compound-Bogensch\u00fctzen konzipiert, die einen kontrollierten, widerstandsgesteuerten Ausl\u00f6semechanismus bevorzugen. Resistance-Releases erm\u00f6glichen eine r\u00fcckenmuskelgest\u00fctzte Schussausl\u00f6sung, was zu einem gleichm\u00e4ssigeren und reproduzierbaren Abschuss beitr\u00e4gt.<\/p>\n<p>Das Modell ist in vier Gr\u00f6ssen (S, M, L, XL) erh\u00e4ltlich, sodass eine passende Handgr\u00f6sse f\u00fcr eine ergonomische und sichere Handhabung gew\u00e4hlt werden kann.<\/p>\n<ul>\n<li>Resistance-Release f\u00fcr Compound-Bogensport<\/li>\n<li>Modell: Onnex Heavy Metal<\/li>\n<li>Erh\u00e4ltlich in S, M, L und XL<\/li>\n<li>Geeignet f\u00fcr Training und Wettkampf<\/li>\n<\/ul>","protected":false},"excerpt":{"rendered":"<p><strong>Marchio:<\/strong> Stan<\/p>","protected":false},"featured_media":439227,"comment_status":"open","ping_status":"closed","template":"","meta":[],"product_brand":[844],"product_cat":[4431],"product_tag":[],"class_list":{"0":"post-409151","1":"product","2":"type-product","3":"status-publish","4":"has-post-thumbnail","6":"product_brand-stan","7":"product_cat-resistance-releases","9":"first","10":"instock","11":"shipping-taxable","12":"purchasable","13":"product-type-variable"},"_links":{"self":[{"href":"https:\/\/bogensportdiscount.ch\/it\/wp-json\/wp\/v2\/product\/409151","targetHints":{"allow":["GET"]}}],"collection":[{"href":"https:\/\/bogensportdiscount.ch\/it\/wp-json\/wp\/v2\/product"}],"about":[{"href":"https:\/\/bogensportdiscount.ch\/it\/wp-json\/wp\/v2\/types\/product"}],"replies":[{"embeddable":true,"href":"https:\/\/bogensportdiscount.ch\/it\/wp-json\/wp\/v2\/comments?post=409151"}],"wp:featuredmedia":[{"embeddable":true,"href":"https:\/\/bogensportdiscount.ch\/it\/wp-json\/wp\/v2\/media\/439227"}],"wp:attachment":[{"href":"https:\/\/bogensportdiscount.ch\/it\/wp-json\/wp\/v2\/media?parent=409151"}],"wp:term":[{"taxonomy":"product_brand","embeddable":true,"href":"https:\/\/bogensportdiscount.ch\/it\/wp-json\/wp\/v2\/product_brand?post=409151"},{"taxonomy":"product_cat","embeddable":true,"href":"https:\/\/bogensportdiscount.ch\/it\/wp-json\/wp\/v2\/product_cat?post=409151"},{"taxonomy":"product_tag","embeddable":true,"href":"https:\/\/bogensportdiscount.ch\/it\/wp-json\/wp\/v2\/product_tag?post=409151"}],"curies":[{"name":"wp","href":"https:\/\/api.w.org\/{rel}","templated":true}]}}