{"id":409146,"date":"2026-04-05T14:59:29","date_gmt":"2026-04-05T12:59:29","guid":{"rendered":"https:\/\/bogensportdiscount.ch\/produkt\/resistance-releases-onnex-echo-grey-small\/"},"modified":"2026-04-17T13:47:37","modified_gmt":"2026-04-17T11:47:37","slug":"stan-release-onnex-echo-grey","status":"publish","type":"product","link":"https:\/\/bogensportdiscount.ch\/it\/prodotto\/stan-release-onnex-echo-grey\/","title":{"rendered":"RESISTENZA RILASCIA ONNEX ECHO"},"content":{"rendered":"<p>Der STAN Onnex Echo ist ein Resistance-Release aus dem Sortiment von STAN, einem auf hochwertige Releases spezialisierten Hersteller. Resistance-Releases zeichnen sich durch ihren Ausl\u00f6semechanismus aus, bei dem der Sch\u00fctze durch Zug gegen einen definierten Widerstand ausl\u00f6st \u2013 eine Technik, die eine ruhige und wiederholbare Ausl\u00f6sung unterst\u00fctzt.<\/p>\n<p>Das Modell Onnex Echo ist in der Farbe Grey erh\u00e4ltlich und wird in vier Gr\u00f6ssen angeboten, sodass es f\u00fcr eine breite Auswahl an Handgr\u00f6ssen geeignet ist.<\/p>\n<ul>\n<li>Resistance-Ausl\u00f6semechanismus f\u00fcr ruhige, wiederholbare Schussabgabe<\/li>\n<li>Erh\u00e4ltlich in den Gr\u00f6ssen S, M, L und XL<\/li>\n<li>Farbe: Grey<\/li>\n<li>Von STAN, spezialisierter Hersteller f\u00fcr Bogensport-Releases<\/li>\n<\/ul>","protected":false},"excerpt":{"rendered":"<p><strong>Marchio:<\/strong> Stan<\/p>","protected":false},"featured_media":439248,"comment_status":"open","ping_status":"closed","template":"","meta":[],"product_brand":[844],"product_cat":[4431],"product_tag":[],"class_list":{"0":"post-409146","1":"product","2":"type-product","3":"status-publish","4":"has-post-thumbnail","6":"product_brand-stan","7":"product_cat-resistance-releases","9":"first","10":"instock","11":"shipping-taxable","12":"purchasable","13":"product-type-variable"},"_links":{"self":[{"href":"https:\/\/bogensportdiscount.ch\/it\/wp-json\/wp\/v2\/product\/409146","targetHints":{"allow":["GET"]}}],"collection":[{"href":"https:\/\/bogensportdiscount.ch\/it\/wp-json\/wp\/v2\/product"}],"about":[{"href":"https:\/\/bogensportdiscount.ch\/it\/wp-json\/wp\/v2\/types\/product"}],"replies":[{"embeddable":true,"href":"https:\/\/bogensportdiscount.ch\/it\/wp-json\/wp\/v2\/comments?post=409146"}],"wp:featuredmedia":[{"embeddable":true,"href":"https:\/\/bogensportdiscount.ch\/it\/wp-json\/wp\/v2\/media\/439248"}],"wp:attachment":[{"href":"https:\/\/bogensportdiscount.ch\/it\/wp-json\/wp\/v2\/media?parent=409146"}],"wp:term":[{"taxonomy":"product_brand","embeddable":true,"href":"https:\/\/bogensportdiscount.ch\/it\/wp-json\/wp\/v2\/product_brand?post=409146"},{"taxonomy":"product_cat","embeddable":true,"href":"https:\/\/bogensportdiscount.ch\/it\/wp-json\/wp\/v2\/product_cat?post=409146"},{"taxonomy":"product_tag","embeddable":true,"href":"https:\/\/bogensportdiscount.ch\/it\/wp-json\/wp\/v2\/product_tag?post=409146"}],"curies":[{"name":"wp","href":"https:\/\/api.w.org\/{rel}","templated":true}]}}