{"id":408959,"date":"2026-04-05T14:59:09","date_gmt":"2026-04-05T12:59:09","guid":{"rendered":"https:\/\/bogensportdiscount.ch\/produkt\/conventional-t-nock-classic-apricot-5-16-100-pk\/"},"modified":"2026-04-20T13:34:43","modified_gmt":"2026-04-20T11:34:43","slug":"bohning-standard-nocke-conventional-t-nock-classic","status":"publish","type":"product","link":"https:\/\/bogensportdiscount.ch\/it\/prodotto\/bohning-standard-nocke-conventional-t-nock-classic\/","title":{"rendered":"BOHNING KONVENTIONELLE T NOCKE CLASSIC 100\/PK"},"content":{"rendered":"<p>Die BOHNING Conventional T Nock Classic ist eine klassische T-Nocke f\u00fcr traditionelle und moderne Bogensportpfeile. Sie passt auf Sch\u00e4fte mit den g\u00e4ngigen Durchmessern 11\/32 und 5\/16 und bietet damit eine breite Kompatibilit\u00e4t f\u00fcr verschiedene Pfeilvarianten.<\/p>\n<p>Die Nocke wird in den USA gefertigt und ist in zwei Farben erh\u00e4ltlich: Lime und White. Die zwei verf\u00fcgbaren L\u00e4ngen (16&#8243; und 32&#8243;) erm\u00f6glichen eine flexible Anpassung an unterschiedliche Anforderungen.<\/p>\n<ul>\n<li>Klassisches T-Nocken-Design f\u00fcr zuverl\u00e4ssige Sehnenf\u00fchrung<\/li>\n<li>Durchmesser 11\/32 und 5\/16 f\u00fcr breite Schaftkompatibilit\u00e4t<\/li>\n<li>Erh\u00e4ltlich in Lime und White<\/li>\n<li>US-amerikanische Herstellung von BOHNING<\/li>\n<\/ul>","protected":false},"excerpt":{"rendered":"<p>Die BOHNING Conventional T Nock Classic ist eine Standard-Nocke f\u00fcr Pfeile mit konventionellem T-Nocken-Design. Erh\u00e4ltlich in den Durchmessern 11\/32 und 5\/16 sowie in den L\u00e4ngen 16&#8243; und 32&#8243;. Verf\u00fcgbar in den Farben Lime und White.<\/p>","protected":false},"featured_media":452908,"comment_status":"open","ping_status":"closed","template":"","meta":[],"product_brand":[444],"product_cat":[4221],"product_tag":[],"class_list":{"0":"post-408959","1":"product","2":"type-product","3":"status-publish","4":"has-post-thumbnail","6":"product_brand-bohning","7":"product_cat-aufsteck-nocken","9":"first","10":"instock","11":"shipping-taxable","12":"purchasable","13":"product-type-variable"},"yoast_head":"<!-- This site is optimized with the Yoast SEO plugin v27.4 - https:\/\/yoast.com\/product\/yoast-seo-wordpress\/ -->\n<title>BOHNING KONVENTIONELLE T NOCKE CLASSIC 100\/PK - Bogensportdiscount \u2013 B\u00f6gen, Pfeile, Targets &amp; Zubeh\u00f6r<\/title>\n<meta name=\"robots\" content=\"noindex, follow, max-snippet:-1, max-image-preview:large, max-video-preview:-1\" \/>\n<meta property=\"og:locale\" content=\"it_IT\" \/>\n<meta property=\"og:type\" content=\"article\" \/>\n<meta property=\"og:title\" content=\"BOHNING KONVENTIONELLE T NOCKE CLASSIC 100\/PK - Bogensportdiscount \u2013 B\u00f6gen, Pfeile, Targets &amp; Zubeh\u00f6r\" \/>\n<meta property=\"og:description\" content=\"Die BOHNING Conventional T Nock Classic ist eine Standard-Nocke f\u00fcr Pfeile mit konventionellem T-Nocken-Design. Erh\u00e4ltlich in den Durchmessern 11\/32 und 5\/16 sowie in den L\u00e4ngen 16&quot; und 32&quot;. Verf\u00fcgbar in den Farben Lime und White.\" \/>\n<meta property=\"og:url\" content=\"https:\/\/bogensportdiscount.ch\/it\/prodotto\/bohning-standard-nocke-conventional-t-nock-classic\/\" \/>\n<meta property=\"og:site_name\" content=\"Bogensportdiscount \u2013 B\u00f6gen, Pfeile, Targets &amp; Zubeh\u00f6r\" \/>\n<meta property=\"article:modified_time\" content=\"2026-04-20T11:34:43+00:00\" \/>\n<meta property=\"og:image\" content=\"https:\/\/bogensportdiscount.ch\/wp-content\/uploads\/bsm-images\/a060317_1.png\" \/>\n\t<meta property=\"og:image:width\" content=\"400\" \/>\n\t<meta property=\"og:image:height\" content=\"400\" \/>\n\t<meta property=\"og:image:type\" content=\"image\/png\" \/>\n<meta name=\"twitter:card\" content=\"summary_large_image\" \/>\n<script type=\"application\/ld+json\" class=\"yoast-schema-graph\">{\"@context\":\"https:\\\/\\\/schema.org\",\"@graph\":[{\"@type\":\"WebPage\",\"@id\":\"https:\\\/\\\/bogensportdiscount.ch\\\/it\\\/prodotto\\\/bohning-standard-nocke-conventional-t-nock-classic\\\/\",\"url\":\"https:\\\/\\\/bogensportdiscount.ch\\\/it\\\/prodotto\\\/bohning-standard-nocke-conventional-t-nock-classic\\\/\",\"name\":\"BOHNING KONVENTIONELLE T NOCKE CLASSIC 100\\\/PK - Bogensportdiscount \u2013 B\u00f6gen, Pfeile, Targets &amp; Zubeh\u00f6r\",\"isPartOf\":{\"@id\":\"https:\\\/\\\/bogensportdiscount.ch\\\/#website\"},\"primaryImageOfPage\":{\"@id\":\"https:\\\/\\\/bogensportdiscount.ch\\\/it\\\/prodotto\\\/bohning-standard-nocke-conventional-t-nock-classic\\\/#primaryimage\"},\"image\":{\"@id\":\"https:\\\/\\\/bogensportdiscount.ch\\\/it\\\/prodotto\\\/bohning-standard-nocke-conventional-t-nock-classic\\\/#primaryimage\"},\"thumbnailUrl\":\"https:\\\/\\\/bogensportdiscount.ch\\\/wp-content\\\/uploads\\\/bsm-images\\\/a060317_1.png\",\"datePublished\":\"2026-04-05T12:59:09+00:00\",\"dateModified\":\"2026-04-20T11:34:43+00:00\",\"breadcrumb\":{\"@id\":\"https:\\\/\\\/bogensportdiscount.ch\\\/it\\\/prodotto\\\/bohning-standard-nocke-conventional-t-nock-classic\\\/#breadcrumb\"},\"inLanguage\":\"it-IT\",\"potentialAction\":[{\"@type\":\"ReadAction\",\"target\":[\"https:\\\/\\\/bogensportdiscount.ch\\\/it\\\/prodotto\\\/bohning-standard-nocke-conventional-t-nock-classic\\\/\"]}]},{\"@type\":\"ImageObject\",\"inLanguage\":\"it-IT\",\"@id\":\"https:\\\/\\\/bogensportdiscount.ch\\\/it\\\/prodotto\\\/bohning-standard-nocke-conventional-t-nock-classic\\\/#primaryimage\",\"url\":\"https:\\\/\\\/bogensportdiscount.ch\\\/wp-content\\\/uploads\\\/bsm-images\\\/a060317_1.png\",\"contentUrl\":\"https:\\\/\\\/bogensportdiscount.ch\\\/wp-content\\\/uploads\\\/bsm-images\\\/a060317_1.png\",\"width\":400,\"height\":400},{\"@type\":\"BreadcrumbList\",\"@id\":\"https:\\\/\\\/bogensportdiscount.ch\\\/it\\\/prodotto\\\/bohning-standard-nocke-conventional-t-nock-classic\\\/#breadcrumb\",\"itemListElement\":[{\"@type\":\"ListItem\",\"position\":1,\"name\":\"Home\",\"item\":\"https:\\\/\\\/bogensportdiscount.ch\\\/\"},{\"@type\":\"ListItem\",\"position\":2,\"name\":\"Shop\",\"item\":\"https:\\\/\\\/bogensportdiscount.ch\\\/shop\\\/\"},{\"@type\":\"ListItem\",\"position\":3,\"name\":\"BOHNING KONVENTIONELLE T NOCKE CLASSIC 100\\\/PK\"}]},{\"@type\":\"WebSite\",\"@id\":\"https:\\\/\\\/bogensportdiscount.ch\\\/#website\",\"url\":\"https:\\\/\\\/bogensportdiscount.ch\\\/\",\"name\":\"Bogensportdiscount\",\"description\":\"\",\"potentialAction\":[{\"@type\":\"SearchAction\",\"target\":{\"@type\":\"EntryPoint\",\"urlTemplate\":\"https:\\\/\\\/bogensportdiscount.ch\\\/?s={search_term_string}\"},\"query-input\":{\"@type\":\"PropertyValueSpecification\",\"valueRequired\":true,\"valueName\":\"search_term_string\"}}],\"inLanguage\":\"it-IT\"}]}<\/script>\n<!-- \/ Yoast SEO plugin. -->","yoast_head_json":{"title":"BOHNING KONVENTIONELLE T NOCKE CLASSIC 100\/PK - Bogensportdiscount \u2013 B\u00f6gen, Pfeile, Targets &amp; Zubeh\u00f6r","robots":{"index":"noindex","follow":"follow","max-snippet":"max-snippet:-1","max-image-preview":"max-image-preview:large","max-video-preview":"max-video-preview:-1"},"og_locale":"it_IT","og_type":"article","og_title":"BOHNING KONVENTIONELLE T NOCKE CLASSIC 100\/PK - Bogensportdiscount \u2013 B\u00f6gen, Pfeile, Targets &amp; Zubeh\u00f6r","og_description":"Die BOHNING Conventional T Nock Classic ist eine Standard-Nocke f\u00fcr Pfeile mit konventionellem T-Nocken-Design. Erh\u00e4ltlich in den Durchmessern 11\/32 und 5\/16 sowie in den L\u00e4ngen 16\" und 32\". Verf\u00fcgbar in den Farben Lime und White.","og_url":"https:\/\/bogensportdiscount.ch\/it\/prodotto\/bohning-standard-nocke-conventional-t-nock-classic\/","og_site_name":"Bogensportdiscount \u2013 B\u00f6gen, Pfeile, Targets &amp; Zubeh\u00f6r","article_modified_time":"2026-04-20T11:34:43+00:00","og_image":[{"width":400,"height":400,"url":"https:\/\/bogensportdiscount.ch\/wp-content\/uploads\/bsm-images\/a060317_1.png","type":"image\/png"}],"twitter_card":"summary_large_image","schema":{"@context":"https:\/\/schema.org","@graph":[{"@type":"WebPage","@id":"https:\/\/bogensportdiscount.ch\/it\/prodotto\/bohning-standard-nocke-conventional-t-nock-classic\/","url":"https:\/\/bogensportdiscount.ch\/it\/prodotto\/bohning-standard-nocke-conventional-t-nock-classic\/","name":"BOHNING KONVENTIONELLE T NOCKE CLASSIC 100\/PK - Bogensportdiscount \u2013 B\u00f6gen, Pfeile, Targets &amp; Zubeh\u00f6r","isPartOf":{"@id":"https:\/\/bogensportdiscount.ch\/#website"},"primaryImageOfPage":{"@id":"https:\/\/bogensportdiscount.ch\/it\/prodotto\/bohning-standard-nocke-conventional-t-nock-classic\/#primaryimage"},"image":{"@id":"https:\/\/bogensportdiscount.ch\/it\/prodotto\/bohning-standard-nocke-conventional-t-nock-classic\/#primaryimage"},"thumbnailUrl":"https:\/\/bogensportdiscount.ch\/wp-content\/uploads\/bsm-images\/a060317_1.png","datePublished":"2026-04-05T12:59:09+00:00","dateModified":"2026-04-20T11:34:43+00:00","breadcrumb":{"@id":"https:\/\/bogensportdiscount.ch\/it\/prodotto\/bohning-standard-nocke-conventional-t-nock-classic\/#breadcrumb"},"inLanguage":"it-IT","potentialAction":[{"@type":"ReadAction","target":["https:\/\/bogensportdiscount.ch\/it\/prodotto\/bohning-standard-nocke-conventional-t-nock-classic\/"]}]},{"@type":"ImageObject","inLanguage":"it-IT","@id":"https:\/\/bogensportdiscount.ch\/it\/prodotto\/bohning-standard-nocke-conventional-t-nock-classic\/#primaryimage","url":"https:\/\/bogensportdiscount.ch\/wp-content\/uploads\/bsm-images\/a060317_1.png","contentUrl":"https:\/\/bogensportdiscount.ch\/wp-content\/uploads\/bsm-images\/a060317_1.png","width":400,"height":400},{"@type":"BreadcrumbList","@id":"https:\/\/bogensportdiscount.ch\/it\/prodotto\/bohning-standard-nocke-conventional-t-nock-classic\/#breadcrumb","itemListElement":[{"@type":"ListItem","position":1,"name":"Home","item":"https:\/\/bogensportdiscount.ch\/"},{"@type":"ListItem","position":2,"name":"Shop","item":"https:\/\/bogensportdiscount.ch\/shop\/"},{"@type":"ListItem","position":3,"name":"BOHNING KONVENTIONELLE T NOCKE CLASSIC 100\/PK"}]},{"@type":"WebSite","@id":"https:\/\/bogensportdiscount.ch\/#website","url":"https:\/\/bogensportdiscount.ch\/","name":"Bogensportdiscount","description":"","potentialAction":[{"@type":"SearchAction","target":{"@type":"EntryPoint","urlTemplate":"https:\/\/bogensportdiscount.ch\/?s={search_term_string}"},"query-input":{"@type":"PropertyValueSpecification","valueRequired":true,"valueName":"search_term_string"}}],"inLanguage":"it-IT"}]}},"_links":{"self":[{"href":"https:\/\/bogensportdiscount.ch\/it\/wp-json\/wp\/v2\/product\/408959","targetHints":{"allow":["GET"]}}],"collection":[{"href":"https:\/\/bogensportdiscount.ch\/it\/wp-json\/wp\/v2\/product"}],"about":[{"href":"https:\/\/bogensportdiscount.ch\/it\/wp-json\/wp\/v2\/types\/product"}],"replies":[{"embeddable":true,"href":"https:\/\/bogensportdiscount.ch\/it\/wp-json\/wp\/v2\/comments?post=408959"}],"wp:featuredmedia":[{"embeddable":true,"href":"https:\/\/bogensportdiscount.ch\/it\/wp-json\/wp\/v2\/media\/452908"}],"wp:attachment":[{"href":"https:\/\/bogensportdiscount.ch\/it\/wp-json\/wp\/v2\/media?parent=408959"}],"wp:term":[{"taxonomy":"product_brand","embeddable":true,"href":"https:\/\/bogensportdiscount.ch\/it\/wp-json\/wp\/v2\/product_brand?post=408959"},{"taxonomy":"product_cat","embeddable":true,"href":"https:\/\/bogensportdiscount.ch\/it\/wp-json\/wp\/v2\/product_cat?post=408959"},{"taxonomy":"product_tag","embeddable":true,"href":"https:\/\/bogensportdiscount.ch\/it\/wp-json\/wp\/v2\/product_tag?post=408959"}],"curies":[{"name":"wp","href":"https:\/\/api.w.org\/{rel}","templated":true}]}}