{"id":408947,"date":"2026-04-05T14:59:07","date_gmt":"2026-04-05T12:59:07","guid":{"rendered":"https:\/\/bogensportdiscount.ch\/produkt\/scope-lenses-dc-for-avx-31-1-3-8-2x\/"},"modified":"2026-04-17T13:47:34","modified_gmt":"2026-04-17T11:47:34","slug":"axcel-scope-linse-dc-avx-31-1-3-8-zoll","status":"publish","type":"product","link":"https:\/\/bogensportdiscount.ch\/it\/produkt\/axcel-scope-linse-dc-avx-31-1-3-8-zoll\/","title":{"rendered":"LENTI PER CANNOCCHIALE AXCEL DC PER AVX-31 - 1"},"content":{"rendered":"<p>Die Axcel DC Scope-Linse ist speziell f\u00fcr das AVX-31 Compound-Scope konzipiert und erm\u00f6glicht eine pr\u00e4zise Anpassung der Vergr\u00f6sserung an individuelle Schiessanforderungen. Mit einem Linsendurchmesser von 1 3\/8 Zoll ist sie direkt in das AVX-31 System eingesetzt.<\/p>\n<p>Die Linse ist in f\u00fcnf Vergr\u00f6sserungsstufen erh\u00e4ltlich \u2014 2X, 4X, 5X, 6X und 8X \u2014 und deckt damit ein breites Spektrum von Anwendungen im 3D- und Feldbogen-Schiessen bis hin zum Hallenschiessen ab. Die Wahl der Vergr\u00f6sserung richtet sich nach Distanz und pers\u00f6nlicher Pr\u00e4ferenz des Sch\u00fctzen.<\/p>\n<ul>\n<li>Kompatibel mit dem Axcel AVX-31 Compound-Scope<\/li>\n<li>Linsendurchmesser: 1 3\/8 Zoll<\/li>\n<li>Erh\u00e4ltlich in 2X, 4X, 5X, 6X und 8X<\/li>\n<li>Prodotto negli Stati Uniti<\/li>\n<\/ul>","protected":false},"excerpt":{"rendered":"<p>Scope-Linse von Axcel, kompatibel mit dem AVX-31 Compound-Scope. Erh\u00e4ltlich in den Vergr\u00f6sserungsstufen 2X, 4X, 5X, 6X und 8X. Linsendurchmesser 1 3\/8 Zoll.<\/p>","protected":false},"featured_media":452906,"comment_status":"open","ping_status":"closed","template":"","meta":[],"product_brand":[467],"product_cat":[4248],"product_tag":[],"class_list":{"0":"post-408947","1":"product","2":"type-product","3":"status-publish","4":"has-post-thumbnail","6":"product_brand-axcel","7":"product_cat-linsen-compound-scope","9":"first","10":"instock","11":"shipping-taxable","12":"purchasable","13":"product-type-variable"},"_links":{"self":[{"href":"https:\/\/bogensportdiscount.ch\/it\/wp-json\/wp\/v2\/product\/408947","targetHints":{"allow":["GET"]}}],"collection":[{"href":"https:\/\/bogensportdiscount.ch\/it\/wp-json\/wp\/v2\/product"}],"about":[{"href":"https:\/\/bogensportdiscount.ch\/it\/wp-json\/wp\/v2\/types\/product"}],"replies":[{"embeddable":true,"href":"https:\/\/bogensportdiscount.ch\/it\/wp-json\/wp\/v2\/comments?post=408947"}],"wp:featuredmedia":[{"embeddable":true,"href":"https:\/\/bogensportdiscount.ch\/it\/wp-json\/wp\/v2\/media\/452906"}],"wp:attachment":[{"href":"https:\/\/bogensportdiscount.ch\/it\/wp-json\/wp\/v2\/media?parent=408947"}],"wp:term":[{"taxonomy":"product_brand","embeddable":true,"href":"https:\/\/bogensportdiscount.ch\/it\/wp-json\/wp\/v2\/product_brand?post=408947"},{"taxonomy":"product_cat","embeddable":true,"href":"https:\/\/bogensportdiscount.ch\/it\/wp-json\/wp\/v2\/product_cat?post=408947"},{"taxonomy":"product_tag","embeddable":true,"href":"https:\/\/bogensportdiscount.ch\/it\/wp-json\/wp\/v2\/product_tag?post=408947"}],"curies":[{"name":"wp","href":"https:\/\/api.w.org\/{rel}","templated":true}]}}