{"id":408877,"date":"2026-04-05T14:58:57","date_gmt":"2026-04-05T12:58:57","guid":{"rendered":"https:\/\/bogensportdiscount.ch\/produkt\/accutouch-carbon-pro-slider-avx-41-scope-1-pin-019-green-black\/"},"modified":"2026-04-20T13:34:43","modified_gmt":"2026-04-20T11:34:43","slug":"axcel-compound-visier-accutouch-carbon-pro-slider-avx-41-scope-1-pin","status":"publish","type":"product","link":"https:\/\/bogensportdiscount.ch\/it\/prodotto\/axcel-compound-visier-accutouch-carbon-pro-slider-avx-41-scope-1-pin\/","title":{"rendered":"AXCEL ACCUTOUCH CARBON PRO SLIDER AVX-41 ZIELFERNROHR &#8211; 1 PIN"},"content":{"rendered":"<p>Das AXCEL Accutouch Carbon Pro Slider AVX-41 Scope ist ein Schieberegler-Visier (Slider) mit einem einzigen Zielpin, das speziell f\u00fcr Compound-B\u00f6gen im Jagd- und 3D-Bereich entwickelt wurde. Die Slider-Konstruktion erlaubt eine stufenlose Entfernungseinstellung, was es besonders vielseitig im Gel\u00e4nde einsetzbar macht.<\/p>\n<p>Das Visier ist mit dem AVX-41 Scope ausgestattet und in zwei Pindicken erh\u00e4ltlich: .010&#8243; f\u00fcr pr\u00e4zise Zielansprache bei kleinen Zielfeldern sowie .019&#8243; f\u00fcr bessere Sichtbarkeit bei schlechten Lichtverh\u00e4ltnissen. Als Farbvarianten stehen Schwarz und Rot\/Schwarz zur Wahl.<\/p>\n<ul>\n<li>1-Pin-Slider-Visier f\u00fcr stufenlose Entfernungseinstellung<\/li>\n<li>Carbon Pro Konstruktion f\u00fcr geringes Gewicht<\/li>\n<li>W\u00e4hlbare Pindicke: .010&#8243; oder .019&#8243;<\/li>\n<li>Prodotto negli Stati Uniti<\/li>\n<\/ul>","protected":false},"excerpt":{"rendered":"<p>Das AXCEL Accutouch Carbon Pro Slider AVX-41 ist ein verstellbares 1-Pin-Compound-Visier aus den USA. Erh\u00e4ltlich in den Pindicken .010&#8243; und .019&#8243; sowie in den Farben Schwarz und Rot\/Schwarz. Geeignet f\u00fcr Jagd und 3D-Bogensport.<\/p>","protected":false},"featured_media":451376,"comment_status":"open","ping_status":"closed","template":"","meta":[],"product_brand":[467],"product_cat":[4263],"product_tag":[],"class_list":{"0":"post-408877","1":"product","2":"type-product","3":"status-publish","4":"has-post-thumbnail","6":"product_brand-axcel","7":"product_cat-jagd-und-3d-visiere","8":"product_shipping_class-bsd-standard","10":"first","11":"instock","12":"shipping-taxable","13":"purchasable","14":"product-type-variable"},"yoast_head":"<!-- This site is optimized with the Yoast SEO plugin v27.4 - https:\/\/yoast.com\/product\/yoast-seo-wordpress\/ -->\n<title>AXCEL ACCUTOUCH CARBON PRO SLIDER AVX-41 CANNOCCHIALE - 1 PIN - Bogensportdiscount \u2013 Archi, frecce, bersagli e accessori<\/title>\n<meta name=\"description\" content=\"Cannocchiale AXCEL ACCUTOUCH CARBON PRO SLIDER AVX-41 - 1 PIN: acquista a un prezzo conveniente su Bogensportdiscount \u2013 Le migliori marche, spedizione veloce dalla Svizzera.\" \/>\n<meta name=\"robots\" content=\"index, follow, max-snippet:-1, max-image-preview:large, max-video-preview:-1\" \/>\n<link rel=\"canonical\" href=\"https:\/\/bogensportdiscount.ch\/it\/prodotto\/axcel-compound-visier-accutouch-carbon-pro-slider-avx-41-scope-1-pin\/\" \/>\n<meta property=\"og:locale\" content=\"it_IT\" \/>\n<meta property=\"og:type\" content=\"article\" \/>\n<meta property=\"og:title\" content=\"AXCEL ACCUTOUCH CARBON PRO SLIDER AVX-41 CANNOCCHIALE - 1 PIN - Bogensportdiscount \u2013 Archi, frecce, bersagli e accessori\" \/>\n<meta property=\"og:description\" content=\"Cannocchiale AXCEL ACCUTOUCH CARBON PRO SLIDER AVX-41 - 1 PIN: acquista a un prezzo conveniente su Bogensportdiscount \u2013 Le migliori marche, spedizione veloce dalla Svizzera.\" \/>\n<meta property=\"og:url\" content=\"https:\/\/bogensportdiscount.ch\/it\/prodotto\/axcel-compound-visier-accutouch-carbon-pro-slider-avx-41-scope-1-pin\/\" \/>\n<meta property=\"og:site_name\" content=\"Bogensportdiscount \u2013 B\u00f6gen, Pfeile, Targets &amp; Zubeh\u00f6r\" \/>\n<meta property=\"article:modified_time\" content=\"2026-04-20T11:34:43+00:00\" \/>\n<meta property=\"og:image\" content=\"https:\/\/bogensportdiscount.ch\/wp-content\/uploads\/bsm-images\/A060168_1.png\" \/>\n\t<meta property=\"og:image:width\" content=\"3840\" \/>\n\t<meta property=\"og:image:height\" content=\"2160\" \/>\n\t<meta property=\"og:image:type\" content=\"image\/png\" \/>\n<meta name=\"twitter:card\" content=\"summary_large_image\" \/>\n<meta name=\"twitter:label1\" content=\"Tempo di lettura stimato\" \/>\n\t<meta name=\"twitter:data1\" content=\"1 minuto\" \/>\n<script type=\"application\/ld+json\" class=\"yoast-schema-graph\">{\"@context\":\"https:\\\/\\\/schema.org\",\"@graph\":[{\"@type\":\"WebPage\",\"@id\":\"https:\\\/\\\/bogensportdiscount.ch\\\/produkt\\\/axcel-compound-visier-accutouch-carbon-pro-slider-avx-41-scope-1-pin\\\/\",\"url\":\"https:\\\/\\\/bogensportdiscount.ch\\\/produkt\\\/axcel-compound-visier-accutouch-carbon-pro-slider-avx-41-scope-1-pin\\\/\",\"name\":\"AXCEL ACCUTOUCH CARBON PRO SLIDER AVX-41 ZIELFERNROHR - 1 PIN - Bogensportdiscount \u2013 B\u00f6gen, Pfeile, Targets &amp; Zubeh\u00f6r\",\"isPartOf\":{\"@id\":\"https:\\\/\\\/bogensportdiscount.ch\\\/#website\"},\"primaryImageOfPage\":{\"@id\":\"https:\\\/\\\/bogensportdiscount.ch\\\/produkt\\\/axcel-compound-visier-accutouch-carbon-pro-slider-avx-41-scope-1-pin\\\/#primaryimage\"},\"image\":{\"@id\":\"https:\\\/\\\/bogensportdiscount.ch\\\/produkt\\\/axcel-compound-visier-accutouch-carbon-pro-slider-avx-41-scope-1-pin\\\/#primaryimage\"},\"thumbnailUrl\":\"https:\\\/\\\/bogensportdiscount.ch\\\/wp-content\\\/uploads\\\/bsm-images\\\/A060168_1.png\",\"datePublished\":\"2026-04-05T12:58:57+00:00\",\"dateModified\":\"2026-04-20T11:34:43+00:00\",\"description\":\"AXCEL ACCUTOUCH CARBON PRO SLIDER AVX-41 ZIELFERNROHR - 1 PIN g\u00fcnstig kaufen bei Bogensportdiscount \u2013 Top-Marken, schneller Versand aus der Schweiz.\",\"breadcrumb\":{\"@id\":\"https:\\\/\\\/bogensportdiscount.ch\\\/produkt\\\/axcel-compound-visier-accutouch-carbon-pro-slider-avx-41-scope-1-pin\\\/#breadcrumb\"},\"inLanguage\":\"it-IT\",\"potentialAction\":[{\"@type\":\"ReadAction\",\"target\":[\"https:\\\/\\\/bogensportdiscount.ch\\\/produkt\\\/axcel-compound-visier-accutouch-carbon-pro-slider-avx-41-scope-1-pin\\\/\"]}]},{\"@type\":\"ImageObject\",\"inLanguage\":\"it-IT\",\"@id\":\"https:\\\/\\\/bogensportdiscount.ch\\\/produkt\\\/axcel-compound-visier-accutouch-carbon-pro-slider-avx-41-scope-1-pin\\\/#primaryimage\",\"url\":\"https:\\\/\\\/bogensportdiscount.ch\\\/wp-content\\\/uploads\\\/bsm-images\\\/A060168_1.png\",\"contentUrl\":\"https:\\\/\\\/bogensportdiscount.ch\\\/wp-content\\\/uploads\\\/bsm-images\\\/A060168_1.png\",\"width\":3840,\"height\":2160},{\"@type\":\"BreadcrumbList\",\"@id\":\"https:\\\/\\\/bogensportdiscount.ch\\\/produkt\\\/axcel-compound-visier-accutouch-carbon-pro-slider-avx-41-scope-1-pin\\\/#breadcrumb\",\"itemListElement\":[{\"@type\":\"ListItem\",\"position\":1,\"name\":\"Home\",\"item\":\"https:\\\/\\\/bogensportdiscount.ch\\\/\"},{\"@type\":\"ListItem\",\"position\":2,\"name\":\"Shop\",\"item\":\"https:\\\/\\\/bogensportdiscount.ch\\\/shop\\\/\"},{\"@type\":\"ListItem\",\"position\":3,\"name\":\"AXCEL ACCUTOUCH CARBON PRO SLIDER AVX-41 ZIELFERNROHR &#8211; 1 PIN\"}]},{\"@type\":\"WebSite\",\"@id\":\"https:\\\/\\\/bogensportdiscount.ch\\\/#website\",\"url\":\"https:\\\/\\\/bogensportdiscount.ch\\\/\",\"name\":\"Bogensportdiscount\",\"description\":\"\",\"potentialAction\":[{\"@type\":\"SearchAction\",\"target\":{\"@type\":\"EntryPoint\",\"urlTemplate\":\"https:\\\/\\\/bogensportdiscount.ch\\\/?s={search_term_string}\"},\"query-input\":{\"@type\":\"PropertyValueSpecification\",\"valueRequired\":true,\"valueName\":\"search_term_string\"}}],\"inLanguage\":\"it-IT\"}]}<\/script>\n<!-- \/ Yoast SEO plugin. -->","yoast_head_json":{"title":"AXCEL ACCUTOUCH CARBON PRO SLIDER AVX-41 CANNOCCHIALE - 1 PIN - Bogensportdiscount \u2013 Archi, frecce, bersagli e accessori","description":"Cannocchiale AXCEL ACCUTOUCH CARBON PRO SLIDER AVX-41 - 1 PIN: acquista a un prezzo conveniente su Bogensportdiscount \u2013 Le migliori marche, spedizione veloce dalla Svizzera.","robots":{"index":"index","follow":"follow","max-snippet":"max-snippet:-1","max-image-preview":"max-image-preview:large","max-video-preview":"max-video-preview:-1"},"canonical":"https:\/\/bogensportdiscount.ch\/it\/prodotto\/axcel-compound-visier-accutouch-carbon-pro-slider-avx-41-scope-1-pin\/","og_locale":"it_IT","og_type":"article","og_title":"AXCEL ACCUTOUCH CARBON PRO SLIDER AVX-41 CANNOCCHIALE - 1 PIN - Bogensportdiscount \u2013 Archi, frecce, bersagli e accessori","og_description":"Cannocchiale AXCEL ACCUTOUCH CARBON PRO SLIDER AVX-41 - 1 PIN: acquista a un prezzo conveniente su Bogensportdiscount \u2013 Le migliori marche, spedizione veloce dalla Svizzera.","og_url":"https:\/\/bogensportdiscount.ch\/it\/prodotto\/axcel-compound-visier-accutouch-carbon-pro-slider-avx-41-scope-1-pin\/","og_site_name":"Bogensportdiscount \u2013 B\u00f6gen, Pfeile, Targets &amp; Zubeh\u00f6r","article_modified_time":"2026-04-20T11:34:43+00:00","og_image":[{"url":"https:\/\/bogensportdiscount.ch\/wp-content\/uploads\/bsm-images\/A060168_1.png","width":3840,"height":2160,"type":"image\/png"}],"twitter_card":"summary_large_image","twitter_misc":{"Tempo di lettura stimato":"1 minuto"},"schema":{"@context":"https:\/\/schema.org","@graph":[{"@type":"WebPage","@id":"https:\/\/bogensportdiscount.ch\/produkt\/axcel-compound-visier-accutouch-carbon-pro-slider-avx-41-scope-1-pin\/","url":"https:\/\/bogensportdiscount.ch\/produkt\/axcel-compound-visier-accutouch-carbon-pro-slider-avx-41-scope-1-pin\/","name":"AXCEL ACCUTOUCH CARBON PRO SLIDER AVX-41 CANNOCCHIALE - 1 PIN - Bogensportdiscount \u2013 Archi, frecce, bersagli e accessori","isPartOf":{"@id":"https:\/\/bogensportdiscount.ch\/#website"},"primaryImageOfPage":{"@id":"https:\/\/bogensportdiscount.ch\/produkt\/axcel-compound-visier-accutouch-carbon-pro-slider-avx-41-scope-1-pin\/#primaryimage"},"image":{"@id":"https:\/\/bogensportdiscount.ch\/produkt\/axcel-compound-visier-accutouch-carbon-pro-slider-avx-41-scope-1-pin\/#primaryimage"},"thumbnailUrl":"https:\/\/bogensportdiscount.ch\/wp-content\/uploads\/bsm-images\/A060168_1.png","datePublished":"2026-04-05T12:58:57+00:00","dateModified":"2026-04-20T11:34:43+00:00","description":"Cannocchiale AXCEL ACCUTOUCH CARBON PRO SLIDER AVX-41 - 1 PIN: acquista a un prezzo conveniente su Bogensportdiscount \u2013 Le migliori marche, spedizione veloce dalla Svizzera.","breadcrumb":{"@id":"https:\/\/bogensportdiscount.ch\/produkt\/axcel-compound-visier-accutouch-carbon-pro-slider-avx-41-scope-1-pin\/#breadcrumb"},"inLanguage":"it-IT","potentialAction":[{"@type":"ReadAction","target":["https:\/\/bogensportdiscount.ch\/produkt\/axcel-compound-visier-accutouch-carbon-pro-slider-avx-41-scope-1-pin\/"]}]},{"@type":"ImageObject","inLanguage":"it-IT","@id":"https:\/\/bogensportdiscount.ch\/produkt\/axcel-compound-visier-accutouch-carbon-pro-slider-avx-41-scope-1-pin\/#primaryimage","url":"https:\/\/bogensportdiscount.ch\/wp-content\/uploads\/bsm-images\/A060168_1.png","contentUrl":"https:\/\/bogensportdiscount.ch\/wp-content\/uploads\/bsm-images\/A060168_1.png","width":3840,"height":2160},{"@type":"BreadcrumbList","@id":"https:\/\/bogensportdiscount.ch\/produkt\/axcel-compound-visier-accutouch-carbon-pro-slider-avx-41-scope-1-pin\/#breadcrumb","itemListElement":[{"@type":"ListItem","position":1,"name":"Home","item":"https:\/\/bogensportdiscount.ch\/"},{"@type":"ListItem","position":2,"name":"Shop","item":"https:\/\/bogensportdiscount.ch\/shop\/"},{"@type":"ListItem","position":3,"name":"AXCEL ACCUTOUCH CARBON PRO SLIDER AVX-41 ZIELFERNROHR &#8211; 1 PIN"}]},{"@type":"WebSite","@id":"https:\/\/bogensportdiscount.ch\/#website","url":"https:\/\/bogensportdiscount.ch\/","name":"Bogensportdiscount","description":"","potentialAction":[{"@type":"SearchAction","target":{"@type":"EntryPoint","urlTemplate":"https:\/\/bogensportdiscount.ch\/?s={search_term_string}"},"query-input":{"@type":"PropertyValueSpecification","valueRequired":true,"valueName":"search_term_string"}}],"inLanguage":"it-IT"}]}},"_links":{"self":[{"href":"https:\/\/bogensportdiscount.ch\/it\/wp-json\/wp\/v2\/product\/408877","targetHints":{"allow":["GET"]}}],"collection":[{"href":"https:\/\/bogensportdiscount.ch\/it\/wp-json\/wp\/v2\/product"}],"about":[{"href":"https:\/\/bogensportdiscount.ch\/it\/wp-json\/wp\/v2\/types\/product"}],"replies":[{"embeddable":true,"href":"https:\/\/bogensportdiscount.ch\/it\/wp-json\/wp\/v2\/comments?post=408877"}],"wp:featuredmedia":[{"embeddable":true,"href":"https:\/\/bogensportdiscount.ch\/it\/wp-json\/wp\/v2\/media\/451376"}],"wp:attachment":[{"href":"https:\/\/bogensportdiscount.ch\/it\/wp-json\/wp\/v2\/media?parent=408877"}],"wp:term":[{"taxonomy":"product_brand","embeddable":true,"href":"https:\/\/bogensportdiscount.ch\/it\/wp-json\/wp\/v2\/product_brand?post=408877"},{"taxonomy":"product_cat","embeddable":true,"href":"https:\/\/bogensportdiscount.ch\/it\/wp-json\/wp\/v2\/product_cat?post=408877"},{"taxonomy":"product_tag","embeddable":true,"href":"https:\/\/bogensportdiscount.ch\/it\/wp-json\/wp\/v2\/product_tag?post=408877"}],"curies":[{"name":"wp","href":"https:\/\/api.w.org\/{rel}","templated":true}]}}