{"id":408731,"date":"2026-04-05T14:58:43","date_gmt":"2026-04-05T12:58:43","guid":{"rendered":"https:\/\/bogensportdiscount.ch\/produkt\/arrow-rests-stick-on-sf-line-magnetic-rh-black\/"},"modified":"2026-04-17T13:47:31","modified_gmt":"2026-04-17T11:47:31","slug":"wns-klebeauflage-sf-line-magnetic","status":"publish","type":"product","link":"https:\/\/bogensportdiscount.ch\/it\/prodotto\/wns-klebeauflage-sf-line-magnetic\/","title":{"rendered":"FRECCIA WNS POGGIA BASTONE SU LINEA SF MAGNETICA"},"content":{"rendered":"<p>Die WNS SF Line Magnetic ist eine Pfeilauflage zum Aufkleben, speziell f\u00fcr Recurvebogen entwickelt. Dank der magnetischen Funktion l\u00e4sst sich die Auflage komfortabel verwenden und bietet eine zuverl\u00e4ssige Unterst\u00fctzung des Pfeils beim Abschuss.<\/p>\n<p>Die Auflage ist in einer Version f\u00fcr Rechtshand- sowie Linkshandbogensch\u00fctzen erh\u00e4ltlich, sodass sie f\u00fcr eine breite Anwendergruppe geeignet ist. Die einfache Montage durch die Klebetechnik erm\u00f6glicht eine schnelle Befestigung ohne zus\u00e4tzliche Werkzeuge.<\/p>\n<ul>\n<li>Magnetische Pfeilauflage f\u00fcr Recurvebogen<\/li>\n<li>Montage per Klebefl\u00e4che \u2014 kein Werkzeug erforderlich<\/li>\n<li>Verf\u00fcgbar f\u00fcr Links- und Rechtshandbogensch\u00fctzen<\/li>\n<\/ul>","protected":false},"excerpt":{"rendered":"<p><strong>Marchio:<\/strong> WNS<\/p>","protected":false},"featured_media":452887,"comment_status":"open","ping_status":"closed","template":"","meta":[],"product_brand":[461],"product_cat":[4229],"product_tag":[],"class_list":{"0":"post-408731","1":"product","2":"type-product","3":"status-publish","4":"has-post-thumbnail","6":"product_brand-wns","7":"product_cat-aufklebe-recurve-pfeilauflage","9":"first","10":"instock","11":"shipping-taxable","12":"purchasable","13":"product-type-variable"},"_links":{"self":[{"href":"https:\/\/bogensportdiscount.ch\/it\/wp-json\/wp\/v2\/product\/408731","targetHints":{"allow":["GET"]}}],"collection":[{"href":"https:\/\/bogensportdiscount.ch\/it\/wp-json\/wp\/v2\/product"}],"about":[{"href":"https:\/\/bogensportdiscount.ch\/it\/wp-json\/wp\/v2\/types\/product"}],"replies":[{"embeddable":true,"href":"https:\/\/bogensportdiscount.ch\/it\/wp-json\/wp\/v2\/comments?post=408731"}],"wp:featuredmedia":[{"embeddable":true,"href":"https:\/\/bogensportdiscount.ch\/it\/wp-json\/wp\/v2\/media\/452887"}],"wp:attachment":[{"href":"https:\/\/bogensportdiscount.ch\/it\/wp-json\/wp\/v2\/media?parent=408731"}],"wp:term":[{"taxonomy":"product_brand","embeddable":true,"href":"https:\/\/bogensportdiscount.ch\/it\/wp-json\/wp\/v2\/product_brand?post=408731"},{"taxonomy":"product_cat","embeddable":true,"href":"https:\/\/bogensportdiscount.ch\/it\/wp-json\/wp\/v2\/product_cat?post=408731"},{"taxonomy":"product_tag","embeddable":true,"href":"https:\/\/bogensportdiscount.ch\/it\/wp-json\/wp\/v2\/product_tag?post=408731"}],"curies":[{"name":"wp","href":"https:\/\/api.w.org\/{rel}","templated":true}]}}