{"id":408647,"date":"2026-04-05T14:58:35","date_gmt":"2026-04-05T12:58:35","guid":{"rendered":"https:\/\/bogensportdiscount.ch\/produkt\/risers-sf-line-apex-gx-graphene-carbon-25-rh-carbon-black\/"},"modified":"2026-05-14T15:26:33","modified_gmt":"2026-05-14T13:26:33","slug":"wns-recurvebogen-mittelstuck-sf-line-apex-gx-graphene-carbon-25","status":"publish","type":"product","link":"https:\/\/bogensportdiscount.ch\/it\/prodotto\/wns-recurvebogen-mittelstuck-sf-line-apex-gx-graphene-carbon-25\/","title":{"rendered":"WNS Mittelteile SF LINE APEX-GX GRAPHEN-Carbon 25&#8243;"},"content":{"rendered":"<p>Das WNS SF Line Apex-GX Mittelst\u00fcck ist aus einem Graphene-Carbon-Verbundwerkstoff gefertigt, der eine hohe Steifigkeit bei gleichzeitig niedrigem Gewicht bietet. Die 25&#8243;-L\u00e4nge entspricht dem verbreiteten Recurve-Standard und erlaubt die Kombination mit einer grossen Auswahl kompatibler Wurfarme.<\/p>\n<p>Das Mittelst\u00fcck ist f\u00fcr den Einsatz im Recurvebogenschiessen konzipiert und eignet sich sowohl f\u00fcr den Trainings- als auch f\u00fcr den Wettkampfbereich. Die Verf\u00fcgbarkeit in Rechts- und Linkshand-Ausf\u00fchrung sowie in vier Farben (Schwarz, Blau, Rot, Weiss) macht es f\u00fcr ein breites Sch\u00fctzenspektrum zug\u00e4nglich.<\/p>\n<ul>\n<li>Materiale: Grafene-Carbon \u2013 leggero e torsionalmente rigido<\/li>\n<li>Lunghezza: 25&#8243; (misura standard ricurvo)<\/li>\n<li>Adatto per destrimani e mancini<\/li>\n<li>Disponibile in quattro colori<\/li>\n<\/ul>","protected":false},"excerpt":{"rendered":"<table>\n<tr>\n<th>Propriet\u00e0<\/th>\n<th>Valore<\/th>\n<\/tr>\n<tr>\n<td>Marca<\/td>\n<td>WNS<\/td>\n<\/tr>\n<tr>\n<td>Materiale<\/td>\n<td>Carbon<\/td>\n<\/tr>\n<tr>\n<td>Halter-Passung<\/td>\n<td>ILF<\/td>\n<\/tr>\n<tr>\n<td>Raccomandazione<\/td>\n<td>All poundages<\/td>\n<\/tr>\n<tr>\n<td>Paese di origine<\/td>\n<td>Cina<\/td>\n<\/tr>\n<\/table>","protected":false},"featured_media":451340,"comment_status":"open","ping_status":"closed","template":"","meta":[],"product_brand":[461],"product_cat":[4519],"product_tag":[],"class_list":{"0":"post-408647","1":"product","2":"type-product","3":"status-publish","4":"has-post-thumbnail","6":"product_brand-wns","7":"product_cat-recurve-mittelteile","8":"product_shipping_class-bsd-standard","10":"first","11":"instock","12":"shipping-taxable","13":"purchasable","14":"product-type-variable"},"yoast_head":"<!-- This site is optimized with the Yoast SEO plugin v27.6 - https:\/\/yoast.com\/product\/yoast-seo-wordpress\/ -->\n<title>WNS Sezioni centrali SF LINE APEX-GX in carbonio-grafene 25&quot; - Bogensportdiscount \u2013 Archi, frecce, bersagli e accessori<\/title>\n<meta name=\"description\" content=\"Acquista le parti centrali WNS SF LINE APEX-GX in grafite-carbonio da 25&quot; a un prezzo conveniente su Bogensportdiscount \u2013 Marchi di punta, spedizione veloce dalla Svizzera.\" \/>\n<meta name=\"robots\" content=\"index, follow, max-snippet:-1, max-image-preview:large, max-video-preview:-1\" \/>\n<link rel=\"canonical\" href=\"https:\/\/bogensportdiscount.ch\/it\/prodotto\/wns-recurvebogen-mittelstuck-sf-line-apex-gx-graphene-carbon-25\/\" \/>\n<meta property=\"og:locale\" content=\"it_IT\" \/>\n<meta property=\"og:type\" content=\"article\" \/>\n<meta property=\"og:title\" content=\"WNS Sezioni centrali SF LINE APEX-GX in carbonio-grafene 25&quot; - Bogensportdiscount \u2013 Archi, frecce, bersagli e accessori\" \/>\n<meta property=\"og:description\" content=\"Acquista le parti centrali WNS SF LINE APEX-GX in grafite-carbonio da 25&quot; a un prezzo conveniente su Bogensportdiscount \u2013 Marchi di punta, spedizione veloce dalla Svizzera.\" \/>\n<meta property=\"og:url\" content=\"https:\/\/bogensportdiscount.ch\/it\/prodotto\/wns-recurvebogen-mittelstuck-sf-line-apex-gx-graphene-carbon-25\/\" \/>\n<meta property=\"og:site_name\" content=\"Bogensportdiscount \u2013 B\u00f6gen, Pfeile, Targets &amp; Zubeh\u00f6r\" \/>\n<meta property=\"article:modified_time\" content=\"2026-05-14T13:26:33+00:00\" \/>\n<meta property=\"og:image\" content=\"https:\/\/bogensportdiscount.ch\/wp-content\/uploads\/bsm-images\/A059722_1.png\" \/>\n\t<meta property=\"og:image:width\" content=\"989\" \/>\n\t<meta property=\"og:image:height\" content=\"5026\" \/>\n\t<meta property=\"og:image:type\" content=\"image\/png\" \/>\n<meta name=\"twitter:card\" content=\"summary_large_image\" \/>\n<meta name=\"twitter:label1\" content=\"Tempo di lettura stimato\" \/>\n\t<meta name=\"twitter:data1\" content=\"1 minuto\" \/>\n<script type=\"application\/ld+json\" class=\"yoast-schema-graph\">{\"@context\":\"https:\\\/\\\/schema.org\",\"@graph\":[{\"@type\":\"WebPage\",\"@id\":\"https:\\\/\\\/bogensportdiscount.ch\\\/produkt\\\/wns-recurvebogen-mittelstuck-sf-line-apex-gx-graphene-carbon-25\\\/\",\"url\":\"https:\\\/\\\/bogensportdiscount.ch\\\/produkt\\\/wns-recurvebogen-mittelstuck-sf-line-apex-gx-graphene-carbon-25\\\/\",\"name\":\"WNS Mittelteile SF LINE APEX-GX GRAPHEN-Carbon 25\\\" - Bogensportdiscount \u2013 B\u00f6gen, Pfeile, Targets &amp; Zubeh\u00f6r\",\"isPartOf\":{\"@id\":\"https:\\\/\\\/bogensportdiscount.ch\\\/#website\"},\"primaryImageOfPage\":{\"@id\":\"https:\\\/\\\/bogensportdiscount.ch\\\/produkt\\\/wns-recurvebogen-mittelstuck-sf-line-apex-gx-graphene-carbon-25\\\/#primaryimage\"},\"image\":{\"@id\":\"https:\\\/\\\/bogensportdiscount.ch\\\/produkt\\\/wns-recurvebogen-mittelstuck-sf-line-apex-gx-graphene-carbon-25\\\/#primaryimage\"},\"thumbnailUrl\":\"https:\\\/\\\/bogensportdiscount.ch\\\/wp-content\\\/uploads\\\/bsm-images\\\/A059722_1.png\",\"datePublished\":\"2026-04-05T12:58:35+00:00\",\"dateModified\":\"2026-05-14T13:26:33+00:00\",\"description\":\"WNS Mittelteile SF LINE APEX-GX GRAPHEN-Carbon 25\\\" g\u00fcnstig kaufen bei Bogensportdiscount \u2013 Top-Marken, schneller Versand aus der Schweiz.\",\"breadcrumb\":{\"@id\":\"https:\\\/\\\/bogensportdiscount.ch\\\/produkt\\\/wns-recurvebogen-mittelstuck-sf-line-apex-gx-graphene-carbon-25\\\/#breadcrumb\"},\"inLanguage\":\"it-IT\",\"potentialAction\":[{\"@type\":\"ReadAction\",\"target\":[\"https:\\\/\\\/bogensportdiscount.ch\\\/produkt\\\/wns-recurvebogen-mittelstuck-sf-line-apex-gx-graphene-carbon-25\\\/\"]}]},{\"@type\":\"ImageObject\",\"inLanguage\":\"it-IT\",\"@id\":\"https:\\\/\\\/bogensportdiscount.ch\\\/produkt\\\/wns-recurvebogen-mittelstuck-sf-line-apex-gx-graphene-carbon-25\\\/#primaryimage\",\"url\":\"https:\\\/\\\/bogensportdiscount.ch\\\/wp-content\\\/uploads\\\/bsm-images\\\/A059722_1.png\",\"contentUrl\":\"https:\\\/\\\/bogensportdiscount.ch\\\/wp-content\\\/uploads\\\/bsm-images\\\/A059722_1.png\",\"width\":989,\"height\":5026},{\"@type\":\"BreadcrumbList\",\"@id\":\"https:\\\/\\\/bogensportdiscount.ch\\\/produkt\\\/wns-recurvebogen-mittelstuck-sf-line-apex-gx-graphene-carbon-25\\\/#breadcrumb\",\"itemListElement\":[{\"@type\":\"ListItem\",\"position\":1,\"name\":\"Home\",\"item\":\"https:\\\/\\\/bogensportdiscount.ch\\\/\"},{\"@type\":\"ListItem\",\"position\":2,\"name\":\"Shop\",\"item\":\"https:\\\/\\\/bogensportdiscount.ch\\\/shop\\\/\"},{\"@type\":\"ListItem\",\"position\":3,\"name\":\"WNS Mittelteile SF LINE APEX-GX GRAPHEN-Carbon 25&#8243;\"}]},{\"@type\":\"WebSite\",\"@id\":\"https:\\\/\\\/bogensportdiscount.ch\\\/#website\",\"url\":\"https:\\\/\\\/bogensportdiscount.ch\\\/\",\"name\":\"Bogensportdiscount\",\"description\":\"\",\"potentialAction\":[{\"@type\":\"SearchAction\",\"target\":{\"@type\":\"EntryPoint\",\"urlTemplate\":\"https:\\\/\\\/bogensportdiscount.ch\\\/?s={search_term_string}\"},\"query-input\":{\"@type\":\"PropertyValueSpecification\",\"valueRequired\":true,\"valueName\":\"search_term_string\"}}],\"inLanguage\":\"it-IT\"}]}<\/script>\n<!-- \/ Yoast SEO plugin. -->","yoast_head_json":{"title":"WNS Sezioni centrali SF LINE APEX-GX in carbonio-grafene 25&quot; - Bogensportdiscount \u2013 Archi, frecce, bersagli e accessori","description":"\/  AAE MAX CLEAN ARROW WIPE","robots":{"index":"index","follow":"follow","max-snippet":"max-snippet:-1","max-image-preview":"max-image-preview:large","max-video-preview":"max-video-preview:-1"},"canonical":"https:\/\/bogensportdiscount.ch\/it\/prodotto\/wns-recurvebogen-mittelstuck-sf-line-apex-gx-graphene-carbon-25\/","og_locale":"it_IT","og_type":"article","og_title":"WNS Sezioni centrali SF LINE APEX-GX in carbonio-grafene 25&quot; - Bogensportdiscount \u2013 Archi, frecce, bersagli e accessori","og_description":"Acquista le parti centrali WNS SF LINE APEX-GX in grafite-carbonio da 25&quot; a un prezzo conveniente su Bogensportdiscount \u2013 Marchi di punta, spedizione veloce dalla Svizzera.","og_url":"https:\/\/bogensportdiscount.ch\/it\/prodotto\/wns-recurvebogen-mittelstuck-sf-line-apex-gx-graphene-carbon-25\/","og_site_name":"Bogensportdiscount \u2013 B\u00f6gen, Pfeile, Targets &amp; Zubeh\u00f6r","article_modified_time":"2026-05-14T13:26:33+00:00","og_image":[{"url":"https:\/\/bogensportdiscount.ch\/wp-content\/uploads\/bsm-images\/A059722_1.png","width":989,"height":5026,"type":"image\/png"}],"twitter_card":"summary_large_image","twitter_misc":{"Tempo di lettura stimato":"1 minuto"},"schema":{"@context":"https:\/\/schema.org","@graph":[{"@type":"WebPage","@id":"https:\/\/bogensportdiscount.ch\/produkt\/wns-recurvebogen-mittelstuck-sf-line-apex-gx-graphene-carbon-25\/","url":"https:\/\/bogensportdiscount.ch\/produkt\/wns-recurvebogen-mittelstuck-sf-line-apex-gx-graphene-carbon-25\/","name":"WNS Sezioni centrali SF LINE APEX-GX in carbonio-grafene 25&quot; - Bogensportdiscount \u2013 Archi, frecce, bersagli e accessori","isPartOf":{"@id":"https:\/\/bogensportdiscount.ch\/#website"},"primaryImageOfPage":{"@id":"https:\/\/bogensportdiscount.ch\/produkt\/wns-recurvebogen-mittelstuck-sf-line-apex-gx-graphene-carbon-25\/#primaryimage"},"image":{"@id":"https:\/\/bogensportdiscount.ch\/produkt\/wns-recurvebogen-mittelstuck-sf-line-apex-gx-graphene-carbon-25\/#primaryimage"},"thumbnailUrl":"https:\/\/bogensportdiscount.ch\/wp-content\/uploads\/bsm-images\/A059722_1.png","datePublished":"2026-04-05T12:58:35+00:00","dateModified":"2026-05-14T13:26:33+00:00","description":"Acquista le parti centrali WNS SF LINE APEX-GX in grafite-carbonio da 25&quot; a un prezzo conveniente su Bogensportdiscount \u2013 Marchi di punta, spedizione veloce dalla Svizzera.","breadcrumb":{"@id":"https:\/\/bogensportdiscount.ch\/produkt\/wns-recurvebogen-mittelstuck-sf-line-apex-gx-graphene-carbon-25\/#breadcrumb"},"inLanguage":"it-IT","potentialAction":[{"@type":"ReadAction","target":["https:\/\/bogensportdiscount.ch\/produkt\/wns-recurvebogen-mittelstuck-sf-line-apex-gx-graphene-carbon-25\/"]}]},{"@type":"ImageObject","inLanguage":"it-IT","@id":"https:\/\/bogensportdiscount.ch\/produkt\/wns-recurvebogen-mittelstuck-sf-line-apex-gx-graphene-carbon-25\/#primaryimage","url":"https:\/\/bogensportdiscount.ch\/wp-content\/uploads\/bsm-images\/A059722_1.png","contentUrl":"https:\/\/bogensportdiscount.ch\/wp-content\/uploads\/bsm-images\/A059722_1.png","width":989,"height":5026},{"@type":"BreadcrumbList","@id":"https:\/\/bogensportdiscount.ch\/produkt\/wns-recurvebogen-mittelstuck-sf-line-apex-gx-graphene-carbon-25\/#breadcrumb","itemListElement":[{"@type":"ListItem","position":1,"name":"Home","item":"https:\/\/bogensportdiscount.ch\/"},{"@type":"ListItem","position":2,"name":"Shop","item":"https:\/\/bogensportdiscount.ch\/shop\/"},{"@type":"ListItem","position":3,"name":"WNS Mittelteile SF LINE APEX-GX GRAPHEN-Carbon 25&#8243;"}]},{"@type":"WebSite","@id":"https:\/\/bogensportdiscount.ch\/#website","url":"https:\/\/bogensportdiscount.ch\/","name":"Bogensportdiscount","description":"","potentialAction":[{"@type":"SearchAction","target":{"@type":"EntryPoint","urlTemplate":"https:\/\/bogensportdiscount.ch\/?s={search_term_string}"},"query-input":{"@type":"PropertyValueSpecification","valueRequired":true,"valueName":"search_term_string"}}],"inLanguage":"it-IT"}]}},"_links":{"self":[{"href":"https:\/\/bogensportdiscount.ch\/it\/wp-json\/wp\/v2\/product\/408647","targetHints":{"allow":["GET"]}}],"collection":[{"href":"https:\/\/bogensportdiscount.ch\/it\/wp-json\/wp\/v2\/product"}],"about":[{"href":"https:\/\/bogensportdiscount.ch\/it\/wp-json\/wp\/v2\/types\/product"}],"replies":[{"embeddable":true,"href":"https:\/\/bogensportdiscount.ch\/it\/wp-json\/wp\/v2\/comments?post=408647"}],"wp:featuredmedia":[{"embeddable":true,"href":"https:\/\/bogensportdiscount.ch\/it\/wp-json\/wp\/v2\/media\/451340"}],"wp:attachment":[{"href":"https:\/\/bogensportdiscount.ch\/it\/wp-json\/wp\/v2\/media?parent=408647"}],"wp:term":[{"taxonomy":"product_brand","embeddable":true,"href":"https:\/\/bogensportdiscount.ch\/it\/wp-json\/wp\/v2\/product_brand?post=408647"},{"taxonomy":"product_cat","embeddable":true,"href":"https:\/\/bogensportdiscount.ch\/it\/wp-json\/wp\/v2\/product_cat?post=408647"},{"taxonomy":"product_tag","embeddable":true,"href":"https:\/\/bogensportdiscount.ch\/it\/wp-json\/wp\/v2\/product_tag?post=408647"}],"curies":[{"name":"wp","href":"https:\/\/api.w.org\/{rel}","templated":true}]}}