{"id":408612,"date":"2026-04-05T14:58:32","date_gmt":"2026-04-05T12:58:32","guid":{"rendered":"https:\/\/bogensportdiscount.ch\/produkt\/risers-wood-marengo-20-rh-62-64\/"},"modified":"2026-05-14T15:26:32","modified_gmt":"2026-05-14T13:26:32","slug":"core-recurvebogen-mittelstuck-marengo-holz","status":"publish","type":"product","link":"https:\/\/bogensportdiscount.ch\/it\/prodotto\/core-recurvebogen-mittelstuck-marengo-holz\/","title":{"rendered":"CORE Elementi centrali WOOD MARENGO"},"content":{"rendered":"<p>Das CORE Marengo ist ein Holz-Mittelst\u00fcck f\u00fcr Recurveb\u00f6gen und richtet sich an Sch\u00fctzinnen und Sch\u00fctzen, die Wert auf klassische Materialien und eine bew\u00e4hrte Verarbeitung legen. Das Mittelst\u00fcck bildet das Herzst\u00fcck des Recurvebogens und verbindet die Wurf\u00e4ste zu einem funktionalen Gesamtsystem.<\/p>\n<p>Il CORE Marengo \u00e8 un'impugnatura in legno per archi ricurvi, pensata per le arciere e gli arcieri che apprezzano i materiali classici e una lavorazione collaudata. L'impugnatura costituisce il cuore dell'arco ricurvo e collega i flettenti in un sistema complessivo funzionale.<\/p>\n<ul>\n<li>Materiale: Legno<\/li>\n<li>Disponibile in due lunghezze (20&#8243; e 24&#8243;) e in una versione per destrorsi e mancini, il Marengo offre una base solida per la costruzione di un arco ricurvo personalizzato.<\/li>\n<li>Disponibile per mano destra e mano sinistra<\/li>\n<li>Lunghezze: 20&#8243; e 24&#8243;<\/li>\n<\/ul>","protected":false},"excerpt":{"rendered":"<table>\n<tr>\n<th>Propriet\u00e0<\/th>\n<th>Valore<\/th>\n<\/tr>\n<tr>\n<td>Marca<\/td>\n<td>Nucleo<\/td>\n<\/tr>\n<tr>\n<td>Materiale<\/td>\n<td>Wood<\/td>\n<\/tr>\n<tr>\n<td>Halter-Passung<\/td>\n<td>Principiante<\/td>\n<\/tr>\n<tr>\n<td>Paese di origine<\/td>\n<td>Cina<\/td>\n<\/tr>\n<\/table>","protected":false},"featured_media":523612,"comment_status":"open","ping_status":"closed","template":"","meta":[],"product_brand":[423],"product_cat":[4519],"product_tag":[],"class_list":{"0":"post-408612","1":"product","2":"type-product","3":"status-publish","4":"has-post-thumbnail","6":"product_brand-core","7":"product_cat-recurve-mittelteile","8":"product_shipping_class-bsd-standard","10":"first","11":"instock","12":"shipping-taxable","13":"purchasable","14":"product-type-variable"},"yoast_head":"<!-- This site is optimized with the Yoast SEO plugin v27.6 - https:\/\/yoast.com\/product\/yoast-seo-wordpress\/ -->\n<title>CORE Impugnature WOOD MARENGO - Bogensportdiscount \u2013 Archi, Frecce, Bersagli &amp; Accessori<\/title>\n<meta name=\"description\" content=\"Acquista le impugnature CORE WOOD MARENGO a un prezzo conveniente su Bogensportdiscount \u2013 Marchi di punta, spedizione veloce dalla Svizzera.\" \/>\n<meta name=\"robots\" content=\"index, follow, max-snippet:-1, max-image-preview:large, max-video-preview:-1\" \/>\n<link rel=\"canonical\" href=\"https:\/\/bogensportdiscount.ch\/it\/prodotto\/core-recurvebogen-mittelstuck-marengo-holz\/\" \/>\n<meta property=\"og:locale\" content=\"it_IT\" \/>\n<meta property=\"og:type\" content=\"article\" \/>\n<meta property=\"og:title\" content=\"CORE Impugnature WOOD MARENGO - Bogensportdiscount \u2013 Archi, Frecce, Bersagli &amp; Accessori\" \/>\n<meta property=\"og:description\" content=\"Acquista le impugnature CORE WOOD MARENGO a un prezzo conveniente su Bogensportdiscount \u2013 Marchi di punta, spedizione veloce dalla Svizzera.\" \/>\n<meta property=\"og:url\" content=\"https:\/\/bogensportdiscount.ch\/it\/prodotto\/core-recurvebogen-mittelstuck-marengo-holz\/\" \/>\n<meta property=\"og:site_name\" content=\"Bogensportdiscount \u2013 B\u00f6gen, Pfeile, Targets &amp; Zubeh\u00f6r\" \/>\n<meta property=\"article:modified_time\" content=\"2026-05-14T13:26:32+00:00\" \/>\n<meta property=\"og:image\" content=\"https:\/\/bogensportdiscount.ch\/wp-content\/uploads\/bsm-images\/A059298_1.png\" \/>\n\t<meta property=\"og:image:width\" content=\"975\" \/>\n\t<meta property=\"og:image:height\" content=\"5408\" \/>\n\t<meta property=\"og:image:type\" content=\"image\/png\" \/>\n<meta name=\"twitter:card\" content=\"summary_large_image\" \/>\n<script type=\"application\/ld+json\" class=\"yoast-schema-graph\">{\"@context\":\"https:\\\/\\\/schema.org\",\"@graph\":[{\"@type\":\"WebPage\",\"@id\":\"https:\\\/\\\/bogensportdiscount.ch\\\/produkt\\\/core-recurvebogen-mittelstuck-marengo-holz\\\/\",\"url\":\"https:\\\/\\\/bogensportdiscount.ch\\\/produkt\\\/core-recurvebogen-mittelstuck-marengo-holz\\\/\",\"name\":\"CORE Mittelteile WOOD MARENGO - Bogensportdiscount \u2013 B\u00f6gen, Pfeile, Targets &amp; Zubeh\u00f6r\",\"isPartOf\":{\"@id\":\"https:\\\/\\\/bogensportdiscount.ch\\\/#website\"},\"primaryImageOfPage\":{\"@id\":\"https:\\\/\\\/bogensportdiscount.ch\\\/produkt\\\/core-recurvebogen-mittelstuck-marengo-holz\\\/#primaryimage\"},\"image\":{\"@id\":\"https:\\\/\\\/bogensportdiscount.ch\\\/produkt\\\/core-recurvebogen-mittelstuck-marengo-holz\\\/#primaryimage\"},\"thumbnailUrl\":\"https:\\\/\\\/bogensportdiscount.ch\\\/wp-content\\\/uploads\\\/bsm-images\\\/A059298_1.png\",\"datePublished\":\"2026-04-05T12:58:32+00:00\",\"dateModified\":\"2026-05-14T13:26:32+00:00\",\"description\":\"CORE Mittelteile WOOD MARENGO g\u00fcnstig kaufen bei Bogensportdiscount \u2013 Top-Marken, schneller Versand aus der Schweiz.\",\"breadcrumb\":{\"@id\":\"https:\\\/\\\/bogensportdiscount.ch\\\/produkt\\\/core-recurvebogen-mittelstuck-marengo-holz\\\/#breadcrumb\"},\"inLanguage\":\"it-IT\",\"potentialAction\":[{\"@type\":\"ReadAction\",\"target\":[\"https:\\\/\\\/bogensportdiscount.ch\\\/produkt\\\/core-recurvebogen-mittelstuck-marengo-holz\\\/\"]}]},{\"@type\":\"ImageObject\",\"inLanguage\":\"it-IT\",\"@id\":\"https:\\\/\\\/bogensportdiscount.ch\\\/produkt\\\/core-recurvebogen-mittelstuck-marengo-holz\\\/#primaryimage\",\"url\":\"https:\\\/\\\/bogensportdiscount.ch\\\/wp-content\\\/uploads\\\/bsm-images\\\/A059298_1.png\",\"contentUrl\":\"https:\\\/\\\/bogensportdiscount.ch\\\/wp-content\\\/uploads\\\/bsm-images\\\/A059298_1.png\",\"width\":975,\"height\":5408},{\"@type\":\"BreadcrumbList\",\"@id\":\"https:\\\/\\\/bogensportdiscount.ch\\\/produkt\\\/core-recurvebogen-mittelstuck-marengo-holz\\\/#breadcrumb\",\"itemListElement\":[{\"@type\":\"ListItem\",\"position\":1,\"name\":\"Home\",\"item\":\"https:\\\/\\\/bogensportdiscount.ch\\\/\"},{\"@type\":\"ListItem\",\"position\":2,\"name\":\"Shop\",\"item\":\"https:\\\/\\\/bogensportdiscount.ch\\\/shop\\\/\"},{\"@type\":\"ListItem\",\"position\":3,\"name\":\"CORE Mittelteile WOOD MARENGO\"}]},{\"@type\":\"WebSite\",\"@id\":\"https:\\\/\\\/bogensportdiscount.ch\\\/#website\",\"url\":\"https:\\\/\\\/bogensportdiscount.ch\\\/\",\"name\":\"Bogensportdiscount\",\"description\":\"\",\"potentialAction\":[{\"@type\":\"SearchAction\",\"target\":{\"@type\":\"EntryPoint\",\"urlTemplate\":\"https:\\\/\\\/bogensportdiscount.ch\\\/?s={search_term_string}\"},\"query-input\":{\"@type\":\"PropertyValueSpecification\",\"valueRequired\":true,\"valueName\":\"search_term_string\"}}],\"inLanguage\":\"it-IT\"}]}<\/script>\n<!-- \/ Yoast SEO plugin. -->","yoast_head_json":{"title":"CORE Impugnature WOOD MARENGO - Bogensportdiscount \u2013 Archi, Frecce, Bersagli &amp; Accessori","description":"Acquista le impugnature CORE WOOD MARENGO a un prezzo conveniente su Bogensportdiscount \u2013 Marchi di punta, spedizione veloce dalla Svizzera.","robots":{"index":"index","follow":"follow","max-snippet":"max-snippet:-1","max-image-preview":"max-image-preview:large","max-video-preview":"max-video-preview:-1"},"canonical":"https:\/\/bogensportdiscount.ch\/it\/prodotto\/core-recurvebogen-mittelstuck-marengo-holz\/","og_locale":"it_IT","og_type":"article","og_title":"CORE Impugnature WOOD MARENGO - Bogensportdiscount \u2013 Archi, Frecce, Bersagli &amp; Accessori","og_description":"Acquista le impugnature CORE WOOD MARENGO a un prezzo conveniente su Bogensportdiscount \u2013 Marchi di punta, spedizione veloce dalla Svizzera.","og_url":"https:\/\/bogensportdiscount.ch\/it\/prodotto\/core-recurvebogen-mittelstuck-marengo-holz\/","og_site_name":"Bogensportdiscount \u2013 B\u00f6gen, Pfeile, Targets &amp; Zubeh\u00f6r","article_modified_time":"2026-05-14T13:26:32+00:00","og_image":[{"url":"https:\/\/bogensportdiscount.ch\/wp-content\/uploads\/bsm-images\/A059298_1.png","width":975,"height":5408,"type":"image\/png"}],"twitter_card":"summary_large_image","schema":{"@context":"https:\/\/schema.org","@graph":[{"@type":"WebPage","@id":"https:\/\/bogensportdiscount.ch\/produkt\/core-recurvebogen-mittelstuck-marengo-holz\/","url":"https:\/\/bogensportdiscount.ch\/produkt\/core-recurvebogen-mittelstuck-marengo-holz\/","name":"CORE Impugnature WOOD MARENGO - Bogensportdiscount \u2013 Archi, Frecce, Bersagli &amp; Accessori","isPartOf":{"@id":"https:\/\/bogensportdiscount.ch\/#website"},"primaryImageOfPage":{"@id":"https:\/\/bogensportdiscount.ch\/produkt\/core-recurvebogen-mittelstuck-marengo-holz\/#primaryimage"},"image":{"@id":"https:\/\/bogensportdiscount.ch\/produkt\/core-recurvebogen-mittelstuck-marengo-holz\/#primaryimage"},"thumbnailUrl":"https:\/\/bogensportdiscount.ch\/wp-content\/uploads\/bsm-images\/A059298_1.png","datePublished":"2026-04-05T12:58:32+00:00","dateModified":"2026-05-14T13:26:32+00:00","description":"Acquista le impugnature CORE WOOD MARENGO a un prezzo conveniente su Bogensportdiscount \u2013 Marchi di punta, spedizione veloce dalla Svizzera.","breadcrumb":{"@id":"https:\/\/bogensportdiscount.ch\/produkt\/core-recurvebogen-mittelstuck-marengo-holz\/#breadcrumb"},"inLanguage":"it-IT","potentialAction":[{"@type":"ReadAction","target":["https:\/\/bogensportdiscount.ch\/produkt\/core-recurvebogen-mittelstuck-marengo-holz\/"]}]},{"@type":"ImageObject","inLanguage":"it-IT","@id":"https:\/\/bogensportdiscount.ch\/produkt\/core-recurvebogen-mittelstuck-marengo-holz\/#primaryimage","url":"https:\/\/bogensportdiscount.ch\/wp-content\/uploads\/bsm-images\/A059298_1.png","contentUrl":"https:\/\/bogensportdiscount.ch\/wp-content\/uploads\/bsm-images\/A059298_1.png","width":975,"height":5408},{"@type":"BreadcrumbList","@id":"https:\/\/bogensportdiscount.ch\/produkt\/core-recurvebogen-mittelstuck-marengo-holz\/#breadcrumb","itemListElement":[{"@type":"ListItem","position":1,"name":"Home","item":"https:\/\/bogensportdiscount.ch\/"},{"@type":"ListItem","position":2,"name":"Shop","item":"https:\/\/bogensportdiscount.ch\/shop\/"},{"@type":"ListItem","position":3,"name":"CORE Mittelteile WOOD MARENGO"}]},{"@type":"WebSite","@id":"https:\/\/bogensportdiscount.ch\/#website","url":"https:\/\/bogensportdiscount.ch\/","name":"Bogensportdiscount","description":"","potentialAction":[{"@type":"SearchAction","target":{"@type":"EntryPoint","urlTemplate":"https:\/\/bogensportdiscount.ch\/?s={search_term_string}"},"query-input":{"@type":"PropertyValueSpecification","valueRequired":true,"valueName":"search_term_string"}}],"inLanguage":"it-IT"}]}},"_links":{"self":[{"href":"https:\/\/bogensportdiscount.ch\/it\/wp-json\/wp\/v2\/product\/408612","targetHints":{"allow":["GET"]}}],"collection":[{"href":"https:\/\/bogensportdiscount.ch\/it\/wp-json\/wp\/v2\/product"}],"about":[{"href":"https:\/\/bogensportdiscount.ch\/it\/wp-json\/wp\/v2\/types\/product"}],"replies":[{"embeddable":true,"href":"https:\/\/bogensportdiscount.ch\/it\/wp-json\/wp\/v2\/comments?post=408612"}],"wp:featuredmedia":[{"embeddable":true,"href":"https:\/\/bogensportdiscount.ch\/it\/wp-json\/wp\/v2\/media\/523612"}],"wp:attachment":[{"href":"https:\/\/bogensportdiscount.ch\/it\/wp-json\/wp\/v2\/media?parent=408612"}],"wp:term":[{"taxonomy":"product_brand","embeddable":true,"href":"https:\/\/bogensportdiscount.ch\/it\/wp-json\/wp\/v2\/product_brand?post=408612"},{"taxonomy":"product_cat","embeddable":true,"href":"https:\/\/bogensportdiscount.ch\/it\/wp-json\/wp\/v2\/product_cat?post=408612"},{"taxonomy":"product_tag","embeddable":true,"href":"https:\/\/bogensportdiscount.ch\/it\/wp-json\/wp\/v2\/product_tag?post=408612"}],"curies":[{"name":"wp","href":"https:\/\/api.w.org\/{rel}","templated":true}]}}