{"id":408472,"date":"2026-04-05T14:58:20","date_gmt":"2026-04-05T12:58:20","guid":{"rendered":"https:\/\/bogensportdiscount.ch\/produkt\/bow-quivers-lowpro-fixed-rh-black\/"},"modified":"2026-04-17T13:47:28","modified_gmt":"2026-04-17T11:47:28","slug":"mathews-bogenkoecher-lowpro-fixed","status":"publish","type":"product","link":"https:\/\/bogensportdiscount.ch\/it\/prodotto\/mathews-bogenkoecher-lowpro-fixed\/","title":{"rendered":"MATHEWS ARCO FARETRE LOWPRO FISSO"},"content":{"rendered":"<p>Der Mathews LowPro Fixed ist ein am Bogen montierter K\u00f6cher, der speziell f\u00fcr Mathews Compound-B\u00f6gen entwickelt wurde. Das feste Design sorgt f\u00fcr eine zuverl\u00e4ssige und vibrationsd\u00e4mpfende Pfeilhalterung w\u00e4hrend der Jagd oder beim Bogensport.<\/p>\n<p>Dank der Verf\u00fcgbarkeit in Links- und Rechtshandausf\u00fchrung passt der K\u00f6cher zu den meisten Sch\u00fctzen. Die Farbauswahl \u2013 Black, Green und Kuiu Verde \u2013 erm\u00f6glicht eine Anpassung an verschiedene Einsatzbereiche, insbesondere im Jagdbereich.<\/p>\n<ul>\n<li>Fixierte Montage direkt am Bogen<\/li>\n<li>Disponibile per l'uso con la mano destra o sinistra<\/li>\n<li>Drei Farbvarianten: Black, Green, Kuiu Verde<\/li>\n<li>Prodotto negli Stati Uniti<\/li>\n<\/ul>","protected":false},"excerpt":{"rendered":"<p>Der Mathews LowPro Fixed ist ein Bogenk\u00f6cher f\u00fcr Compound-B\u00f6gen, erh\u00e4ltlich f\u00fcr Links- und Rechtshand. Er ist in den Farben Black, Green und Kuiu Verde erh\u00e4ltlich und stammt aus US-amerikanischer Produktion.<\/p>","protected":false},"featured_media":451319,"comment_status":"open","ping_status":"closed","template":"","meta":[],"product_brand":[427],"product_cat":[4163],"product_tag":[],"class_list":{"0":"post-408472","1":"product","2":"type-product","3":"status-publish","4":"has-post-thumbnail","6":"product_brand-mathews","7":"product_cat-anbaukoecher","9":"first","10":"instock","11":"shipping-taxable","12":"purchasable","13":"product-type-variable"},"_links":{"self":[{"href":"https:\/\/bogensportdiscount.ch\/it\/wp-json\/wp\/v2\/product\/408472","targetHints":{"allow":["GET"]}}],"collection":[{"href":"https:\/\/bogensportdiscount.ch\/it\/wp-json\/wp\/v2\/product"}],"about":[{"href":"https:\/\/bogensportdiscount.ch\/it\/wp-json\/wp\/v2\/types\/product"}],"replies":[{"embeddable":true,"href":"https:\/\/bogensportdiscount.ch\/it\/wp-json\/wp\/v2\/comments?post=408472"}],"wp:featuredmedia":[{"embeddable":true,"href":"https:\/\/bogensportdiscount.ch\/it\/wp-json\/wp\/v2\/media\/451319"}],"wp:attachment":[{"href":"https:\/\/bogensportdiscount.ch\/it\/wp-json\/wp\/v2\/media?parent=408472"}],"wp:term":[{"taxonomy":"product_brand","embeddable":true,"href":"https:\/\/bogensportdiscount.ch\/it\/wp-json\/wp\/v2\/product_brand?post=408472"},{"taxonomy":"product_cat","embeddable":true,"href":"https:\/\/bogensportdiscount.ch\/it\/wp-json\/wp\/v2\/product_cat?post=408472"},{"taxonomy":"product_tag","embeddable":true,"href":"https:\/\/bogensportdiscount.ch\/it\/wp-json\/wp\/v2\/product_tag?post=408472"}],"curies":[{"name":"wp","href":"https:\/\/api.w.org\/{rel}","templated":true}]}}