{"id":408369,"date":"2026-04-05T14:58:08","date_gmt":"2026-04-05T12:58:08","guid":{"rendered":"https:\/\/bogensportdiscount.ch\/produkt\/compound-supra-rtx-37-se-cam-rotating-mod-rh-40-50lbs-26-5-32-black\/"},"modified":"2026-04-17T13:47:26","modified_gmt":"2026-04-17T11:47:26","slug":"pse-compound-bogen-supra-rtx-37-se-cam-rotating-mod-rh","status":"publish","type":"product","link":"https:\/\/bogensportdiscount.ch\/it\/prodotto\/pse-compound-bogen-supra-rtx-37-se-cam-rotating-mod-rh\/","title":{"rendered":"PSE COMPOSTO SUPRA RTX 37 SE CAMMA ROTANTE MOD RH"},"content":{"rendered":"<p>Der PSE Supra RTX 37 SE ist ein Compound-Bogen f\u00fcr die rechte Hand mit einem Achsabstand von 37 Zoll und einer Brace Height von 7 Zoll. Der Bogen ist aus Aluminium gefertigt und in den Zuggewichtsbereichen 40\u201350 lbs sowie 50\u201360 lbs erh\u00e4ltlich.<\/p>\n<p>Das Rotating-Mod-System erm\u00f6glicht eine flexible Anpassung des Zuggewichts und der Zugl\u00e4nge ohne vollst\u00e4ndigen Modulwechsel. Der einstellbare Let-off bietet zus\u00e4tzliche Spielraum bei der pers\u00f6nlichen Einstellung des Bogens.<\/p>\n<ul>\n<li>Achsabstand 37 Zoll \u2013 stabil und pr\u00e4zise<\/li>\n<li>Rotating Mod f\u00fcr flexible Zugl\u00e4ngenanpassung<\/li>\n<li>Einstellbarer Let-off<\/li>\n<li>Aluminium-Rahmen, hergestellt in den USA<\/li>\n<\/ul>","protected":false},"excerpt":{"rendered":"<table>\n<tr>\n<th>Propriet\u00e0<\/th>\n<th>Valore<\/th>\n<\/tr>\n<tr>\n<td>Achsabstand<\/td>\n<td>37 Zoll<\/td>\n<\/tr>\n<tr>\n<td>Brace Height<\/td>\n<td>7 Zoll<\/td>\n<\/tr>\n<tr>\n<td>Modul<\/td>\n<td>Rotating Mod<\/td>\n<\/tr>\n<tr>\n<td>Let-off<\/td>\n<td>Einstellbar<\/td>\n<\/tr>\n<tr>\n<td>Materiale<\/td>\n<td>Aluminium<\/td>\n<\/tr>\n<tr>\n<td>Origine<\/td>\n<td>USA<\/td>\n<\/tr>\n<tr>\n<td>Peso del treno<\/td>\n<td>40\u201350 lbs \/ 50\u201360 lbs<\/td>\n<\/tr>\n<tr>\n<td>Colore<\/td>\n<td>Schwarz \/ Blau<\/td>\n<\/tr>\n<\/table>","protected":false},"featured_media":439332,"comment_status":"open","ping_status":"closed","template":"","meta":[],"product_brand":[450],"product_cat":[4523],"product_tag":[],"class_list":{"0":"post-408369","1":"product","2":"type-product","3":"status-publish","4":"has-post-thumbnail","6":"product_brand-pse","7":"product_cat-compound-bows--35-compound-boegen","9":"first","10":"instock","11":"shipping-taxable","12":"purchasable","13":"product-type-variable"},"_links":{"self":[{"href":"https:\/\/bogensportdiscount.ch\/it\/wp-json\/wp\/v2\/product\/408369","targetHints":{"allow":["GET"]}}],"collection":[{"href":"https:\/\/bogensportdiscount.ch\/it\/wp-json\/wp\/v2\/product"}],"about":[{"href":"https:\/\/bogensportdiscount.ch\/it\/wp-json\/wp\/v2\/types\/product"}],"replies":[{"embeddable":true,"href":"https:\/\/bogensportdiscount.ch\/it\/wp-json\/wp\/v2\/comments?post=408369"}],"wp:featuredmedia":[{"embeddable":true,"href":"https:\/\/bogensportdiscount.ch\/it\/wp-json\/wp\/v2\/media\/439332"}],"wp:attachment":[{"href":"https:\/\/bogensportdiscount.ch\/it\/wp-json\/wp\/v2\/media?parent=408369"}],"wp:term":[{"taxonomy":"product_brand","embeddable":true,"href":"https:\/\/bogensportdiscount.ch\/it\/wp-json\/wp\/v2\/product_brand?post=408369"},{"taxonomy":"product_cat","embeddable":true,"href":"https:\/\/bogensportdiscount.ch\/it\/wp-json\/wp\/v2\/product_cat?post=408369"},{"taxonomy":"product_tag","embeddable":true,"href":"https:\/\/bogensportdiscount.ch\/it\/wp-json\/wp\/v2\/product_tag?post=408369"}],"curies":[{"name":"wp","href":"https:\/\/api.w.org\/{rel}","templated":true}]}}