{"id":408247,"date":"2026-04-05T14:57:55","date_gmt":"2026-04-05T12:57:55","guid":{"rendered":"https:\/\/bogensportdiscount.ch\/produkt\/nock-sets-18-20-strands-with-cutting-purple-1000-pk\/"},"modified":"2026-04-17T12:27:07","modified_gmt":"2026-04-17T10:27:07","slug":"saunders-nockset-18-20-straenge-mit-schneidewerkzeug-lila","status":"publish","type":"product","link":"https:\/\/bogensportdiscount.ch\/it\/prodotto\/saunders-nockset-18-20-straenge-mit-schneidewerkzeug-lila\/","title":{"rendered":"SAUNDERS 20-22 FILI CON PUNTA TAGLIENTE VIOLA"},"content":{"rendered":"<p>Die Saunders Nocksets f\u00fcr 18-20 Str\u00e4nge sind auf Sehnen mit 18 bis 20 Str\u00e4ngen ausgelegt und werden inklusive Schneidewerkzeug geliefert. Die lila Farbgebung erleichtert die Identifikation am Bogen.<\/p>\n<p>Diese Nocksets dienen dazu, die Nockposition auf der Sehne pr\u00e4zise und dauerhaft zu fixieren. Sie sind ein g\u00e4ngiges Hilfsmittel beim Sehnenbau und beim Abstimmen des Bogens.<\/p>\n<ul>\n<li>Geeignet f\u00fcr Sehnen mit 18\u201320 Str\u00e4ngen<\/li>\n<li>Inklusive Schneidewerkzeug<\/li>\n<li>Farbe: Lila<\/li>\n<li>Erh\u00e4ltlich in Packungsgrossen: 100, 1000 und 5000 St\u00fcck<\/li>\n<\/ul>","protected":false},"excerpt":{"rendered":"<p>Saunders Nocksets f\u00fcr 18-20 Str\u00e4nge in Lila, inklusive Schneidewerkzeug. Erh\u00e4ltlich in Packungsgrossen von 100, 1000 und 5000 St\u00fcck \u2013 geeignet f\u00fcr den professionellen Sehnenbau und die Sehnentuning.<\/p>","protected":false},"featured_media":439380,"comment_status":"open","ping_status":"closed","template":"","meta":[],"product_brand":[779],"product_cat":[4347],"product_tag":[],"class_list":{"0":"post-408247","1":"product","2":"type-product","3":"status-publish","4":"has-post-thumbnail","6":"product_brand-saunders","7":"product_cat-nocking-points-kisser-buttons-accessories","9":"first","10":"instock","11":"shipping-taxable","12":"purchasable","13":"product-type-variable"},"_links":{"self":[{"href":"https:\/\/bogensportdiscount.ch\/it\/wp-json\/wp\/v2\/product\/408247","targetHints":{"allow":["GET"]}}],"collection":[{"href":"https:\/\/bogensportdiscount.ch\/it\/wp-json\/wp\/v2\/product"}],"about":[{"href":"https:\/\/bogensportdiscount.ch\/it\/wp-json\/wp\/v2\/types\/product"}],"replies":[{"embeddable":true,"href":"https:\/\/bogensportdiscount.ch\/it\/wp-json\/wp\/v2\/comments?post=408247"}],"wp:featuredmedia":[{"embeddable":true,"href":"https:\/\/bogensportdiscount.ch\/it\/wp-json\/wp\/v2\/media\/439380"}],"wp:attachment":[{"href":"https:\/\/bogensportdiscount.ch\/it\/wp-json\/wp\/v2\/media?parent=408247"}],"wp:term":[{"taxonomy":"product_brand","embeddable":true,"href":"https:\/\/bogensportdiscount.ch\/it\/wp-json\/wp\/v2\/product_brand?post=408247"},{"taxonomy":"product_cat","embeddable":true,"href":"https:\/\/bogensportdiscount.ch\/it\/wp-json\/wp\/v2\/product_cat?post=408247"},{"taxonomy":"product_tag","embeddable":true,"href":"https:\/\/bogensportdiscount.ch\/it\/wp-json\/wp\/v2\/product_tag?post=408247"}],"curies":[{"name":"wp","href":"https:\/\/api.w.org\/{rel}","templated":true}]}}