{"id":408196,"date":"2026-04-05T14:57:47","date_gmt":"2026-04-05T12:57:47","guid":{"rendered":"https:\/\/bogensportdiscount.ch\/produkt\/hunting-bows-talon-60-lh-25-lbs-fastflight-string-incl\/"},"modified":"2026-04-17T15:42:24","modified_gmt":"2026-04-17T13:42:24","slug":"bucktrailelite-jagdbogen-talon-60","status":"publish","type":"product","link":"https:\/\/bogensportdiscount.ch\/it\/prodotto\/bucktrailelite-jagdbogen-talon-60\/","title":{"rendered":"BUCKTRAILELITE TALON ARCO RICURVO MONOPEZZO"},"content":{"rendered":"<p>Der BUCKTRAILELITE Talon ist ein einteiliger Recurve-Jagdbogen mit einer Gesamtl\u00e4nge von 60 Zoll. Als klassischer Jagdbogen richtet er sich an Bogenj\u00e4ger und traditionelle Sch\u00fctzen, die einen zuverl\u00e4ssigen und handsamen Bogen suchen.<\/p>\n<p>Der Talon ist in mehreren Zuggewichten erh\u00e4ltlich \u2013 25, 35, 40 und 45 LBS \u2013 und deckt damit ein breites Spektrum von der Freizeitnutzung bis hin zur Jagd ab. Dank der Verf\u00fcgbarkeit in Rechts- und Linkshand-Ausf\u00fchrung ist er f\u00fcr eine Vielzahl von Sch\u00fctzen geeignet.<\/p>\n<ul>\n<li>Einteiliger traditioneller Jagdbogen<\/li>\n<li>Bogenl\u00e4nge: 60 Zoll<\/li>\n<li>Zuggewichte: 25 \/ 35 \/ 40 \/ 45 LBS<\/li>\n<li>Erh\u00e4ltlich in Rechtshand und Linkshand<\/li>\n<\/ul>","protected":false},"excerpt":{"rendered":"<p><strong>Marchio:<\/strong> Buck Trail Elite<\/p>","protected":false},"featured_media":439417,"comment_status":"open","ping_status":"closed","template":"","meta":[],"product_brand":[625],"product_cat":[4274],"product_tag":[],"class_list":{"0":"post-408196","1":"product","2":"type-product","3":"status-publish","4":"has-post-thumbnail","6":"product_brand-bucktrailelite","7":"product_cat-jagdboegen","9":"first","10":"instock","11":"shipping-taxable","12":"purchasable","13":"product-type-variable"},"_links":{"self":[{"href":"https:\/\/bogensportdiscount.ch\/it\/wp-json\/wp\/v2\/product\/408196","targetHints":{"allow":["GET"]}}],"collection":[{"href":"https:\/\/bogensportdiscount.ch\/it\/wp-json\/wp\/v2\/product"}],"about":[{"href":"https:\/\/bogensportdiscount.ch\/it\/wp-json\/wp\/v2\/types\/product"}],"replies":[{"embeddable":true,"href":"https:\/\/bogensportdiscount.ch\/it\/wp-json\/wp\/v2\/comments?post=408196"}],"wp:featuredmedia":[{"embeddable":true,"href":"https:\/\/bogensportdiscount.ch\/it\/wp-json\/wp\/v2\/media\/439417"}],"wp:attachment":[{"href":"https:\/\/bogensportdiscount.ch\/it\/wp-json\/wp\/v2\/media?parent=408196"}],"wp:term":[{"taxonomy":"product_brand","embeddable":true,"href":"https:\/\/bogensportdiscount.ch\/it\/wp-json\/wp\/v2\/product_brand?post=408196"},{"taxonomy":"product_cat","embeddable":true,"href":"https:\/\/bogensportdiscount.ch\/it\/wp-json\/wp\/v2\/product_cat?post=408196"},{"taxonomy":"product_tag","embeddable":true,"href":"https:\/\/bogensportdiscount.ch\/it\/wp-json\/wp\/v2\/product_tag?post=408196"}],"curies":[{"name":"wp","href":"https:\/\/api.w.org\/{rel}","templated":true}]}}