{"id":408113,"date":"2026-04-05T14:57:37","date_gmt":"2026-04-05T12:57:37","guid":{"rendered":"https:\/\/bogensportdiscount.ch\/produkt\/vanes-predator-x-2-black-100-pk\/"},"modified":"2026-04-17T13:47:23","modified_gmt":"2026-04-17T11:47:23","slug":"q2archery-vanes-predator-x-2-zoll","status":"publish","type":"product","link":"https:\/\/bogensportdiscount.ch\/it\/prodotto\/q2archery-vanes-predator-x-2-zoll\/","title":{"rendered":"Q2ARCHERY PALETTE PREDATOR-X 2\u2033 100\/PZ."},"content":{"rendered":"<p>Die Predator-X Vanes von Q2ARCHERY sind 2-Zoll-Kunststofffletchings f\u00fcr den Einsatz auf Pfeilen verschiedener Schafttypen. Sie eignen sich f\u00fcr den Einsatz in der Halle sowie im Freien und bieten eine zuverl\u00e4ssige Befiederungsl\u00f6sung f\u00fcr Bogensch\u00fctzen.<\/p>\n<p>Die Vanes sind in Schwarz und Rot erh\u00e4ltlich, was eine individuelle Pfeilgestaltung und einfache Identifikation erm\u00f6glicht.<\/p>\n<ul>\n<li>L\u00e4nge: 2 Zoll<\/li>\n<li>Erh\u00e4ltlich in Schwarz und Rot<\/li>\n<li>Geeignet f\u00fcr verschiedene Pfeil- und Schafttypen<\/li>\n<li>Prodotto negli Stati Uniti<\/li>\n<\/ul>","protected":false},"excerpt":{"rendered":"<p>Die Q2ARCHERY Predator-X Vanes in der Gr\u00f6sse 2&#8243; sind Kunststoffbefiederungen f\u00fcr Pfeile. Erh\u00e4ltlich in den Farben Schwarz und Rot.<\/p>","protected":false},"featured_media":451230,"comment_status":"open","ping_status":"closed","template":"","meta":[],"product_brand":[1179],"product_cat":[4552],"product_tag":[],"class_list":{"0":"post-408113","1":"product","2":"type-product","3":"status-publish","4":"has-post-thumbnail","6":"product_brand-q2archery","7":"product_cat-plastik-vanes-vanes-nocks-wraps","9":"first","10":"instock","11":"shipping-taxable","12":"purchasable","13":"product-type-variable"},"_links":{"self":[{"href":"https:\/\/bogensportdiscount.ch\/it\/wp-json\/wp\/v2\/product\/408113","targetHints":{"allow":["GET"]}}],"collection":[{"href":"https:\/\/bogensportdiscount.ch\/it\/wp-json\/wp\/v2\/product"}],"about":[{"href":"https:\/\/bogensportdiscount.ch\/it\/wp-json\/wp\/v2\/types\/product"}],"replies":[{"embeddable":true,"href":"https:\/\/bogensportdiscount.ch\/it\/wp-json\/wp\/v2\/comments?post=408113"}],"wp:featuredmedia":[{"embeddable":true,"href":"https:\/\/bogensportdiscount.ch\/it\/wp-json\/wp\/v2\/media\/451230"}],"wp:attachment":[{"href":"https:\/\/bogensportdiscount.ch\/it\/wp-json\/wp\/v2\/media?parent=408113"}],"wp:term":[{"taxonomy":"product_brand","embeddable":true,"href":"https:\/\/bogensportdiscount.ch\/it\/wp-json\/wp\/v2\/product_brand?post=408113"},{"taxonomy":"product_cat","embeddable":true,"href":"https:\/\/bogensportdiscount.ch\/it\/wp-json\/wp\/v2\/product_cat?post=408113"},{"taxonomy":"product_tag","embeddable":true,"href":"https:\/\/bogensportdiscount.ch\/it\/wp-json\/wp\/v2\/product_tag?post=408113"}],"curies":[{"name":"wp","href":"https:\/\/api.w.org\/{rel}","templated":true}]}}