{"id":408106,"date":"2026-04-05T14:57:36","date_gmt":"2026-04-05T12:57:36","guid":{"rendered":"https:\/\/bogensportdiscount.ch\/produkt\/vanes-fusion-x-ii-sl-3-5-blue-100-pk\/"},"modified":"2026-04-17T13:47:23","modified_gmt":"2026-04-17T11:47:23","slug":"q2archery-vanes-fusion-x-ii-sl-3-5","status":"publish","type":"product","link":"https:\/\/bogensportdiscount.ch\/it\/prodotto\/q2archery-vanes-fusion-x-ii-sl-3-5\/","title":{"rendered":"Q2ARCHERY PALETTE FUSION X-II SL 3,5\u2033 100\/PK"},"content":{"rendered":"<p>Die Q2ARCHERY Fusion X-II SL 3.5&#8243; sind Kunststoff-Vanes f\u00fcr den Pfeilbau. Mit einer L\u00e4nge von 3.5 Zoll bieten sie eine solide Befiederungsoption f\u00fcr verschiedene Pfeilsch\u00e4fte und Bogensport-Disziplinen.<\/p>\n<p>Die Vanes sind in sechs Farben erh\u00e4ltlich \u2013 Blau, Grau, Gr\u00fcn, Pink, Lila und Rot \u2013 und erm\u00f6glichen so eine individuelle Kennzeichnung der Pfeile.<\/p>\n<ul>\n<li>Gr\u00f6sse: 3.5 Zoll<\/li>\n<li>Modell: Fusion X-II SL<\/li>\n<li>Erh\u00e4ltlich in 6 Farben<\/li>\n<li>Geeignet f\u00fcr den Pfeilbau mit Standard-Klebeverfahren<\/li>\n<\/ul>","protected":false},"excerpt":{"rendered":"<p>Die Q2ARCHERY Fusion X-II SL in der Gr\u00f6sse 3.5&#8243; sind Kunststoffbefiederungen f\u00fcr Pfeile und eignen sich f\u00fcr den Einsatz im Wettkampf- und Trainingsbereich. Erh\u00e4ltlich in den Farben Blau, Grau, Gr\u00fcn, Pink, Lila und Rot.<\/p>","protected":false},"featured_media":439438,"comment_status":"open","ping_status":"closed","template":"","meta":[],"product_brand":[1179],"product_cat":[4552],"product_tag":[],"class_list":{"0":"post-408106","1":"product","2":"type-product","3":"status-publish","4":"has-post-thumbnail","6":"product_brand-q2archery","7":"product_cat-plastik-vanes-vanes-nocks-wraps","9":"first","10":"instock","11":"shipping-taxable","12":"purchasable","13":"product-type-variable"},"_links":{"self":[{"href":"https:\/\/bogensportdiscount.ch\/it\/wp-json\/wp\/v2\/product\/408106","targetHints":{"allow":["GET"]}}],"collection":[{"href":"https:\/\/bogensportdiscount.ch\/it\/wp-json\/wp\/v2\/product"}],"about":[{"href":"https:\/\/bogensportdiscount.ch\/it\/wp-json\/wp\/v2\/types\/product"}],"replies":[{"embeddable":true,"href":"https:\/\/bogensportdiscount.ch\/it\/wp-json\/wp\/v2\/comments?post=408106"}],"wp:featuredmedia":[{"embeddable":true,"href":"https:\/\/bogensportdiscount.ch\/it\/wp-json\/wp\/v2\/media\/439438"}],"wp:attachment":[{"href":"https:\/\/bogensportdiscount.ch\/it\/wp-json\/wp\/v2\/media?parent=408106"}],"wp:term":[{"taxonomy":"product_brand","embeddable":true,"href":"https:\/\/bogensportdiscount.ch\/it\/wp-json\/wp\/v2\/product_brand?post=408106"},{"taxonomy":"product_cat","embeddable":true,"href":"https:\/\/bogensportdiscount.ch\/it\/wp-json\/wp\/v2\/product_cat?post=408106"},{"taxonomy":"product_tag","embeddable":true,"href":"https:\/\/bogensportdiscount.ch\/it\/wp-json\/wp\/v2\/product_tag?post=408106"}],"curies":[{"name":"wp","href":"https:\/\/api.w.org\/{rel}","templated":true}]}}