{"id":408085,"date":"2026-04-05T14:57:33","date_gmt":"2026-04-05T12:57:33","guid":{"rendered":"https:\/\/bogensportdiscount.ch\/produkt\/vanes-rapt-x-2-black-100-pk\/"},"modified":"2026-04-17T13:47:22","modified_gmt":"2026-04-17T11:47:22","slug":"q2archery-vanes-rapt-x-2-zoll","status":"publish","type":"product","link":"https:\/\/bogensportdiscount.ch\/it\/prodotto\/q2archery-vanes-rapt-x-2-zoll\/","title":{"rendered":"Q2ARCHERY PALETTE RAPT-X 2\u2033 100\/PZ."},"content":{"rendered":"<p>Die Q2ARCHERY Rapt-X 2&#8243; Vanes sind Kunststoffflitsche zur Befiederung von Bogensportpfeilen. Mit einer L\u00e4nge von 2 Zoll bieten sie eine kompakte Befiederungsoption, die sich f\u00fcr verschiedene Pfeilsch\u00e4fte und Bogensportdisziplinen eignet.<\/p>\n<p>Die Vanes sind in einer breiten Farbauswahl erh\u00e4ltlich \u2013 darunter Schwarz, Blau, Grau, Gr\u00fcn, Orange, Pink, Lila, Rot und Weiss \u2013 was eine individuelle Anpassung des Pfeilsetups erm\u00f6glicht.<\/p>\n<ul>\n<li>L\u00e4nge: 2 Zoll<\/li>\n<li>Hersteller: Q2ARCHERY<\/li>\n<li>Erh\u00e4ltlich in 9 Farben<\/li>\n<li>Geeignet f\u00fcr die Selbstbefiederung von Pfeilen<\/li>\n<\/ul>","protected":false},"excerpt":{"rendered":"<p><strong>Marchio:<\/strong> Q2 Archery<\/p>","protected":false},"featured_media":451228,"comment_status":"open","ping_status":"closed","template":"","meta":[],"product_brand":[1179],"product_cat":[4552],"product_tag":[],"class_list":{"0":"post-408085","1":"product","2":"type-product","3":"status-publish","4":"has-post-thumbnail","6":"product_brand-q2archery","7":"product_cat-plastik-vanes-vanes-nocks-wraps","9":"first","10":"instock","11":"shipping-taxable","12":"purchasable","13":"product-type-variable"},"_links":{"self":[{"href":"https:\/\/bogensportdiscount.ch\/it\/wp-json\/wp\/v2\/product\/408085","targetHints":{"allow":["GET"]}}],"collection":[{"href":"https:\/\/bogensportdiscount.ch\/it\/wp-json\/wp\/v2\/product"}],"about":[{"href":"https:\/\/bogensportdiscount.ch\/it\/wp-json\/wp\/v2\/types\/product"}],"replies":[{"embeddable":true,"href":"https:\/\/bogensportdiscount.ch\/it\/wp-json\/wp\/v2\/comments?post=408085"}],"wp:featuredmedia":[{"embeddable":true,"href":"https:\/\/bogensportdiscount.ch\/it\/wp-json\/wp\/v2\/media\/451228"}],"wp:attachment":[{"href":"https:\/\/bogensportdiscount.ch\/it\/wp-json\/wp\/v2\/media?parent=408085"}],"wp:term":[{"taxonomy":"product_brand","embeddable":true,"href":"https:\/\/bogensportdiscount.ch\/it\/wp-json\/wp\/v2\/product_brand?post=408085"},{"taxonomy":"product_cat","embeddable":true,"href":"https:\/\/bogensportdiscount.ch\/it\/wp-json\/wp\/v2\/product_cat?post=408085"},{"taxonomy":"product_tag","embeddable":true,"href":"https:\/\/bogensportdiscount.ch\/it\/wp-json\/wp\/v2\/product_tag?post=408085"}],"curies":[{"name":"wp","href":"https:\/\/api.w.org\/{rel}","templated":true}]}}