{"id":408002,"date":"2026-04-05T14:57:24","date_gmt":"2026-04-05T12:57:24","guid":{"rendered":"https:\/\/bogensportdiscount.ch\/produkt\/hunting-bows-redden-62-rh-35-lbs-flemish-dyneema-string-incl\/"},"modified":"2026-04-17T15:42:23","modified_gmt":"2026-04-17T13:42:23","slug":"oakridge-jagdbogen-redden-62","status":"publish","type":"product","link":"https:\/\/bogensportdiscount.ch\/it\/prodotto\/oakridge-jagdbogen-redden-62\/","title":{"rendered":"ARCO RICURVO MONOPEZZO OAKRIDGE REDDEN"},"content":{"rendered":"<p>Der OAKRIDGE Redden ist ein einteiliger Recurve-Jagdbogen mit einer Bogenl\u00e4nge von 62 Zoll. Als klassischer Jagdbogen richtet er sich an traditionelle Bogensch\u00fctzen, die beim Jagen oder Training auf moderne Aufs\u00e4tze verzichten und das instinktive Schiessen bevorzugen.<\/p>\n<p>Der Redden ist in vier Zuggewichten von 35 bis 50 LBS erh\u00e4ltlich und deckt damit ein breites Spektrum ab \u2013 von der leichteren Freizeitnutzung bis hin zum Einsatz auf der Jagd. Dank der Verf\u00fcgbarkeit in Links- und Rechtshand ist er f\u00fcr eine breite Gruppe von Sch\u00fctzen geeignet.<\/p>\n<ul>\n<li>Einteiliger traditioneller Jagdbogen<\/li>\n<li>Bogenl\u00e4nge: 62 Zoll<\/li>\n<li>Zuggewichte: 35, 40, 45 und 50 LBS<\/li>\n<li>Erh\u00e4ltlich f\u00fcr Links- und Rechtsh\u00e4nder<\/li>\n<\/ul>","protected":false},"excerpt":{"rendered":"<p><strong>Marchio:<\/strong> Oak Ridge<\/p>","protected":false},"featured_media":452812,"comment_status":"open","ping_status":"closed","template":"","meta":[],"product_brand":[569],"product_cat":[4274],"product_tag":[],"class_list":{"0":"post-408002","1":"product","2":"type-product","3":"status-publish","4":"has-post-thumbnail","6":"product_brand-oakridge","7":"product_cat-jagdboegen","9":"first","10":"instock","11":"shipping-taxable","12":"purchasable","13":"product-type-variable"},"_links":{"self":[{"href":"https:\/\/bogensportdiscount.ch\/it\/wp-json\/wp\/v2\/product\/408002","targetHints":{"allow":["GET"]}}],"collection":[{"href":"https:\/\/bogensportdiscount.ch\/it\/wp-json\/wp\/v2\/product"}],"about":[{"href":"https:\/\/bogensportdiscount.ch\/it\/wp-json\/wp\/v2\/types\/product"}],"replies":[{"embeddable":true,"href":"https:\/\/bogensportdiscount.ch\/it\/wp-json\/wp\/v2\/comments?post=408002"}],"wp:featuredmedia":[{"embeddable":true,"href":"https:\/\/bogensportdiscount.ch\/it\/wp-json\/wp\/v2\/media\/452812"}],"wp:attachment":[{"href":"https:\/\/bogensportdiscount.ch\/it\/wp-json\/wp\/v2\/media?parent=408002"}],"wp:term":[{"taxonomy":"product_brand","embeddable":true,"href":"https:\/\/bogensportdiscount.ch\/it\/wp-json\/wp\/v2\/product_brand?post=408002"},{"taxonomy":"product_cat","embeddable":true,"href":"https:\/\/bogensportdiscount.ch\/it\/wp-json\/wp\/v2\/product_cat?post=408002"},{"taxonomy":"product_tag","embeddable":true,"href":"https:\/\/bogensportdiscount.ch\/it\/wp-json\/wp\/v2\/product_tag?post=408002"}],"curies":[{"name":"wp","href":"https:\/\/api.w.org\/{rel}","templated":true}]}}