{"id":407990,"date":"2026-04-05T14:57:22","date_gmt":"2026-04-05T12:57:22","guid":{"rendered":"https:\/\/bogensportdiscount.ch\/produkt\/x10-extension-9-rh-black-recurve-sight\/"},"modified":"2026-04-23T14:57:19","modified_gmt":"2026-04-23T12:57:19","slug":"sanlida-recurve-visier-verlaengerung-x10-9-zoll-rh","status":"publish","type":"product","link":"https:\/\/bogensportdiscount.ch\/it\/prodotto\/sanlida-recurve-visier-verlaengerung-x10-9-zoll-rh\/","title":{"rendered":"SANLIDA X10 TURNIER RECURVE VISIER"},"content":{"rendered":"<p>Die SANLIDA X10 Extension ist eine 9-Zoll-Verl\u00e4ngerung f\u00fcr Recurve-Target-Visiere. Sie ist f\u00fcr Rechtsschiessen (RH) ausgelegt und erm\u00f6glicht eine pr\u00e4zise Positionierung des Visiers am Bogen.<\/p>\n<p>Die Verl\u00e4ngerung ist in f\u00fcnf Farben erh\u00e4ltlich: Schwarz, Blau, Gold, Gr\u00fcn und Rot. Damit l\u00e4sst sich die Ausr\u00fcstung optisch individuell abstimmen.<\/p>\n<ul>\n<li>Lunghezza: 9 pollici<\/li>\n<li>Ausf\u00fchrung: Rechtsschiessen (RH)<\/li>\n<li>Kompatibel mit Recurve-Target-Visieren<\/li>\n<li>Disponibile in 5 colori<\/li>\n<\/ul>","protected":false},"excerpt":{"rendered":"<p>Die SANLIDA X10 Visier-Verl\u00e4ngerung mit 9 Zoll L\u00e4nge ist f\u00fcr Recurve-Target-Visiere ausgelegt und f\u00fcr Rechtsschiessen (RH) konzipiert. Erh\u00e4ltlich in den Farben Schwarz, Blau, Gold, Gr\u00fcn und Rot.<\/p>","protected":false},"featured_media":451211,"comment_status":"open","ping_status":"closed","template":"","meta":[],"product_brand":[459],"product_cat":[4262],"product_tag":[],"class_list":{"0":"post-407990","1":"product","2":"type-product","3":"status-publish","4":"has-post-thumbnail","6":"product_brand-sanlida","7":"product_cat-recurve-visiere","8":"product_shipping_class-bsd-standard","10":"first","11":"instock","12":"shipping-taxable","13":"purchasable","14":"product-type-variable"},"yoast_head":"<!-- This site is optimized with the Yoast SEO plugin v27.4 - https:\/\/yoast.com\/product\/yoast-seo-wordpress\/ -->\n<title>MIRINO PER TORNEI SANLIDA X10 RECURVE - Bogensportdiscount \u2013 Archi, frecce, bersagli e accessori<\/title>\n<meta name=\"description\" content=\"Acquista l&#x27;arco da tiro a segno SANLIDA X10 RECURVE a un prezzo conveniente su Bogensportdiscount \u2013 Le migliori marche, spedizione veloce dalla Svizzera.\" \/>\n<meta name=\"robots\" content=\"index, follow, max-snippet:-1, max-image-preview:large, max-video-preview:-1\" \/>\n<link rel=\"canonical\" href=\"https:\/\/bogensportdiscount.ch\/it\/prodotto\/sanlida-recurve-visier-verlaengerung-x10-9-zoll-rh\/\" \/>\n<meta property=\"og:locale\" content=\"it_IT\" \/>\n<meta property=\"og:type\" content=\"article\" \/>\n<meta property=\"og:title\" content=\"MIRINO PER TORNEI SANLIDA X10 RECURVE - Bogensportdiscount \u2013 Archi, frecce, bersagli e accessori\" \/>\n<meta property=\"og:description\" content=\"Acquista l&#x27;arco da tiro a segno SANLIDA X10 RECURVE a un prezzo conveniente su Bogensportdiscount \u2013 Le migliori marche, spedizione veloce dalla Svizzera.\" \/>\n<meta property=\"og:url\" content=\"https:\/\/bogensportdiscount.ch\/it\/prodotto\/sanlida-recurve-visier-verlaengerung-x10-9-zoll-rh\/\" \/>\n<meta property=\"og:site_name\" content=\"Bogensportdiscount \u2013 B\u00f6gen, Pfeile, Targets &amp; Zubeh\u00f6r\" \/>\n<meta property=\"article:modified_time\" content=\"2026-04-23T12:57:19+00:00\" \/>\n<meta property=\"og:image\" content=\"https:\/\/bogensportdiscount.ch\/wp-content\/uploads\/bsm-images\/A056245_1.png\" \/>\n\t<meta property=\"og:image:width\" content=\"1692\" \/>\n\t<meta property=\"og:image:height\" content=\"1476\" \/>\n\t<meta property=\"og:image:type\" content=\"image\/png\" \/>\n<meta name=\"twitter:card\" content=\"summary_large_image\" \/>\n<script type=\"application\/ld+json\" class=\"yoast-schema-graph\">{\"@context\":\"https:\\\/\\\/schema.org\",\"@graph\":[{\"@type\":\"WebPage\",\"@id\":\"https:\\\/\\\/bogensportdiscount.ch\\\/produkt\\\/sanlida-recurve-visier-verlaengerung-x10-9-zoll-rh\\\/\",\"url\":\"https:\\\/\\\/bogensportdiscount.ch\\\/produkt\\\/sanlida-recurve-visier-verlaengerung-x10-9-zoll-rh\\\/\",\"name\":\"SANLIDA X10 TURNIER RECURVE VISIER - Bogensportdiscount \u2013 B\u00f6gen, Pfeile, Targets &amp; Zubeh\u00f6r\",\"isPartOf\":{\"@id\":\"https:\\\/\\\/bogensportdiscount.ch\\\/#website\"},\"primaryImageOfPage\":{\"@id\":\"https:\\\/\\\/bogensportdiscount.ch\\\/produkt\\\/sanlida-recurve-visier-verlaengerung-x10-9-zoll-rh\\\/#primaryimage\"},\"image\":{\"@id\":\"https:\\\/\\\/bogensportdiscount.ch\\\/produkt\\\/sanlida-recurve-visier-verlaengerung-x10-9-zoll-rh\\\/#primaryimage\"},\"thumbnailUrl\":\"https:\\\/\\\/bogensportdiscount.ch\\\/wp-content\\\/uploads\\\/bsm-images\\\/A056245_1.png\",\"datePublished\":\"2026-04-05T12:57:22+00:00\",\"dateModified\":\"2026-04-23T12:57:19+00:00\",\"description\":\"SANLIDA X10 TURNIER RECURVE VISIER g\u00fcnstig kaufen bei Bogensportdiscount \u2013 Top-Marken, schneller Versand aus der Schweiz.\",\"breadcrumb\":{\"@id\":\"https:\\\/\\\/bogensportdiscount.ch\\\/produkt\\\/sanlida-recurve-visier-verlaengerung-x10-9-zoll-rh\\\/#breadcrumb\"},\"inLanguage\":\"it-IT\",\"potentialAction\":[{\"@type\":\"ReadAction\",\"target\":[\"https:\\\/\\\/bogensportdiscount.ch\\\/produkt\\\/sanlida-recurve-visier-verlaengerung-x10-9-zoll-rh\\\/\"]}]},{\"@type\":\"ImageObject\",\"inLanguage\":\"it-IT\",\"@id\":\"https:\\\/\\\/bogensportdiscount.ch\\\/produkt\\\/sanlida-recurve-visier-verlaengerung-x10-9-zoll-rh\\\/#primaryimage\",\"url\":\"https:\\\/\\\/bogensportdiscount.ch\\\/wp-content\\\/uploads\\\/bsm-images\\\/A056245_1.png\",\"contentUrl\":\"https:\\\/\\\/bogensportdiscount.ch\\\/wp-content\\\/uploads\\\/bsm-images\\\/A056245_1.png\",\"width\":1692,\"height\":1476},{\"@type\":\"BreadcrumbList\",\"@id\":\"https:\\\/\\\/bogensportdiscount.ch\\\/produkt\\\/sanlida-recurve-visier-verlaengerung-x10-9-zoll-rh\\\/#breadcrumb\",\"itemListElement\":[{\"@type\":\"ListItem\",\"position\":1,\"name\":\"Home\",\"item\":\"https:\\\/\\\/bogensportdiscount.ch\\\/\"},{\"@type\":\"ListItem\",\"position\":2,\"name\":\"Shop\",\"item\":\"https:\\\/\\\/bogensportdiscount.ch\\\/shop\\\/\"},{\"@type\":\"ListItem\",\"position\":3,\"name\":\"SANLIDA X10 TURNIER RECURVE VISIER\"}]},{\"@type\":\"WebSite\",\"@id\":\"https:\\\/\\\/bogensportdiscount.ch\\\/#website\",\"url\":\"https:\\\/\\\/bogensportdiscount.ch\\\/\",\"name\":\"Bogensportdiscount\",\"description\":\"\",\"potentialAction\":[{\"@type\":\"SearchAction\",\"target\":{\"@type\":\"EntryPoint\",\"urlTemplate\":\"https:\\\/\\\/bogensportdiscount.ch\\\/?s={search_term_string}\"},\"query-input\":{\"@type\":\"PropertyValueSpecification\",\"valueRequired\":true,\"valueName\":\"search_term_string\"}}],\"inLanguage\":\"it-IT\"}]}<\/script>\n<!-- \/ Yoast SEO plugin. -->","yoast_head_json":{"title":"MIRINO PER TORNEI SANLIDA X10 RECURVE - Bogensportdiscount \u2013 Archi, frecce, bersagli e accessori","description":"Acquista l&#x27;arco da tiro a segno SANLIDA X10 RECURVE a un prezzo conveniente su Bogensportdiscount \u2013 Le migliori marche, spedizione veloce dalla Svizzera.","robots":{"index":"index","follow":"follow","max-snippet":"max-snippet:-1","max-image-preview":"max-image-preview:large","max-video-preview":"max-video-preview:-1"},"canonical":"https:\/\/bogensportdiscount.ch\/it\/prodotto\/sanlida-recurve-visier-verlaengerung-x10-9-zoll-rh\/","og_locale":"it_IT","og_type":"article","og_title":"MIRINO PER TORNEI SANLIDA X10 RECURVE - Bogensportdiscount \u2013 Archi, frecce, bersagli e accessori","og_description":"Acquista l&#x27;arco da tiro a segno SANLIDA X10 RECURVE a un prezzo conveniente su Bogensportdiscount \u2013 Le migliori marche, spedizione veloce dalla Svizzera.","og_url":"https:\/\/bogensportdiscount.ch\/it\/prodotto\/sanlida-recurve-visier-verlaengerung-x10-9-zoll-rh\/","og_site_name":"Bogensportdiscount \u2013 B\u00f6gen, Pfeile, Targets &amp; Zubeh\u00f6r","article_modified_time":"2026-04-23T12:57:19+00:00","og_image":[{"url":"https:\/\/bogensportdiscount.ch\/wp-content\/uploads\/bsm-images\/A056245_1.png","width":1692,"height":1476,"type":"image\/png"}],"twitter_card":"summary_large_image","schema":{"@context":"https:\/\/schema.org","@graph":[{"@type":"WebPage","@id":"https:\/\/bogensportdiscount.ch\/produkt\/sanlida-recurve-visier-verlaengerung-x10-9-zoll-rh\/","url":"https:\/\/bogensportdiscount.ch\/produkt\/sanlida-recurve-visier-verlaengerung-x10-9-zoll-rh\/","name":"MIRINO PER TORNEI SANLIDA X10 RECURVE - Bogensportdiscount \u2013 Archi, frecce, bersagli e accessori","isPartOf":{"@id":"https:\/\/bogensportdiscount.ch\/#website"},"primaryImageOfPage":{"@id":"https:\/\/bogensportdiscount.ch\/produkt\/sanlida-recurve-visier-verlaengerung-x10-9-zoll-rh\/#primaryimage"},"image":{"@id":"https:\/\/bogensportdiscount.ch\/produkt\/sanlida-recurve-visier-verlaengerung-x10-9-zoll-rh\/#primaryimage"},"thumbnailUrl":"https:\/\/bogensportdiscount.ch\/wp-content\/uploads\/bsm-images\/A056245_1.png","datePublished":"2026-04-05T12:57:22+00:00","dateModified":"2026-04-23T12:57:19+00:00","description":"Acquista l&#x27;arco da tiro a segno SANLIDA X10 RECURVE a un prezzo conveniente su Bogensportdiscount \u2013 Le migliori marche, spedizione veloce dalla Svizzera.","breadcrumb":{"@id":"https:\/\/bogensportdiscount.ch\/produkt\/sanlida-recurve-visier-verlaengerung-x10-9-zoll-rh\/#breadcrumb"},"inLanguage":"it-IT","potentialAction":[{"@type":"ReadAction","target":["https:\/\/bogensportdiscount.ch\/produkt\/sanlida-recurve-visier-verlaengerung-x10-9-zoll-rh\/"]}]},{"@type":"ImageObject","inLanguage":"it-IT","@id":"https:\/\/bogensportdiscount.ch\/produkt\/sanlida-recurve-visier-verlaengerung-x10-9-zoll-rh\/#primaryimage","url":"https:\/\/bogensportdiscount.ch\/wp-content\/uploads\/bsm-images\/A056245_1.png","contentUrl":"https:\/\/bogensportdiscount.ch\/wp-content\/uploads\/bsm-images\/A056245_1.png","width":1692,"height":1476},{"@type":"BreadcrumbList","@id":"https:\/\/bogensportdiscount.ch\/produkt\/sanlida-recurve-visier-verlaengerung-x10-9-zoll-rh\/#breadcrumb","itemListElement":[{"@type":"ListItem","position":1,"name":"Home","item":"https:\/\/bogensportdiscount.ch\/"},{"@type":"ListItem","position":2,"name":"Shop","item":"https:\/\/bogensportdiscount.ch\/shop\/"},{"@type":"ListItem","position":3,"name":"SANLIDA X10 TURNIER RECURVE VISIER"}]},{"@type":"WebSite","@id":"https:\/\/bogensportdiscount.ch\/#website","url":"https:\/\/bogensportdiscount.ch\/","name":"Bogensportdiscount","description":"","potentialAction":[{"@type":"SearchAction","target":{"@type":"EntryPoint","urlTemplate":"https:\/\/bogensportdiscount.ch\/?s={search_term_string}"},"query-input":{"@type":"PropertyValueSpecification","valueRequired":true,"valueName":"search_term_string"}}],"inLanguage":"it-IT"}]}},"_links":{"self":[{"href":"https:\/\/bogensportdiscount.ch\/it\/wp-json\/wp\/v2\/product\/407990","targetHints":{"allow":["GET"]}}],"collection":[{"href":"https:\/\/bogensportdiscount.ch\/it\/wp-json\/wp\/v2\/product"}],"about":[{"href":"https:\/\/bogensportdiscount.ch\/it\/wp-json\/wp\/v2\/types\/product"}],"replies":[{"embeddable":true,"href":"https:\/\/bogensportdiscount.ch\/it\/wp-json\/wp\/v2\/comments?post=407990"}],"wp:featuredmedia":[{"embeddable":true,"href":"https:\/\/bogensportdiscount.ch\/it\/wp-json\/wp\/v2\/media\/451211"}],"wp:attachment":[{"href":"https:\/\/bogensportdiscount.ch\/it\/wp-json\/wp\/v2\/media?parent=407990"}],"wp:term":[{"taxonomy":"product_brand","embeddable":true,"href":"https:\/\/bogensportdiscount.ch\/it\/wp-json\/wp\/v2\/product_brand?post=407990"},{"taxonomy":"product_cat","embeddable":true,"href":"https:\/\/bogensportdiscount.ch\/it\/wp-json\/wp\/v2\/product_cat?post=407990"},{"taxonomy":"product_tag","embeddable":true,"href":"https:\/\/bogensportdiscount.ch\/it\/wp-json\/wp\/v2\/product_tag?post=407990"}],"curies":[{"name":"wp","href":"https:\/\/api.w.org\/{rel}","templated":true}]}}