{"id":407876,"date":"2026-04-05T14:57:07","date_gmt":"2026-04-05T12:57:07","guid":{"rendered":"https:\/\/bogensportdiscount.ch\/produkt\/compound-sights-ultima-cp-pro-400-6-carbon-rh-black\/"},"modified":"2026-04-17T13:47:19","modified_gmt":"2026-04-17T11:47:19","slug":"shibuya-compound-visier-ultima-cp-pro-400-6-carbon","status":"publish","type":"product","link":"https:\/\/bogensportdiscount.ch\/it\/prodotto\/shibuya-compound-visier-ultima-cp-pro-400-6-carbon\/","title":{"rendered":"MIRINI COMPOSTI SHIBUYA ULTIMA CP PRO 400-6\u2033 CARBONIO"},"content":{"rendered":"<p>Das SHIBUYA Ultima CP Pro 400 6&#8243; Carbon ist ein Compound-Visier aus dem Turniersegment, entwickelt f\u00fcr den Einsatz im Parcours- und Feldbogenschiessen. Der Ausleger aus Carbon sorgt f\u00fcr ein geringes Gewicht bei gleichzeitig hoher Steifigkeit, was eine stabile Visierposition auch unter Belastung gew\u00e4hrleistet.<\/p>\n<p>Das Visier ist sowohl f\u00fcr Rechts- als auch f\u00fcr Linksh\u00e4nder ausgelegt und l\u00e4sst sich in mehreren Farben w\u00e4hlen, was eine individuelle Anpassung an das eigene Equipment erm\u00f6glicht.<\/p>\n<ul>\n<li>6-Zoll-Carbon-Ausleger f\u00fcr hohe Stabilit\u00e4t bei niedrigem Gewicht<\/li>\n<li>Geeignet f\u00fcr Rechts- und Linkshand<\/li>\n<li>Erh\u00e4ltlich in f\u00fcnf Farben: Black, Gold, Orange, Purple, Red<\/li>\n<li>Konzipiert f\u00fcr den Compound-Turniereinsatz<\/li>\n<\/ul>","protected":false},"excerpt":{"rendered":"<p><strong>Marchio:<\/strong> Shibuya<br \/><strong>Length (inch):<\/strong> 6<\/p>","protected":false},"featured_media":451191,"comment_status":"open","ping_status":"closed","template":"","meta":[],"product_brand":[496],"product_cat":[4261],"product_tag":[],"class_list":{"0":"post-407876","1":"product","2":"type-product","3":"status-publish","4":"has-post-thumbnail","6":"product_brand-shibuya","7":"product_cat-compound-visiere","9":"first","10":"instock","11":"shipping-taxable","12":"purchasable","13":"product-type-variable"},"_links":{"self":[{"href":"https:\/\/bogensportdiscount.ch\/it\/wp-json\/wp\/v2\/product\/407876","targetHints":{"allow":["GET"]}}],"collection":[{"href":"https:\/\/bogensportdiscount.ch\/it\/wp-json\/wp\/v2\/product"}],"about":[{"href":"https:\/\/bogensportdiscount.ch\/it\/wp-json\/wp\/v2\/types\/product"}],"replies":[{"embeddable":true,"href":"https:\/\/bogensportdiscount.ch\/it\/wp-json\/wp\/v2\/comments?post=407876"}],"wp:featuredmedia":[{"embeddable":true,"href":"https:\/\/bogensportdiscount.ch\/it\/wp-json\/wp\/v2\/media\/451191"}],"wp:attachment":[{"href":"https:\/\/bogensportdiscount.ch\/it\/wp-json\/wp\/v2\/media?parent=407876"}],"wp:term":[{"taxonomy":"product_brand","embeddable":true,"href":"https:\/\/bogensportdiscount.ch\/it\/wp-json\/wp\/v2\/product_brand?post=407876"},{"taxonomy":"product_cat","embeddable":true,"href":"https:\/\/bogensportdiscount.ch\/it\/wp-json\/wp\/v2\/product_cat?post=407876"},{"taxonomy":"product_tag","embeddable":true,"href":"https:\/\/bogensportdiscount.ch\/it\/wp-json\/wp\/v2\/product_tag?post=407876"}],"curies":[{"name":"wp","href":"https:\/\/api.w.org\/{rel}","templated":true}]}}