{"id":407854,"date":"2026-04-05T14:57:05","date_gmt":"2026-04-05T12:57:05","guid":{"rendered":"https:\/\/bogensportdiscount.ch\/produkt\/single-armguard-organic-x-black\/"},"modified":"2026-05-14T15:26:29","modified_gmt":"2026-05-14T13:26:29","slug":"fivics-einfacher-armschutz-organic-x","status":"publish","type":"product","link":"https:\/\/bogensportdiscount.ch\/it\/prodotto\/fivics-einfacher-armschutz-organic-x\/","title":{"rendered":"FIVICS EINZELNER ARMSCHUTZ ORGANIC X"},"content":{"rendered":"<p>Il FIVICS Organic X \u00e8 un semplice parabraccio che protegge l'avambraccio dell'arciere dal contraccolpo della corda dell'arco. Come prodotto del produttore coreano di tiro con l'arco FIVICS, \u00e8 destinato agli arcieri di arco ricurvo che cercano un parabraccio affidabile e leggero.<\/p>\n<p>Il parabraccio \u00e8 disponibile in quattro colori \u2013 nero, blu, verde e rosso \u2013 e pu\u00f2 essere abbinato alle preferenze personali o ai colori del club.<\/p>\n<ul>\n<li>Parabraccio semplice e leggero<\/li>\n<li>Protezione dal ritorno della corda<\/li>\n<li>Quattro varianti di colore disponibili<\/li>\n<li>Prodotto in Corea del Sud<\/li>\n<\/ul>","protected":false},"excerpt":{"rendered":"<table>\n<tr>\n<th>Propriet\u00e0<\/th>\n<th>Valore<\/th>\n<\/tr>\n<tr>\n<td>Marca<\/td>\n<td>Selezione spine: 400, 450, 500, 550, 600, 650, 700, 800, 900, 1000, 1100, 1200<\/td>\n<\/tr>\n<tr>\n<td>Paese di origine<\/td>\n<td>Corea del Sud<\/td>\n<\/tr>\n<\/table>","protected":false},"featured_media":451184,"comment_status":"open","ping_status":"closed","template":"","meta":[],"product_brand":[429],"product_cat":[4155],"product_tag":[],"class_list":{"0":"post-407854","1":"product","2":"type-product","3":"status-publish","4":"has-post-thumbnail","6":"product_brand-fivics","7":"product_cat-singel-armschutz","8":"product_shipping_class-bsd-standard","10":"first","11":"instock","12":"shipping-taxable","13":"purchasable","14":"product-type-variable"},"yoast_head":"<!-- This site is optimized with the Yoast SEO plugin v27.6 - https:\/\/yoast.com\/product\/yoast-seo-wordpress\/ -->\n<title>FIVICS EINZELNER ARMSCHUTZ ORGANIC X - Bogensportdiscount \u2013 B\u00f6gen, Pfeile, Targets &amp; Zubeh\u00f6r<\/title>\n<meta name=\"description\" content=\"FIVICS EINZELNER ARMSCHUTZ ORGANIC X g\u00fcnstig kaufen bei Bogensportdiscount \u2013 Top-Marken, schneller Versand aus der Schweiz.\" \/>\n<meta name=\"robots\" content=\"index, follow, max-snippet:-1, max-image-preview:large, max-video-preview:-1\" \/>\n<link rel=\"canonical\" href=\"https:\/\/bogensportdiscount.ch\/it\/prodotto\/fivics-einfacher-armschutz-organic-x\/\" \/>\n<meta property=\"og:locale\" content=\"it_IT\" \/>\n<meta property=\"og:type\" content=\"article\" \/>\n<meta property=\"og:title\" content=\"FIVICS EINZELNER ARMSCHUTZ ORGANIC X - Bogensportdiscount \u2013 B\u00f6gen, Pfeile, Targets &amp; Zubeh\u00f6r\" \/>\n<meta property=\"og:description\" content=\"FIVICS EINZELNER ARMSCHUTZ ORGANIC X g\u00fcnstig kaufen bei Bogensportdiscount \u2013 Top-Marken, schneller Versand aus der Schweiz.\" \/>\n<meta property=\"og:url\" content=\"https:\/\/bogensportdiscount.ch\/it\/prodotto\/fivics-einfacher-armschutz-organic-x\/\" \/>\n<meta property=\"og:site_name\" content=\"Bogensportdiscount \u2013 B\u00f6gen, Pfeile, Targets &amp; Zubeh\u00f6r\" \/>\n<meta property=\"article:modified_time\" content=\"2026-05-14T13:26:29+00:00\" \/>\n<meta property=\"og:image\" content=\"https:\/\/bogensportdiscount.ch\/wp-content\/uploads\/bsm-images\/A055818_1.png\" \/>\n\t<meta property=\"og:image:width\" content=\"335\" \/>\n\t<meta property=\"og:image:height\" content=\"703\" \/>\n\t<meta property=\"og:image:type\" content=\"image\/png\" \/>\n<meta name=\"twitter:card\" content=\"summary_large_image\" \/>\n<script type=\"application\/ld+json\" class=\"yoast-schema-graph\">{\"@context\":\"https:\\\/\\\/schema.org\",\"@graph\":[{\"@type\":\"WebPage\",\"@id\":\"https:\\\/\\\/bogensportdiscount.ch\\\/produkt\\\/fivics-einfacher-armschutz-organic-x\\\/\",\"url\":\"https:\\\/\\\/bogensportdiscount.ch\\\/produkt\\\/fivics-einfacher-armschutz-organic-x\\\/\",\"name\":\"FIVICS EINZELNER ARMSCHUTZ ORGANIC X - Bogensportdiscount \u2013 B\u00f6gen, Pfeile, Targets &amp; Zubeh\u00f6r\",\"isPartOf\":{\"@id\":\"https:\\\/\\\/bogensportdiscount.ch\\\/#website\"},\"primaryImageOfPage\":{\"@id\":\"https:\\\/\\\/bogensportdiscount.ch\\\/produkt\\\/fivics-einfacher-armschutz-organic-x\\\/#primaryimage\"},\"image\":{\"@id\":\"https:\\\/\\\/bogensportdiscount.ch\\\/produkt\\\/fivics-einfacher-armschutz-organic-x\\\/#primaryimage\"},\"thumbnailUrl\":\"https:\\\/\\\/bogensportdiscount.ch\\\/wp-content\\\/uploads\\\/bsm-images\\\/A055818_1.png\",\"datePublished\":\"2026-04-05T12:57:05+00:00\",\"dateModified\":\"2026-05-14T13:26:29+00:00\",\"description\":\"FIVICS EINZELNER ARMSCHUTZ ORGANIC X g\u00fcnstig kaufen bei Bogensportdiscount \u2013 Top-Marken, schneller Versand aus der Schweiz.\",\"breadcrumb\":{\"@id\":\"https:\\\/\\\/bogensportdiscount.ch\\\/produkt\\\/fivics-einfacher-armschutz-organic-x\\\/#breadcrumb\"},\"inLanguage\":\"it-IT\",\"potentialAction\":[{\"@type\":\"ReadAction\",\"target\":[\"https:\\\/\\\/bogensportdiscount.ch\\\/produkt\\\/fivics-einfacher-armschutz-organic-x\\\/\"]}]},{\"@type\":\"ImageObject\",\"inLanguage\":\"it-IT\",\"@id\":\"https:\\\/\\\/bogensportdiscount.ch\\\/produkt\\\/fivics-einfacher-armschutz-organic-x\\\/#primaryimage\",\"url\":\"https:\\\/\\\/bogensportdiscount.ch\\\/wp-content\\\/uploads\\\/bsm-images\\\/A055818_1.png\",\"contentUrl\":\"https:\\\/\\\/bogensportdiscount.ch\\\/wp-content\\\/uploads\\\/bsm-images\\\/A055818_1.png\",\"width\":335,\"height\":703},{\"@type\":\"BreadcrumbList\",\"@id\":\"https:\\\/\\\/bogensportdiscount.ch\\\/produkt\\\/fivics-einfacher-armschutz-organic-x\\\/#breadcrumb\",\"itemListElement\":[{\"@type\":\"ListItem\",\"position\":1,\"name\":\"Home\",\"item\":\"https:\\\/\\\/bogensportdiscount.ch\\\/\"},{\"@type\":\"ListItem\",\"position\":2,\"name\":\"Shop\",\"item\":\"https:\\\/\\\/bogensportdiscount.ch\\\/shop\\\/\"},{\"@type\":\"ListItem\",\"position\":3,\"name\":\"FIVICS SINGLE ARMGUARD ORGANIC X\"}]},{\"@type\":\"WebSite\",\"@id\":\"https:\\\/\\\/bogensportdiscount.ch\\\/#website\",\"url\":\"https:\\\/\\\/bogensportdiscount.ch\\\/\",\"name\":\"Bogensportdiscount\",\"description\":\"\",\"potentialAction\":[{\"@type\":\"SearchAction\",\"target\":{\"@type\":\"EntryPoint\",\"urlTemplate\":\"https:\\\/\\\/bogensportdiscount.ch\\\/?s={search_term_string}\"},\"query-input\":{\"@type\":\"PropertyValueSpecification\",\"valueRequired\":true,\"valueName\":\"search_term_string\"}}],\"inLanguage\":\"it-IT\"}]}<\/script>\n<!-- \/ Yoast SEO plugin. -->","yoast_head_json":{"title":"FIVICS EINZELNER ARMSCHUTZ ORGANIC X - Bogensportdiscount \u2013 B\u00f6gen, Pfeile, Targets &amp; Zubeh\u00f6r","description":"FIVICS EINZELNER ARMSCHUTZ ORGANIC X g\u00fcnstig kaufen bei Bogensportdiscount \u2013 Top-Marken, schneller Versand aus der Schweiz.","robots":{"index":"index","follow":"follow","max-snippet":"max-snippet:-1","max-image-preview":"max-image-preview:large","max-video-preview":"max-video-preview:-1"},"canonical":"https:\/\/bogensportdiscount.ch\/it\/prodotto\/fivics-einfacher-armschutz-organic-x\/","og_locale":"it_IT","og_type":"article","og_title":"FIVICS EINZELNER ARMSCHUTZ ORGANIC X - Bogensportdiscount \u2013 B\u00f6gen, Pfeile, Targets &amp; Zubeh\u00f6r","og_description":"FIVICS EINZELNER ARMSCHUTZ ORGANIC X g\u00fcnstig kaufen bei Bogensportdiscount \u2013 Top-Marken, schneller Versand aus der Schweiz.","og_url":"https:\/\/bogensportdiscount.ch\/it\/prodotto\/fivics-einfacher-armschutz-organic-x\/","og_site_name":"Bogensportdiscount \u2013 B\u00f6gen, Pfeile, Targets &amp; Zubeh\u00f6r","article_modified_time":"2026-05-14T13:26:29+00:00","og_image":[{"width":335,"height":703,"url":"https:\/\/bogensportdiscount.ch\/wp-content\/uploads\/bsm-images\/A055818_1.png","type":"image\/png"}],"twitter_card":"summary_large_image","schema":{"@context":"https:\/\/schema.org","@graph":[{"@type":"WebPage","@id":"https:\/\/bogensportdiscount.ch\/produkt\/fivics-einfacher-armschutz-organic-x\/","url":"https:\/\/bogensportdiscount.ch\/produkt\/fivics-einfacher-armschutz-organic-x\/","name":"FIVICS EINZELNER ARMSCHUTZ ORGANIC X - Bogensportdiscount \u2013 B\u00f6gen, Pfeile, Targets &amp; Zubeh\u00f6r","isPartOf":{"@id":"https:\/\/bogensportdiscount.ch\/#website"},"primaryImageOfPage":{"@id":"https:\/\/bogensportdiscount.ch\/produkt\/fivics-einfacher-armschutz-organic-x\/#primaryimage"},"image":{"@id":"https:\/\/bogensportdiscount.ch\/produkt\/fivics-einfacher-armschutz-organic-x\/#primaryimage"},"thumbnailUrl":"https:\/\/bogensportdiscount.ch\/wp-content\/uploads\/bsm-images\/A055818_1.png","datePublished":"2026-04-05T12:57:05+00:00","dateModified":"2026-05-14T13:26:29+00:00","description":"FIVICS EINZELNER ARMSCHUTZ ORGANIC X g\u00fcnstig kaufen bei Bogensportdiscount \u2013 Top-Marken, schneller Versand aus der Schweiz.","breadcrumb":{"@id":"https:\/\/bogensportdiscount.ch\/produkt\/fivics-einfacher-armschutz-organic-x\/#breadcrumb"},"inLanguage":"it-IT","potentialAction":[{"@type":"ReadAction","target":["https:\/\/bogensportdiscount.ch\/produkt\/fivics-einfacher-armschutz-organic-x\/"]}]},{"@type":"ImageObject","inLanguage":"it-IT","@id":"https:\/\/bogensportdiscount.ch\/produkt\/fivics-einfacher-armschutz-organic-x\/#primaryimage","url":"https:\/\/bogensportdiscount.ch\/wp-content\/uploads\/bsm-images\/A055818_1.png","contentUrl":"https:\/\/bogensportdiscount.ch\/wp-content\/uploads\/bsm-images\/A055818_1.png","width":335,"height":703},{"@type":"BreadcrumbList","@id":"https:\/\/bogensportdiscount.ch\/produkt\/fivics-einfacher-armschutz-organic-x\/#breadcrumb","itemListElement":[{"@type":"ListItem","position":1,"name":"Home","item":"https:\/\/bogensportdiscount.ch\/"},{"@type":"ListItem","position":2,"name":"Shop","item":"https:\/\/bogensportdiscount.ch\/shop\/"},{"@type":"ListItem","position":3,"name":"FIVICS SINGLE ARMGUARD ORGANIC X"}]},{"@type":"WebSite","@id":"https:\/\/bogensportdiscount.ch\/#website","url":"https:\/\/bogensportdiscount.ch\/","name":"Bogensportdiscount","description":"","potentialAction":[{"@type":"SearchAction","target":{"@type":"EntryPoint","urlTemplate":"https:\/\/bogensportdiscount.ch\/?s={search_term_string}"},"query-input":{"@type":"PropertyValueSpecification","valueRequired":true,"valueName":"search_term_string"}}],"inLanguage":"it-IT"}]}},"_links":{"self":[{"href":"https:\/\/bogensportdiscount.ch\/it\/wp-json\/wp\/v2\/product\/407854","targetHints":{"allow":["GET"]}}],"collection":[{"href":"https:\/\/bogensportdiscount.ch\/it\/wp-json\/wp\/v2\/product"}],"about":[{"href":"https:\/\/bogensportdiscount.ch\/it\/wp-json\/wp\/v2\/types\/product"}],"replies":[{"embeddable":true,"href":"https:\/\/bogensportdiscount.ch\/it\/wp-json\/wp\/v2\/comments?post=407854"}],"wp:featuredmedia":[{"embeddable":true,"href":"https:\/\/bogensportdiscount.ch\/it\/wp-json\/wp\/v2\/media\/451184"}],"wp:attachment":[{"href":"https:\/\/bogensportdiscount.ch\/it\/wp-json\/wp\/v2\/media?parent=407854"}],"wp:term":[{"taxonomy":"product_brand","embeddable":true,"href":"https:\/\/bogensportdiscount.ch\/it\/wp-json\/wp\/v2\/product_brand?post=407854"},{"taxonomy":"product_cat","embeddable":true,"href":"https:\/\/bogensportdiscount.ch\/it\/wp-json\/wp\/v2\/product_cat?post=407854"},{"taxonomy":"product_tag","embeddable":true,"href":"https:\/\/bogensportdiscount.ch\/it\/wp-json\/wp\/v2\/product_tag?post=407854"}],"curies":[{"name":"wp","href":"https:\/\/api.w.org\/{rel}","templated":true}]}}