{"id":407677,"date":"2026-04-05T14:56:47","date_gmt":"2026-04-05T12:56:47","guid":{"rendered":"https:\/\/bogensportdiscount.ch\/produkt\/deadening-limb-silencers-red\/"},"modified":"2026-04-17T13:47:17","modified_gmt":"2026-04-17T11:47:17","slug":"killer-instinct-wurfarmdaempfer-deadening-limb-silencers","status":"publish","type":"product","link":"https:\/\/bogensportdiscount.ch\/it\/prodotto\/killer-instinct-wurfarmdaempfer-deadening-limb-silencers\/","title":{"rendered":"KILLERINSTICT SILENZIATORI PER ARTI"},"content":{"rendered":"<p>Die Killer Instinct Deadening Limb Silencers sind Wurfarm-D\u00e4mpfer, die speziell f\u00fcr Armbr\u00fcste entwickelt wurden. Sie werden an den Wurfarmen montiert und reduzieren Vibrationen sowie Abschussger\u00e4usche, was zu einem ruhigeren Schussbild beitr\u00e4gt.<\/p>\n<p>Die D\u00e4mpfer sind in Grau und Rot erh\u00e4ltlich und lassen sich einfach nachr\u00fcsten. Sie sind kompatibel mit einer Vielzahl von Armbr\u00fcsten und eignen sich als praktische Erg\u00e4nzung f\u00fcr Jagd und Sport.<\/p>\n<ul>\n<li>Reduziert Vibrationen an den Wurfarmen<\/li>\n<li>D\u00e4mpft Abschussger\u00e4usche<\/li>\n<li>Erh\u00e4ltlich in Grau und Rot<\/li>\n<li>Einfache Montage<\/li>\n<\/ul>","protected":false},"excerpt":{"rendered":"<p>Die Killer Instinct Deadening Limb Silencers sind D\u00e4mpfer zur Reduzierung von Schwingungen und Ger\u00e4uschen an den Wurfarmen der Armbrust. Erh\u00e4ltlich in den Farben Grau und Rot.<\/p>","protected":false},"featured_media":451161,"comment_status":"open","ping_status":"closed","template":"","meta":[],"product_brand":[627],"product_cat":[4137],"product_tag":[],"class_list":{"0":"post-407677","1":"product","2":"type-product","3":"status-publish","4":"has-post-thumbnail","6":"product_brand-killerinstict","7":"product_cat-weitere","9":"first","10":"instock","11":"shipping-taxable","12":"purchasable","13":"product-type-variable"},"_links":{"self":[{"href":"https:\/\/bogensportdiscount.ch\/it\/wp-json\/wp\/v2\/product\/407677","targetHints":{"allow":["GET"]}}],"collection":[{"href":"https:\/\/bogensportdiscount.ch\/it\/wp-json\/wp\/v2\/product"}],"about":[{"href":"https:\/\/bogensportdiscount.ch\/it\/wp-json\/wp\/v2\/types\/product"}],"replies":[{"embeddable":true,"href":"https:\/\/bogensportdiscount.ch\/it\/wp-json\/wp\/v2\/comments?post=407677"}],"wp:featuredmedia":[{"embeddable":true,"href":"https:\/\/bogensportdiscount.ch\/it\/wp-json\/wp\/v2\/media\/451161"}],"wp:attachment":[{"href":"https:\/\/bogensportdiscount.ch\/it\/wp-json\/wp\/v2\/media?parent=407677"}],"wp:term":[{"taxonomy":"product_brand","embeddable":true,"href":"https:\/\/bogensportdiscount.ch\/it\/wp-json\/wp\/v2\/product_brand?post=407677"},{"taxonomy":"product_cat","embeddable":true,"href":"https:\/\/bogensportdiscount.ch\/it\/wp-json\/wp\/v2\/product_cat?post=407677"},{"taxonomy":"product_tag","embeddable":true,"href":"https:\/\/bogensportdiscount.ch\/it\/wp-json\/wp\/v2\/product_tag?post=407677"}],"curies":[{"name":"wp","href":"https:\/\/api.w.org\/{rel}","templated":true}]}}