{"id":407668,"date":"2026-04-05T14:56:45","date_gmt":"2026-04-05T12:56:45","guid":{"rendered":"https:\/\/bogensportdiscount.ch\/produkt\/hunting-3d-sight-pro-hunter-hd-5-pin-019-rh-black\/"},"modified":"2026-04-17T13:47:16","modified_gmt":"2026-04-17T11:47:16","slug":"blackgold-compound-jagd-3d-visier-pro-hunter-hd","status":"publish","type":"product","link":"https:\/\/bogensportdiscount.ch\/it\/prodotto\/blackgold-compound-jagd-3d-visier-pro-hunter-hd\/","title":{"rendered":"BLACKGOLD HUNTING &amp; 3D SIGHT PRO HUNTER HD \/"},"content":{"rendered":"<p>Das BLACKGOLD Pro Hunter HD ist ein robustes Compound-Visier, das speziell f\u00fcr Jagd- und 3D-Anwendungen entwickelt wurde. Die HD-Bezeichnung steht f\u00fcr eine hochwertige Optik, die auch bei schwierigen Lichtverh\u00e4ltnissen eine klare Sicht auf das Ziel erm\u00f6glicht.<\/p>\n<p>Das Visier ist in einer Rechtshand- und einer Linkshand-Ausf\u00fchrung erh\u00e4ltlich, sodass es f\u00fcr die meisten Sch\u00fctzen geeignet ist. Dank der soliden Bauweise ist es f\u00fcr den Einsatz bei der Jagd und im 3D-Bogensport ausgelegt.<\/p>\n<ul>\n<li>Ausgelegt f\u00fcr Jagd und 3D-Bogensport<\/li>\n<li>HD-Optik f\u00fcr klare Sicht bei verschiedenen Lichtverh\u00e4ltnissen<\/li>\n<li>Erh\u00e4ltlich in Links- und Rechtshand-Ausf\u00fchrung<\/li>\n<li>Robuste Konstruktion f\u00fcr den Outdooreinsatz<\/li>\n<\/ul>","protected":false},"excerpt":{"rendered":"<p>Das BLACKGOLD Pro Hunter HD ist ein Compound-Visier f\u00fcr Jagd und 3D-Bogensport. Es ist in einer Links- und Rechtshand-Version erh\u00e4ltlich und eignet sich f\u00fcr den Einsatz unter wechselnden Lichtverh\u00e4ltnissen im Gel\u00e4nde.<\/p>","protected":false},"featured_media":451148,"comment_status":"open","ping_status":"closed","template":"","meta":[],"product_brand":[513],"product_cat":[4263],"product_tag":[],"class_list":{"0":"post-407668","1":"product","2":"type-product","3":"status-publish","4":"has-post-thumbnail","6":"product_brand-blackgold","7":"product_cat-jagd-und-3d-visiere","9":"first","10":"instock","11":"shipping-taxable","12":"purchasable","13":"product-type-variable"},"_links":{"self":[{"href":"https:\/\/bogensportdiscount.ch\/it\/wp-json\/wp\/v2\/product\/407668","targetHints":{"allow":["GET"]}}],"collection":[{"href":"https:\/\/bogensportdiscount.ch\/it\/wp-json\/wp\/v2\/product"}],"about":[{"href":"https:\/\/bogensportdiscount.ch\/it\/wp-json\/wp\/v2\/types\/product"}],"replies":[{"embeddable":true,"href":"https:\/\/bogensportdiscount.ch\/it\/wp-json\/wp\/v2\/comments?post=407668"}],"wp:featuredmedia":[{"embeddable":true,"href":"https:\/\/bogensportdiscount.ch\/it\/wp-json\/wp\/v2\/media\/451148"}],"wp:attachment":[{"href":"https:\/\/bogensportdiscount.ch\/it\/wp-json\/wp\/v2\/media?parent=407668"}],"wp:term":[{"taxonomy":"product_brand","embeddable":true,"href":"https:\/\/bogensportdiscount.ch\/it\/wp-json\/wp\/v2\/product_brand?post=407668"},{"taxonomy":"product_cat","embeddable":true,"href":"https:\/\/bogensportdiscount.ch\/it\/wp-json\/wp\/v2\/product_cat?post=407668"},{"taxonomy":"product_tag","embeddable":true,"href":"https:\/\/bogensportdiscount.ch\/it\/wp-json\/wp\/v2\/product_tag?post=407668"}],"curies":[{"name":"wp","href":"https:\/\/api.w.org\/{rel}","templated":true}]}}