{"id":407511,"date":"2026-04-05T14:56:25","date_gmt":"2026-04-05T12:56:25","guid":{"rendered":"https:\/\/bogensportdiscount.ch\/produkt\/finger-savers-xl-black-6-pk\/"},"modified":"2026-04-17T13:47:13","modified_gmt":"2026-04-17T11:47:13","slug":"pine-ridge-finger-savers-xl","status":"publish","type":"product","link":"https:\/\/bogensportdiscount.ch\/it\/prodotto\/pine-ridge-finger-savers-xl\/","title":{"rendered":"PINOLI SALVADITA XL 6\/PZ."},"content":{"rendered":"<p>Die Pine Ridge Finger Savers XL werden direkt auf der Bogensehne montiert und bieten einen zuverl\u00e4ssigen Schutz f\u00fcr die Finger beim Abziehen. Sie eignen sich besonders f\u00fcr Bogensch\u00fctzen, die ohne Tab oder Handschuh schiessen m\u00f6chten, und sind in der XL-Gr\u00f6sse f\u00fcr gr\u00f6ssere H\u00e4nde oder dickere Sehnen ausgelegt.<\/p>\n<p>Die Finger Savers lassen sich einfach an der gew\u00fcnschten Position auf der Sehne befestigen und sorgen f\u00fcr eine gleichm\u00e4ssige, angenehme Zugposition. Das Produkt stammt von Pine Ridge Archery, einem US-amerikanischen Hersteller von Bogensport-Zubeh\u00f6r.<\/p>\n<ul>\n<li>Direktmontage auf der Bogensehne<\/li>\n<li>Sch\u00fctzt Finger beim Schiessen ohne Tab oder Handschuh<\/li>\n<li>Gr\u00f6sse XL f\u00fcr gr\u00f6ssere H\u00e4nde oder dickere Sehnen<\/li>\n<li>Erh\u00e4ltlich in 10 Farben<\/li>\n<\/ul>","protected":false},"excerpt":{"rendered":"<p>Die Pine Ridge Finger Savers XL sind Fingerschoner f\u00fcr die Bogensehne und sch\u00fctzen die Finger beim Schiessen ohne Handschuh oder Tab. Erh\u00e4ltlich in zahlreichen Farben: Schwarz, Blau, Gr\u00fcn, Orange, Pink, Violett, Rot, Tan, T\u00fcrkis und Gelb.<\/p>","protected":false},"featured_media":452796,"comment_status":"open","ping_status":"closed","template":"","meta":[],"product_brand":[551],"product_cat":[4347],"product_tag":[],"class_list":{"0":"post-407511","1":"product","2":"type-product","3":"status-publish","4":"has-post-thumbnail","6":"product_brand-pine-ridge","7":"product_cat-nocking-points-kisser-buttons-accessories","9":"first","10":"instock","11":"shipping-taxable","12":"purchasable","13":"product-type-variable"},"_links":{"self":[{"href":"https:\/\/bogensportdiscount.ch\/it\/wp-json\/wp\/v2\/product\/407511","targetHints":{"allow":["GET"]}}],"collection":[{"href":"https:\/\/bogensportdiscount.ch\/it\/wp-json\/wp\/v2\/product"}],"about":[{"href":"https:\/\/bogensportdiscount.ch\/it\/wp-json\/wp\/v2\/types\/product"}],"replies":[{"embeddable":true,"href":"https:\/\/bogensportdiscount.ch\/it\/wp-json\/wp\/v2\/comments?post=407511"}],"wp:featuredmedia":[{"embeddable":true,"href":"https:\/\/bogensportdiscount.ch\/it\/wp-json\/wp\/v2\/media\/452796"}],"wp:attachment":[{"href":"https:\/\/bogensportdiscount.ch\/it\/wp-json\/wp\/v2\/media?parent=407511"}],"wp:term":[{"taxonomy":"product_brand","embeddable":true,"href":"https:\/\/bogensportdiscount.ch\/it\/wp-json\/wp\/v2\/product_brand?post=407511"},{"taxonomy":"product_cat","embeddable":true,"href":"https:\/\/bogensportdiscount.ch\/it\/wp-json\/wp\/v2\/product_cat?post=407511"},{"taxonomy":"product_tag","embeddable":true,"href":"https:\/\/bogensportdiscount.ch\/it\/wp-json\/wp\/v2\/product_tag?post=407511"}],"curies":[{"name":"wp","href":"https:\/\/api.w.org\/{rel}","templated":true}]}}