{"id":407479,"date":"2026-04-05T14:56:21","date_gmt":"2026-04-05T12:56:21","guid":{"rendered":"https:\/\/bogensportdiscount.ch\/produkt\/nitro-split-limb-dampener-black-2-pk\/"},"modified":"2026-04-17T13:47:13","modified_gmt":"2026-04-17T11:47:13","slug":"pine-ridge-wurfarmdaempfer-nitro-split-limb","status":"publish","type":"product","link":"https:\/\/bogensportdiscount.ch\/it\/prodotto\/pine-ridge-wurfarmdaempfer-nitro-split-limb\/","title":{"rendered":"PINE RIDGE NITRO SMORZATORE DI ARTI SPACCATI 2\/PZ."},"content":{"rendered":"<p>Der Pine Ridge Nitro Split Limb D\u00e4mpfer ist ein Wurfarmd\u00e4mpfer, der gezielt f\u00fcr B\u00f6gen mit gespaltenen Wurfarmen (Split Limb) entwickelt wurde. Er wird direkt am Wurfarm montiert und d\u00e4mpft Vibrationen sowie Abschussger\u00e4usche.<\/p>\n<p>Das Produkt stammt aus dem Hause Pine Ridge Archery, einem US-amerikanischen Hersteller von Bogensport-Zubeh\u00f6r. Der Nitro Split Limb D\u00e4mpfer ist in den Farben Schwarz, Orange und Rot erh\u00e4ltlich, sodass er sich optisch an verschiedene Bogen-Setups anpassen l\u00e4sst.<\/p>\n<ul>\n<li>Speziell f\u00fcr Split-Limb-B\u00f6gen konzipiert<\/li>\n<li>Reduziert Vibrationen und Abschussger\u00e4usche<\/li>\n<li>Einfache Montage am Wurfarm<\/li>\n<li>Erh\u00e4ltlich in Schwarz, Orange und Rot<\/li>\n<\/ul>","protected":false},"excerpt":{"rendered":"<p>Der Pine Ridge Nitro Split Limb D\u00e4mpfer reduziert Vibrationen und Ger\u00e4usche am Wurfarm effektiv. Er ist speziell f\u00fcr gespaltene Wurfarme (Split Limb) konzipiert und in den Farben Schwarz, Orange und Rot erh\u00e4ltlich.<\/p>","protected":false},"featured_media":452794,"comment_status":"open","ping_status":"closed","template":"","meta":[],"product_brand":[551],"product_cat":[4614],"product_tag":[],"class_list":{"0":"post-407479","1":"product","2":"type-product","3":"status-publish","4":"has-post-thumbnail","6":"product_brand-pine-ridge","7":"product_cat-wurfarm-daempfer","9":"first","10":"instock","11":"shipping-taxable","12":"purchasable","13":"product-type-variable"},"_links":{"self":[{"href":"https:\/\/bogensportdiscount.ch\/it\/wp-json\/wp\/v2\/product\/407479","targetHints":{"allow":["GET"]}}],"collection":[{"href":"https:\/\/bogensportdiscount.ch\/it\/wp-json\/wp\/v2\/product"}],"about":[{"href":"https:\/\/bogensportdiscount.ch\/it\/wp-json\/wp\/v2\/types\/product"}],"replies":[{"embeddable":true,"href":"https:\/\/bogensportdiscount.ch\/it\/wp-json\/wp\/v2\/comments?post=407479"}],"wp:featuredmedia":[{"embeddable":true,"href":"https:\/\/bogensportdiscount.ch\/it\/wp-json\/wp\/v2\/media\/452794"}],"wp:attachment":[{"href":"https:\/\/bogensportdiscount.ch\/it\/wp-json\/wp\/v2\/media?parent=407479"}],"wp:term":[{"taxonomy":"product_brand","embeddable":true,"href":"https:\/\/bogensportdiscount.ch\/it\/wp-json\/wp\/v2\/product_brand?post=407479"},{"taxonomy":"product_cat","embeddable":true,"href":"https:\/\/bogensportdiscount.ch\/it\/wp-json\/wp\/v2\/product_cat?post=407479"},{"taxonomy":"product_tag","embeddable":true,"href":"https:\/\/bogensportdiscount.ch\/it\/wp-json\/wp\/v2\/product_tag?post=407479"}],"curies":[{"name":"wp","href":"https:\/\/api.w.org\/{rel}","templated":true}]}}