{"id":407346,"date":"2026-04-05T14:56:04","date_gmt":"2026-04-05T12:56:04","guid":{"rendered":"https:\/\/bogensportdiscount.ch\/produkt\/hunting-3d-sights-fast-eddie-mrt-2-pin-019-micro-rh-black\/"},"modified":"2026-04-15T12:59:52","modified_gmt":"2026-04-15T10:59:52","slug":"spothogg-compound-jagd-3d-visier-fast-eddie-mrt-2-pin","status":"publish","type":"product","link":"https:\/\/bogensportdiscount.ch\/it\/prodotto\/spothogg-compound-jagd-3d-visier-fast-eddie-mrt-2-pin\/","title":{"rendered":"MIRINO SPOTHOGG CACCIA E 3D FAST EDDIE MRT \/ 2 PIN"},"content":{"rendered":"<p>Das SPOTHOGG Fast Eddie MRT 2-Pin ist ein Compound-Visier, das speziell f\u00fcr den Einsatz auf der Jagd sowie im 3D-Bogensport entwickelt wurde. Mit zwei Visiernadeln lassen sich zwei Entfernungen individuell einstellen, was schnelle Zielaufnahmen in variablen Gel\u00e4ndesituationen erm\u00f6glicht.<\/p>\n<p>Das Visier ist f\u00fcr Rechts- und Linkshandbogensch\u00fctzen erh\u00e4ltlich und kann mit Fadendicken von .019&#8243; oder .029&#8243; konfiguriert werden. Die feinere .019&#8243;-Nadel bietet mehr Pr\u00e4zision bei l\u00e4ngeren Distanzen, w\u00e4hrend die .029&#8243;-Variante bei schwierigen Lichtverh\u00e4ltnissen mehr Sichtbarkeit bietet.<\/p>\n<ul>\n<li>2-Pin-Einstellung f\u00fcr zwei feste Entfernungen<\/li>\n<li>Disponibile per l'uso con la mano destra o sinistra<\/li>\n<li>Fadendicken .019&#8243; und .029&#8243; w\u00e4hlbar<\/li>\n<li>Geeignet f\u00fcr Jagd und 3D-Bogensport<\/li>\n<\/ul>","protected":false},"excerpt":{"rendered":"<p><strong>Marchio:<\/strong> Spot-Hogg<\/p>","protected":false},"featured_media":451061,"comment_status":"open","ping_status":"closed","template":"","meta":[],"product_brand":[538],"product_cat":[4263],"product_tag":[],"class_list":{"0":"post-407346","1":"product","2":"type-product","3":"status-publish","4":"has-post-thumbnail","6":"product_brand-spothogg","7":"product_cat-jagd-und-3d-visiere","9":"first","10":"instock","11":"shipping-taxable","12":"purchasable","13":"product-type-variable"},"_links":{"self":[{"href":"https:\/\/bogensportdiscount.ch\/it\/wp-json\/wp\/v2\/product\/407346","targetHints":{"allow":["GET"]}}],"collection":[{"href":"https:\/\/bogensportdiscount.ch\/it\/wp-json\/wp\/v2\/product"}],"about":[{"href":"https:\/\/bogensportdiscount.ch\/it\/wp-json\/wp\/v2\/types\/product"}],"replies":[{"embeddable":true,"href":"https:\/\/bogensportdiscount.ch\/it\/wp-json\/wp\/v2\/comments?post=407346"}],"wp:featuredmedia":[{"embeddable":true,"href":"https:\/\/bogensportdiscount.ch\/it\/wp-json\/wp\/v2\/media\/451061"}],"wp:attachment":[{"href":"https:\/\/bogensportdiscount.ch\/it\/wp-json\/wp\/v2\/media?parent=407346"}],"wp:term":[{"taxonomy":"product_brand","embeddable":true,"href":"https:\/\/bogensportdiscount.ch\/it\/wp-json\/wp\/v2\/product_brand?post=407346"},{"taxonomy":"product_cat","embeddable":true,"href":"https:\/\/bogensportdiscount.ch\/it\/wp-json\/wp\/v2\/product_cat?post=407346"},{"taxonomy":"product_tag","embeddable":true,"href":"https:\/\/bogensportdiscount.ch\/it\/wp-json\/wp\/v2\/product_tag?post=407346"}],"curies":[{"name":"wp","href":"https:\/\/api.w.org\/{rel}","templated":true}]}}