{"id":407148,"date":"2026-04-05T14:55:48","date_gmt":"2026-04-05T12:55:48","guid":{"rendered":"https:\/\/bogensportdiscount.ch\/produkt\/innerfit-id4-2-nock-recurve-small-fluo-yellow-25-pk\/"},"modified":"2026-05-14T15:26:25","modified_gmt":"2026-05-14T13:26:25","slug":"skylon-innennocke-innerfit-id42-recurve-small-fluo","status":"publish","type":"product","link":"https:\/\/bogensportdiscount.ch\/it\/prodotto\/skylon-innennocke-innerfit-id42-recurve-small-fluo\/","title":{"rendered":"SKYLON INNERFIT ID4.2 NOCK RECURVE SMALL FLUO"},"content":{"rendered":"<p>La cocca interna SKYLON Innerfit ID4.2 \u00e8 progettata appositamente per le frecce da arco ricurvo con un diametro interno dell'asta di 4.2 mm. La cocca viene inserita nell'asta e garantisce cos\u00ec un collegamento pulito e affidabile tra la freccia e la corda dell'arco.<\/p>\n<p>Die fluoreszenten Farben (Blau, Gr\u00fcn, Orange, Rot, Gelb) erm\u00f6glichen eine einfache Unterscheidung und Zuordnung der Pfeile. Die Gr\u00f6sse Small eignet sich f\u00fcr schlanke Schaftdurchmesser und ist in praktischen Packungen zu 25 oder 100 St\u00fcck erh\u00e4ltlich.<\/p>\n<ul>\n<li>Diametro interno: 4.2 mm<\/li>\n<li>Taglia: Small \u2013 per aste da ricurvo sottili<\/li>\n<li>Colori fluorescenti per una facile distinzione<\/li>\n<li>Erh\u00e4ltlich in 25- oder 100-St\u00fcck-Packungen<\/li>\n<\/ul>","protected":false},"excerpt":{"rendered":"<table>\n<tr>\n<th>Propriet\u00e0<\/th>\n<th>Valore<\/th>\n<\/tr>\n<tr>\n<td>Marca<\/td>\n<td>Skylon<\/td>\n<\/tr>\n<tr>\n<td>Paese di origine<\/td>\n<td>Cina<\/td>\n<\/tr>\n<\/table>","protected":false},"featured_media":451038,"comment_status":"open","ping_status":"closed","template":"","meta":[],"product_brand":[457],"product_cat":[4238],"product_tag":[],"class_list":{"0":"post-407148","1":"product","2":"type-product","3":"status-publish","4":"has-post-thumbnail","6":"product_brand-skylon","7":"product_cat-innere-nocken","8":"product_shipping_class-bsd-standard","10":"first","11":"instock","12":"shipping-taxable","13":"purchasable","14":"product-type-variable"},"yoast_head":"<!-- This site is optimized with the Yoast SEO plugin v27.6 - https:\/\/yoast.com\/product\/yoast-seo-wordpress\/ -->\n<title>SKYLON INNERFIT ID4.2 NOCK RECURVE SMALL FLUO - Bogensportdiscount \u2013 Archi, frecce, bersagli e accessori<\/title>\n<meta name=\"description\" content=\"Acquista SKYLON INNERFIT ID4.2 NOCK RECURVE SMALL FLUO a un prezzo vantaggioso su Bogensportdiscount \u2013 Le migliori marche, spedizione veloce dalla Svizzera.\" \/>\n<meta name=\"robots\" content=\"index, follow, max-snippet:-1, max-image-preview:large, max-video-preview:-1\" \/>\n<link rel=\"canonical\" href=\"https:\/\/bogensportdiscount.ch\/it\/prodotto\/skylon-innennocke-innerfit-id42-recurve-small-fluo\/\" \/>\n<meta property=\"og:locale\" content=\"it_IT\" \/>\n<meta property=\"og:type\" content=\"article\" \/>\n<meta property=\"og:title\" content=\"SKYLON INNERFIT ID4.2 NOCK RECURVE SMALL FLUO - Bogensportdiscount \u2013 Archi, frecce, bersagli e accessori\" \/>\n<meta property=\"og:description\" content=\"Acquista SKYLON INNERFIT ID4.2 NOCK RECURVE SMALL FLUO a un prezzo vantaggioso su Bogensportdiscount \u2013 Le migliori marche, spedizione veloce dalla Svizzera.\" \/>\n<meta property=\"og:url\" content=\"https:\/\/bogensportdiscount.ch\/it\/prodotto\/skylon-innennocke-innerfit-id42-recurve-small-fluo\/\" \/>\n<meta property=\"og:site_name\" content=\"Bogensportdiscount \u2013 B\u00f6gen, Pfeile, Targets &amp; Zubeh\u00f6r\" \/>\n<meta property=\"article:modified_time\" content=\"2026-05-14T13:26:25+00:00\" \/>\n<meta property=\"og:image\" content=\"https:\/\/bogensportdiscount.ch\/wp-content\/uploads\/bsm-images\/A052357_1.png\" \/>\n\t<meta property=\"og:image:width\" content=\"1916\" \/>\n\t<meta property=\"og:image:height\" content=\"800\" \/>\n\t<meta property=\"og:image:type\" content=\"image\/png\" \/>\n<meta name=\"twitter:card\" content=\"summary_large_image\" \/>\n<script type=\"application\/ld+json\" class=\"yoast-schema-graph\">{\"@context\":\"https:\\\/\\\/schema.org\",\"@graph\":[{\"@type\":\"WebPage\",\"@id\":\"https:\\\/\\\/bogensportdiscount.ch\\\/produkt\\\/skylon-innennocke-innerfit-id42-recurve-small-fluo\\\/\",\"url\":\"https:\\\/\\\/bogensportdiscount.ch\\\/produkt\\\/skylon-innennocke-innerfit-id42-recurve-small-fluo\\\/\",\"name\":\"SKYLON INNERFIT ID4.2 NOCK RECURVE SMALL FLUO - Bogensportdiscount \u2013 B\u00f6gen, Pfeile, Targets &amp; Zubeh\u00f6r\",\"isPartOf\":{\"@id\":\"https:\\\/\\\/bogensportdiscount.ch\\\/#website\"},\"primaryImageOfPage\":{\"@id\":\"https:\\\/\\\/bogensportdiscount.ch\\\/produkt\\\/skylon-innennocke-innerfit-id42-recurve-small-fluo\\\/#primaryimage\"},\"image\":{\"@id\":\"https:\\\/\\\/bogensportdiscount.ch\\\/produkt\\\/skylon-innennocke-innerfit-id42-recurve-small-fluo\\\/#primaryimage\"},\"thumbnailUrl\":\"https:\\\/\\\/bogensportdiscount.ch\\\/wp-content\\\/uploads\\\/bsm-images\\\/A052357_1.png\",\"datePublished\":\"2026-04-05T12:55:48+00:00\",\"dateModified\":\"2026-05-14T13:26:25+00:00\",\"description\":\"SKYLON INNERFIT ID4.2 NOCK RECURVE SMALL FLUO g\u00fcnstig kaufen bei Bogensportdiscount \u2013 Top-Marken, schneller Versand aus der Schweiz.\",\"breadcrumb\":{\"@id\":\"https:\\\/\\\/bogensportdiscount.ch\\\/produkt\\\/skylon-innennocke-innerfit-id42-recurve-small-fluo\\\/#breadcrumb\"},\"inLanguage\":\"it-IT\",\"potentialAction\":[{\"@type\":\"ReadAction\",\"target\":[\"https:\\\/\\\/bogensportdiscount.ch\\\/produkt\\\/skylon-innennocke-innerfit-id42-recurve-small-fluo\\\/\"]}]},{\"@type\":\"ImageObject\",\"inLanguage\":\"it-IT\",\"@id\":\"https:\\\/\\\/bogensportdiscount.ch\\\/produkt\\\/skylon-innennocke-innerfit-id42-recurve-small-fluo\\\/#primaryimage\",\"url\":\"https:\\\/\\\/bogensportdiscount.ch\\\/wp-content\\\/uploads\\\/bsm-images\\\/A052357_1.png\",\"contentUrl\":\"https:\\\/\\\/bogensportdiscount.ch\\\/wp-content\\\/uploads\\\/bsm-images\\\/A052357_1.png\",\"width\":1916,\"height\":800},{\"@type\":\"BreadcrumbList\",\"@id\":\"https:\\\/\\\/bogensportdiscount.ch\\\/produkt\\\/skylon-innennocke-innerfit-id42-recurve-small-fluo\\\/#breadcrumb\",\"itemListElement\":[{\"@type\":\"ListItem\",\"position\":1,\"name\":\"Home\",\"item\":\"https:\\\/\\\/bogensportdiscount.ch\\\/\"},{\"@type\":\"ListItem\",\"position\":2,\"name\":\"Shop\",\"item\":\"https:\\\/\\\/bogensportdiscount.ch\\\/shop\\\/\"},{\"@type\":\"ListItem\",\"position\":3,\"name\":\"SKYLON INNERFIT ID4.2 NOCK RECURVE SMALL FLUO\"}]},{\"@type\":\"WebSite\",\"@id\":\"https:\\\/\\\/bogensportdiscount.ch\\\/#website\",\"url\":\"https:\\\/\\\/bogensportdiscount.ch\\\/\",\"name\":\"Bogensportdiscount\",\"description\":\"\",\"potentialAction\":[{\"@type\":\"SearchAction\",\"target\":{\"@type\":\"EntryPoint\",\"urlTemplate\":\"https:\\\/\\\/bogensportdiscount.ch\\\/?s={search_term_string}\"},\"query-input\":{\"@type\":\"PropertyValueSpecification\",\"valueRequired\":true,\"valueName\":\"search_term_string\"}}],\"inLanguage\":\"it-IT\"}]}<\/script>\n<!-- \/ Yoast SEO plugin. -->","yoast_head_json":{"title":"SKYLON INNERFIT ID4.2 NOCK RECURVE SMALL FLUO - Bogensportdiscount \u2013 Archi, frecce, bersagli e accessori","description":"Acquisti SKYLON INNERFIT ID4.2 NOCK RECURVE SMALL FLUO a un prezzo vantaggioso su Bogensportdiscount \u2013 Le migliori marche, spedizione veloce dalla Svizzera.","robots":{"index":"index","follow":"follow","max-snippet":"max-snippet:-1","max-image-preview":"max-image-preview:large","max-video-preview":"max-video-preview:-1"},"canonical":"https:\/\/bogensportdiscount.ch\/it\/prodotto\/skylon-innennocke-innerfit-id42-recurve-small-fluo\/","og_locale":"it_IT","og_type":"article","og_title":"SKYLON INNERFIT ID4.2 NOCK RECURVE SMALL FLUO - Bogensportdiscount \u2013 Archi, frecce, bersagli e accessori","og_description":"Acquista SKYLON INNERFIT ID4.2 NOCK RECURVE SMALL FLUO a un prezzo vantaggioso su Bogensportdiscount \u2013 Le migliori marche, spedizione veloce dalla Svizzera.","og_url":"https:\/\/bogensportdiscount.ch\/it\/prodotto\/skylon-innennocke-innerfit-id42-recurve-small-fluo\/","og_site_name":"Bogensportdiscount \u2013 B\u00f6gen, Pfeile, Targets &amp; Zubeh\u00f6r","article_modified_time":"2026-05-14T13:26:25+00:00","og_image":[{"width":1916,"height":800,"url":"https:\/\/bogensportdiscount.ch\/wp-content\/uploads\/bsm-images\/A052357_1.png","type":"image\/png"}],"twitter_card":"summary_large_image","schema":{"@context":"https:\/\/schema.org","@graph":[{"@type":"WebPage","@id":"https:\/\/bogensportdiscount.ch\/produkt\/skylon-innennocke-innerfit-id42-recurve-small-fluo\/","url":"https:\/\/bogensportdiscount.ch\/produkt\/skylon-innennocke-innerfit-id42-recurve-small-fluo\/","name":"SKYLON INNERFIT ID4.2 NOCK RECURVE SMALL FLUO - Bogensportdiscount \u2013 Archi, frecce, bersagli e accessori","isPartOf":{"@id":"https:\/\/bogensportdiscount.ch\/#website"},"primaryImageOfPage":{"@id":"https:\/\/bogensportdiscount.ch\/produkt\/skylon-innennocke-innerfit-id42-recurve-small-fluo\/#primaryimage"},"image":{"@id":"https:\/\/bogensportdiscount.ch\/produkt\/skylon-innennocke-innerfit-id42-recurve-small-fluo\/#primaryimage"},"thumbnailUrl":"https:\/\/bogensportdiscount.ch\/wp-content\/uploads\/bsm-images\/A052357_1.png","datePublished":"2026-04-05T12:55:48+00:00","dateModified":"2026-05-14T13:26:25+00:00","description":"Acquista SKYLON INNERFIT ID4.2 NOCK RECURVE SMALL FLUO a un prezzo vantaggioso su Bogensportdiscount \u2013 Le migliori marche, spedizione veloce dalla Svizzera.","breadcrumb":{"@id":"https:\/\/bogensportdiscount.ch\/produkt\/skylon-innennocke-innerfit-id42-recurve-small-fluo\/#breadcrumb"},"inLanguage":"it-IT","potentialAction":[{"@type":"ReadAction","target":["https:\/\/bogensportdiscount.ch\/produkt\/skylon-innennocke-innerfit-id42-recurve-small-fluo\/"]}]},{"@type":"ImageObject","inLanguage":"it-IT","@id":"https:\/\/bogensportdiscount.ch\/produkt\/skylon-innennocke-innerfit-id42-recurve-small-fluo\/#primaryimage","url":"https:\/\/bogensportdiscount.ch\/wp-content\/uploads\/bsm-images\/A052357_1.png","contentUrl":"https:\/\/bogensportdiscount.ch\/wp-content\/uploads\/bsm-images\/A052357_1.png","width":1916,"height":800},{"@type":"BreadcrumbList","@id":"https:\/\/bogensportdiscount.ch\/produkt\/skylon-innennocke-innerfit-id42-recurve-small-fluo\/#breadcrumb","itemListElement":[{"@type":"ListItem","position":1,"name":"Home","item":"https:\/\/bogensportdiscount.ch\/"},{"@type":"ListItem","position":2,"name":"Shop","item":"https:\/\/bogensportdiscount.ch\/shop\/"},{"@type":"ListItem","position":3,"name":"SKYLON INNERFIT ID4.2 NOCK RECURVE SMALL FLUO"}]},{"@type":"WebSite","@id":"https:\/\/bogensportdiscount.ch\/#website","url":"https:\/\/bogensportdiscount.ch\/","name":"Bogensportdiscount","description":"","potentialAction":[{"@type":"SearchAction","target":{"@type":"EntryPoint","urlTemplate":"https:\/\/bogensportdiscount.ch\/?s={search_term_string}"},"query-input":{"@type":"PropertyValueSpecification","valueRequired":true,"valueName":"search_term_string"}}],"inLanguage":"it-IT"}]}},"_links":{"self":[{"href":"https:\/\/bogensportdiscount.ch\/it\/wp-json\/wp\/v2\/product\/407148","targetHints":{"allow":["GET"]}}],"collection":[{"href":"https:\/\/bogensportdiscount.ch\/it\/wp-json\/wp\/v2\/product"}],"about":[{"href":"https:\/\/bogensportdiscount.ch\/it\/wp-json\/wp\/v2\/types\/product"}],"replies":[{"embeddable":true,"href":"https:\/\/bogensportdiscount.ch\/it\/wp-json\/wp\/v2\/comments?post=407148"}],"wp:featuredmedia":[{"embeddable":true,"href":"https:\/\/bogensportdiscount.ch\/it\/wp-json\/wp\/v2\/media\/451038"}],"wp:attachment":[{"href":"https:\/\/bogensportdiscount.ch\/it\/wp-json\/wp\/v2\/media?parent=407148"}],"wp:term":[{"taxonomy":"product_brand","embeddable":true,"href":"https:\/\/bogensportdiscount.ch\/it\/wp-json\/wp\/v2\/product_brand?post=407148"},{"taxonomy":"product_cat","embeddable":true,"href":"https:\/\/bogensportdiscount.ch\/it\/wp-json\/wp\/v2\/product_cat?post=407148"},{"taxonomy":"product_tag","embeddable":true,"href":"https:\/\/bogensportdiscount.ch\/it\/wp-json\/wp\/v2\/product_tag?post=407148"}],"curies":[{"name":"wp","href":"https:\/\/api.w.org\/{rel}","templated":true}]}}