{"id":407013,"date":"2026-04-05T14:55:36","date_gmt":"2026-04-05T12:55:36","guid":{"rendered":"https:\/\/bogensportdiscount.ch\/produkt\/limbs-ilf-t-d-hunting-bows-carbon-bamboo-short-60-30lbs-19-riser\/"},"modified":"2026-05-14T15:26:25","modified_gmt":"2026-05-14T13:26:25","slug":"oakridge-wurfarme-ilf-td-jagdbogen-carbon-bambus","status":"publish","type":"product","link":"https:\/\/bogensportdiscount.ch\/it\/prodotto\/oakridge-wurfarme-ilf-td-jagdbogen-carbon-bambus\/","title":{"rendered":"OAKRIDGE FLETTENTI ILF T\/D ARCHI DA CACCIA CARBON BAMBOO IMPUGNATURA 19&#8243;"},"content":{"rendered":"<p>I flettenti ILF OAKRIDGE per archi da caccia takedown sono realizzati in carbonio e bamb\u00f9. Il laminato carbonio-bamb\u00f9 unisce le naturali propriet\u00e0 di smorzamento del bamb\u00f9 alla stabilit\u00e0 e al basso peso del carbonio.<\/p>\n<p>Dank der ILF-Schnittstelle (International Limb Fitting) sind diese Wurfarme mit den meisten g\u00e4ngigen ILF-kompatiblen Griffst\u00fccken kombinierbar. Die Wurfarme sind in drei L\u00e4ngen (60&#8243;, 62&#8243;, 64&#8243;) und sechs Zuggewichten (30 bis 55 lbs) erh\u00e4ltlich und lassen sich so individuell auf den Sch\u00fctzen abstimmen.<\/p>\n<ul>\n<li>ILF-Schnittstelle \u2013 kompatibel mit g\u00e4ngigen ILF-Griffst\u00fccken<\/li>\n<li>Laminato carbonio-bamb\u00f9 per un comportamento di tiro equilibrato<\/li>\n<li>Costruzione takedown per un trasporto e una conservazione agevoli<\/li>\n<li>Disponibile in diverse lunghezze e libbraggi<\/li>\n<\/ul>","protected":false},"excerpt":{"rendered":"<table>\n<tr>\n<th>Propriet\u00e0<\/th>\n<th>Valore<\/th>\n<\/tr>\n<tr>\n<td>Marca<\/td>\n<td>Oak Ridge<\/td>\n<\/tr>\n<tr>\n<td>Paese di origine<\/td>\n<td>Cina<\/td>\n<\/tr>\n<\/table>","protected":false},"featured_media":451024,"comment_status":"open","ping_status":"closed","template":"","meta":[],"product_brand":[569],"product_cat":[4529],"product_tag":[],"class_list":{"0":"post-407013","1":"product","2":"type-product","3":"status-publish","4":"has-post-thumbnail","6":"product_brand-oakridge","7":"product_cat-traditionelle-boegen-wurfarme","8":"product_shipping_class-bsd-standard","10":"first","11":"instock","12":"shipping-taxable","13":"purchasable","14":"product-type-variable"},"yoast_head":"<!-- This site is optimized with the Yoast SEO plugin v27.6 - https:\/\/yoast.com\/product\/yoast-seo-wordpress\/ -->\n<title>OAKRIDGE WURFARME ILF T\/D JAGDB\u00d6GEN CARBON BAMBUS 19&quot; MITTELTEIL - Bogensportdiscount \u2013 B\u00f6gen, Pfeile, Targets &amp; Zubeh\u00f6r<\/title>\n<meta name=\"description\" content=\"OAKRIDGE WURFARME ILF T\/D JAGDB\u00d6GEN CARBON BAMBUS 19&quot; MITTELTEIL g\u00fcnstig kaufen bei Bogensportdiscount \u2013 Top-Marken, schneller Versand aus der Schweiz.\" \/>\n<meta name=\"robots\" content=\"index, follow, max-snippet:-1, max-image-preview:large, max-video-preview:-1\" \/>\n<link rel=\"canonical\" href=\"https:\/\/bogensportdiscount.ch\/it\/prodotto\/oakridge-wurfarme-ilf-td-jagdbogen-carbon-bambus\/\" \/>\n<meta property=\"og:locale\" content=\"it_IT\" \/>\n<meta property=\"og:type\" content=\"article\" \/>\n<meta property=\"og:title\" content=\"OAKRIDGE WURFARME ILF T\/D JAGDB\u00d6GEN CARBON BAMBUS 19&quot; MITTELTEIL - Bogensportdiscount \u2013 B\u00f6gen, Pfeile, Targets &amp; Zubeh\u00f6r\" \/>\n<meta property=\"og:description\" content=\"OAKRIDGE WURFARME ILF T\/D JAGDB\u00d6GEN CARBON BAMBUS 19&quot; MITTELTEIL g\u00fcnstig kaufen bei Bogensportdiscount \u2013 Top-Marken, schneller Versand aus der Schweiz.\" \/>\n<meta property=\"og:url\" content=\"https:\/\/bogensportdiscount.ch\/it\/prodotto\/oakridge-wurfarme-ilf-td-jagdbogen-carbon-bambus\/\" \/>\n<meta property=\"og:site_name\" content=\"Bogensportdiscount \u2013 B\u00f6gen, Pfeile, Targets &amp; Zubeh\u00f6r\" \/>\n<meta property=\"article:modified_time\" content=\"2026-05-14T13:26:25+00:00\" \/>\n<meta property=\"og:image\" content=\"https:\/\/bogensportdiscount.ch\/wp-content\/uploads\/bsm-images\/A050955_1.png\" \/>\n\t<meta property=\"og:image:width\" content=\"5612\" \/>\n\t<meta property=\"og:image:height\" content=\"2444\" \/>\n\t<meta property=\"og:image:type\" content=\"image\/png\" \/>\n<meta name=\"twitter:card\" content=\"summary_large_image\" \/>\n<meta name=\"twitter:label1\" content=\"Tempo di lettura stimato\" \/>\n\t<meta name=\"twitter:data1\" content=\"1 minuto\" \/>\n<script type=\"application\/ld+json\" class=\"yoast-schema-graph\">{\"@context\":\"https:\\\/\\\/schema.org\",\"@graph\":[{\"@type\":\"WebPage\",\"@id\":\"https:\\\/\\\/bogensportdiscount.ch\\\/produkt\\\/oakridge-wurfarme-ilf-td-jagdbogen-carbon-bambus\\\/\",\"url\":\"https:\\\/\\\/bogensportdiscount.ch\\\/produkt\\\/oakridge-wurfarme-ilf-td-jagdbogen-carbon-bambus\\\/\",\"name\":\"OAKRIDGE WURFARME ILF T\\\/D JAGDB\u00d6GEN CARBON BAMBUS 19\\\" MITTELTEIL - Bogensportdiscount \u2013 B\u00f6gen, Pfeile, Targets &amp; Zubeh\u00f6r\",\"isPartOf\":{\"@id\":\"https:\\\/\\\/bogensportdiscount.ch\\\/#website\"},\"primaryImageOfPage\":{\"@id\":\"https:\\\/\\\/bogensportdiscount.ch\\\/produkt\\\/oakridge-wurfarme-ilf-td-jagdbogen-carbon-bambus\\\/#primaryimage\"},\"image\":{\"@id\":\"https:\\\/\\\/bogensportdiscount.ch\\\/produkt\\\/oakridge-wurfarme-ilf-td-jagdbogen-carbon-bambus\\\/#primaryimage\"},\"thumbnailUrl\":\"https:\\\/\\\/bogensportdiscount.ch\\\/wp-content\\\/uploads\\\/bsm-images\\\/A050955_1.png\",\"datePublished\":\"2026-04-05T12:55:36+00:00\",\"dateModified\":\"2026-05-14T13:26:25+00:00\",\"description\":\"OAKRIDGE WURFARME ILF T\\\/D JAGDB\u00d6GEN CARBON BAMBUS 19\\\" MITTELTEIL g\u00fcnstig kaufen bei Bogensportdiscount \u2013 Top-Marken, schneller Versand aus der Schweiz.\",\"breadcrumb\":{\"@id\":\"https:\\\/\\\/bogensportdiscount.ch\\\/produkt\\\/oakridge-wurfarme-ilf-td-jagdbogen-carbon-bambus\\\/#breadcrumb\"},\"inLanguage\":\"it-IT\",\"potentialAction\":[{\"@type\":\"ReadAction\",\"target\":[\"https:\\\/\\\/bogensportdiscount.ch\\\/produkt\\\/oakridge-wurfarme-ilf-td-jagdbogen-carbon-bambus\\\/\"]}]},{\"@type\":\"ImageObject\",\"inLanguage\":\"it-IT\",\"@id\":\"https:\\\/\\\/bogensportdiscount.ch\\\/produkt\\\/oakridge-wurfarme-ilf-td-jagdbogen-carbon-bambus\\\/#primaryimage\",\"url\":\"https:\\\/\\\/bogensportdiscount.ch\\\/wp-content\\\/uploads\\\/bsm-images\\\/A050955_1.png\",\"contentUrl\":\"https:\\\/\\\/bogensportdiscount.ch\\\/wp-content\\\/uploads\\\/bsm-images\\\/A050955_1.png\",\"width\":5612,\"height\":2444},{\"@type\":\"BreadcrumbList\",\"@id\":\"https:\\\/\\\/bogensportdiscount.ch\\\/produkt\\\/oakridge-wurfarme-ilf-td-jagdbogen-carbon-bambus\\\/#breadcrumb\",\"itemListElement\":[{\"@type\":\"ListItem\",\"position\":1,\"name\":\"Home\",\"item\":\"https:\\\/\\\/bogensportdiscount.ch\\\/\"},{\"@type\":\"ListItem\",\"position\":2,\"name\":\"Shop\",\"item\":\"https:\\\/\\\/bogensportdiscount.ch\\\/shop\\\/\"},{\"@type\":\"ListItem\",\"position\":3,\"name\":\"OAKRIDGE LIMBS ILF T\\\/D HUNTING BOWS CARBON BAMBOO 19&#8243; RISER\"}]},{\"@type\":\"WebSite\",\"@id\":\"https:\\\/\\\/bogensportdiscount.ch\\\/#website\",\"url\":\"https:\\\/\\\/bogensportdiscount.ch\\\/\",\"name\":\"Bogensportdiscount\",\"description\":\"\",\"potentialAction\":[{\"@type\":\"SearchAction\",\"target\":{\"@type\":\"EntryPoint\",\"urlTemplate\":\"https:\\\/\\\/bogensportdiscount.ch\\\/?s={search_term_string}\"},\"query-input\":{\"@type\":\"PropertyValueSpecification\",\"valueRequired\":true,\"valueName\":\"search_term_string\"}}],\"inLanguage\":\"it-IT\"}]}<\/script>\n<!-- \/ Yoast SEO plugin. -->","yoast_head_json":{"title":"OAKRIDGE WURFARME ILF T\/D JAGDB\u00d6GEN CARBON BAMBUS 19\" MITTELTEIL - Bogensportdiscount \u2013 B\u00f6gen, Pfeile, Targets &amp; Zubeh\u00f6r","description":"OAKRIDGE WURFARME ILF T\/D JAGDB\u00d6GEN CARBON BAMBUS 19\" MITTELTEIL g\u00fcnstig kaufen bei Bogensportdiscount \u2013 Top-Marken, schneller Versand aus der Schweiz.","robots":{"index":"index","follow":"follow","max-snippet":"max-snippet:-1","max-image-preview":"max-image-preview:large","max-video-preview":"max-video-preview:-1"},"canonical":"https:\/\/bogensportdiscount.ch\/it\/prodotto\/oakridge-wurfarme-ilf-td-jagdbogen-carbon-bambus\/","og_locale":"it_IT","og_type":"article","og_title":"OAKRIDGE WURFARME ILF T\/D JAGDB\u00d6GEN CARBON BAMBUS 19\" MITTELTEIL - Bogensportdiscount \u2013 B\u00f6gen, Pfeile, Targets &amp; Zubeh\u00f6r","og_description":"OAKRIDGE WURFARME ILF T\/D JAGDB\u00d6GEN CARBON BAMBUS 19\" MITTELTEIL g\u00fcnstig kaufen bei Bogensportdiscount \u2013 Top-Marken, schneller Versand aus der Schweiz.","og_url":"https:\/\/bogensportdiscount.ch\/it\/prodotto\/oakridge-wurfarme-ilf-td-jagdbogen-carbon-bambus\/","og_site_name":"Bogensportdiscount \u2013 B\u00f6gen, Pfeile, Targets &amp; Zubeh\u00f6r","article_modified_time":"2026-05-14T13:26:25+00:00","og_image":[{"url":"https:\/\/bogensportdiscount.ch\/wp-content\/uploads\/bsm-images\/A050955_1.png","width":5612,"height":2444,"type":"image\/png"}],"twitter_card":"summary_large_image","twitter_misc":{"Tempo di lettura stimato":"1 minuto"},"schema":{"@context":"https:\/\/schema.org","@graph":[{"@type":"WebPage","@id":"https:\/\/bogensportdiscount.ch\/produkt\/oakridge-wurfarme-ilf-td-jagdbogen-carbon-bambus\/","url":"https:\/\/bogensportdiscount.ch\/produkt\/oakridge-wurfarme-ilf-td-jagdbogen-carbon-bambus\/","name":"OAKRIDGE WURFARME ILF T\/D JAGDB\u00d6GEN CARBON BAMBUS 19\" MITTELTEIL - Bogensportdiscount \u2013 B\u00f6gen, Pfeile, Targets &amp; Zubeh\u00f6r","isPartOf":{"@id":"https:\/\/bogensportdiscount.ch\/#website"},"primaryImageOfPage":{"@id":"https:\/\/bogensportdiscount.ch\/produkt\/oakridge-wurfarme-ilf-td-jagdbogen-carbon-bambus\/#primaryimage"},"image":{"@id":"https:\/\/bogensportdiscount.ch\/produkt\/oakridge-wurfarme-ilf-td-jagdbogen-carbon-bambus\/#primaryimage"},"thumbnailUrl":"https:\/\/bogensportdiscount.ch\/wp-content\/uploads\/bsm-images\/A050955_1.png","datePublished":"2026-04-05T12:55:36+00:00","dateModified":"2026-05-14T13:26:25+00:00","description":"OAKRIDGE WURFARME ILF T\/D JAGDB\u00d6GEN CARBON BAMBUS 19\" MITTELTEIL g\u00fcnstig kaufen bei Bogensportdiscount \u2013 Top-Marken, schneller Versand aus der Schweiz.","breadcrumb":{"@id":"https:\/\/bogensportdiscount.ch\/produkt\/oakridge-wurfarme-ilf-td-jagdbogen-carbon-bambus\/#breadcrumb"},"inLanguage":"it-IT","potentialAction":[{"@type":"ReadAction","target":["https:\/\/bogensportdiscount.ch\/produkt\/oakridge-wurfarme-ilf-td-jagdbogen-carbon-bambus\/"]}]},{"@type":"ImageObject","inLanguage":"it-IT","@id":"https:\/\/bogensportdiscount.ch\/produkt\/oakridge-wurfarme-ilf-td-jagdbogen-carbon-bambus\/#primaryimage","url":"https:\/\/bogensportdiscount.ch\/wp-content\/uploads\/bsm-images\/A050955_1.png","contentUrl":"https:\/\/bogensportdiscount.ch\/wp-content\/uploads\/bsm-images\/A050955_1.png","width":5612,"height":2444},{"@type":"BreadcrumbList","@id":"https:\/\/bogensportdiscount.ch\/produkt\/oakridge-wurfarme-ilf-td-jagdbogen-carbon-bambus\/#breadcrumb","itemListElement":[{"@type":"ListItem","position":1,"name":"Home","item":"https:\/\/bogensportdiscount.ch\/"},{"@type":"ListItem","position":2,"name":"Shop","item":"https:\/\/bogensportdiscount.ch\/shop\/"},{"@type":"ListItem","position":3,"name":"OAKRIDGE LIMBS ILF T\/D HUNTING BOWS CARBON BAMBOO 19&#8243; RISER"}]},{"@type":"WebSite","@id":"https:\/\/bogensportdiscount.ch\/#website","url":"https:\/\/bogensportdiscount.ch\/","name":"Bogensportdiscount","description":"","potentialAction":[{"@type":"SearchAction","target":{"@type":"EntryPoint","urlTemplate":"https:\/\/bogensportdiscount.ch\/?s={search_term_string}"},"query-input":{"@type":"PropertyValueSpecification","valueRequired":true,"valueName":"search_term_string"}}],"inLanguage":"it-IT"}]}},"_links":{"self":[{"href":"https:\/\/bogensportdiscount.ch\/it\/wp-json\/wp\/v2\/product\/407013","targetHints":{"allow":["GET"]}}],"collection":[{"href":"https:\/\/bogensportdiscount.ch\/it\/wp-json\/wp\/v2\/product"}],"about":[{"href":"https:\/\/bogensportdiscount.ch\/it\/wp-json\/wp\/v2\/types\/product"}],"replies":[{"embeddable":true,"href":"https:\/\/bogensportdiscount.ch\/it\/wp-json\/wp\/v2\/comments?post=407013"}],"wp:featuredmedia":[{"embeddable":true,"href":"https:\/\/bogensportdiscount.ch\/it\/wp-json\/wp\/v2\/media\/451024"}],"wp:attachment":[{"href":"https:\/\/bogensportdiscount.ch\/it\/wp-json\/wp\/v2\/media?parent=407013"}],"wp:term":[{"taxonomy":"product_brand","embeddable":true,"href":"https:\/\/bogensportdiscount.ch\/it\/wp-json\/wp\/v2\/product_brand?post=407013"},{"taxonomy":"product_cat","embeddable":true,"href":"https:\/\/bogensportdiscount.ch\/it\/wp-json\/wp\/v2\/product_cat?post=407013"},{"taxonomy":"product_tag","embeddable":true,"href":"https:\/\/bogensportdiscount.ch\/it\/wp-json\/wp\/v2\/product_tag?post=407013"}],"curies":[{"name":"wp","href":"https:\/\/api.w.org\/{rel}","templated":true}]}}