{"id":406829,"date":"2026-04-05T14:55:20","date_gmt":"2026-04-05T12:55:20","guid":{"rendered":"https:\/\/bogensportdiscount.ch\/produkt\/glue-on-points-for-wooden-arrows-bullet-steel-coated-w-thread-11-32-80gr-12-pk\/"},"modified":"2026-04-19T11:54:08","modified_gmt":"2026-04-19T09:54:08","slug":"bucktrail-aufklebespitzen-holzpfeile-bullet-stahl-gewinde-11-32","status":"publish","type":"product","link":"https:\/\/bogensportdiscount.ch\/it\/prodotto\/bucktrail-aufklebespitzen-holzpfeile-bullet-stahl-gewinde-11-32\/","title":{"rendered":"BUCK TRAIL BULLET POINT STAHL BESCHICHTET MIT GEWINDE 11\/32"},"content":{"rendered":"<p>Le punte adesive BUCKTRAIL con profilo a proiettile sono progettate appositamente per le frecce in legno con un diametro dell&#x27;asta di 11\/32 di pollice. Le punte si incollano direttamente sull&#x27;asta e, grazie alla filettatura integrata, garantiscono un fissaggio sicuro.<\/p>\n<p>Il materiale \u00e8 acciaio rivestito, il che garantisce una durata sufficiente durante gli allenamenti e le esercitazioni. Grazie alla possibilit\u00e0 di scegliere tra tre classi di peso (80 g, 100 g e 125 g), \u00e8 possibile regolare con precisione il comportamento di volo della freccia.<\/p>\n<ul>\n<li>Calibro 11\/32 \u2013 adatto per calci in legno standard<\/li>\n<li>Forma a proiettile per una buona penetrazione<\/li>\n<li>Acciaio rivestito con filettatura<\/li>\n<li>Disponibile in confezioni da 80 g, 100 g e 125 g; confezione da 12 o da 100 pezzi<\/li>\n<\/ul>","protected":false},"excerpt":{"rendered":"<p>Punte adesive BUCKTRAIL per frecce in legno calibro 11\/32. Forma a proiettile in acciaio rivestito con filettatura, disponibili da 80 g, 100 g e 125 g \u2013 in confezioni da 12 o 100 pezzi.<\/p>","protected":false},"featured_media":513259,"comment_status":"open","ping_status":"closed","template":"","meta":[],"product_brand":[432],"product_cat":[4549],"product_tag":[],"class_list":{"0":"post-406829","1":"product","2":"type-product","3":"status-publish","4":"has-post-thumbnail","6":"product_brand-bucktrail","7":"product_cat-spitzen-holz-schaefte-pfeil-komponenten","9":"first","10":"instock","11":"shipping-taxable","12":"purchasable","13":"product-type-variable"},"yoast_head":"<!-- This site is optimized with the Yoast SEO plugin v27.4 - https:\/\/yoast.com\/product\/yoast-seo-wordpress\/ -->\n<title>BUCK TRAIL BULLET POINT STAHL BESCHICHTET MIT GEWINDE 11\/32 - Bogensportdiscount \u2013 B\u00f6gen, Pfeile, Targets &amp; Zubeh\u00f6r<\/title>\n<meta name=\"robots\" content=\"noindex, follow, max-snippet:-1, max-image-preview:large, max-video-preview:-1\" \/>\n<meta property=\"og:locale\" content=\"it_IT\" \/>\n<meta property=\"og:type\" content=\"article\" \/>\n<meta property=\"og:title\" content=\"BUCK TRAIL BULLET POINT STAHL BESCHICHTET MIT GEWINDE 11\/32 - Bogensportdiscount \u2013 B\u00f6gen, Pfeile, Targets &amp; Zubeh\u00f6r\" \/>\n<meta property=\"og:description\" content=\"Aufklebespitzen von BUCKTRAIL f\u00fcr Holzpfeile im Kaliber 11\/32. Bullet-Form aus beschichtetem Stahl mit Gewinde, erh\u00e4ltlich in 80 GR, 100 GR und 125 GR \u2013 in Packungen zu 12 oder 100 St\u00fcck.\" \/>\n<meta property=\"og:url\" content=\"https:\/\/bogensportdiscount.ch\/it\/prodotto\/bucktrail-aufklebespitzen-holzpfeile-bullet-stahl-gewinde-11-32\/\" \/>\n<meta property=\"og:site_name\" content=\"Bogensportdiscount \u2013 B\u00f6gen, Pfeile, Targets &amp; Zubeh\u00f6r\" \/>\n<meta property=\"article:modified_time\" content=\"2026-04-19T09:54:08+00:00\" \/>\n<meta property=\"og:image\" content=\"https:\/\/bogensportdiscount.ch\/wp-content\/uploads\/bsm-images\/A056695_1.png\" \/>\n\t<meta property=\"og:image:width\" content=\"1412\" \/>\n\t<meta property=\"og:image:height\" content=\"1192\" \/>\n\t<meta property=\"og:image:type\" content=\"image\/png\" \/>\n<meta name=\"twitter:card\" content=\"summary_large_image\" \/>\n<script type=\"application\/ld+json\" class=\"yoast-schema-graph\">{\"@context\":\"https:\\\/\\\/schema.org\",\"@graph\":[{\"@type\":\"WebPage\",\"@id\":\"https:\\\/\\\/bogensportdiscount.ch\\\/it\\\/prodotto\\\/bucktrail-aufklebespitzen-holzpfeile-bullet-stahl-gewinde-11-32\\\/\",\"url\":\"https:\\\/\\\/bogensportdiscount.ch\\\/it\\\/prodotto\\\/bucktrail-aufklebespitzen-holzpfeile-bullet-stahl-gewinde-11-32\\\/\",\"name\":\"BUCK TRAIL BULLET POINT STAHL BESCHICHTET MIT GEWINDE 11\\\/32 - Bogensportdiscount \u2013 B\u00f6gen, Pfeile, Targets &amp; Zubeh\u00f6r\",\"isPartOf\":{\"@id\":\"https:\\\/\\\/bogensportdiscount.ch\\\/#website\"},\"primaryImageOfPage\":{\"@id\":\"https:\\\/\\\/bogensportdiscount.ch\\\/it\\\/prodotto\\\/bucktrail-aufklebespitzen-holzpfeile-bullet-stahl-gewinde-11-32\\\/#primaryimage\"},\"image\":{\"@id\":\"https:\\\/\\\/bogensportdiscount.ch\\\/it\\\/prodotto\\\/bucktrail-aufklebespitzen-holzpfeile-bullet-stahl-gewinde-11-32\\\/#primaryimage\"},\"thumbnailUrl\":\"https:\\\/\\\/bogensportdiscount.ch\\\/wp-content\\\/uploads\\\/bsm-images\\\/A056695_1.png\",\"datePublished\":\"2026-04-05T12:55:20+00:00\",\"dateModified\":\"2026-04-19T09:54:08+00:00\",\"breadcrumb\":{\"@id\":\"https:\\\/\\\/bogensportdiscount.ch\\\/it\\\/prodotto\\\/bucktrail-aufklebespitzen-holzpfeile-bullet-stahl-gewinde-11-32\\\/#breadcrumb\"},\"inLanguage\":\"it-IT\",\"potentialAction\":[{\"@type\":\"ReadAction\",\"target\":[\"https:\\\/\\\/bogensportdiscount.ch\\\/it\\\/prodotto\\\/bucktrail-aufklebespitzen-holzpfeile-bullet-stahl-gewinde-11-32\\\/\"]}]},{\"@type\":\"ImageObject\",\"inLanguage\":\"it-IT\",\"@id\":\"https:\\\/\\\/bogensportdiscount.ch\\\/it\\\/prodotto\\\/bucktrail-aufklebespitzen-holzpfeile-bullet-stahl-gewinde-11-32\\\/#primaryimage\",\"url\":\"https:\\\/\\\/bogensportdiscount.ch\\\/wp-content\\\/uploads\\\/bsm-images\\\/A056695_1.png\",\"contentUrl\":\"https:\\\/\\\/bogensportdiscount.ch\\\/wp-content\\\/uploads\\\/bsm-images\\\/A056695_1.png\",\"width\":1412,\"height\":1192},{\"@type\":\"BreadcrumbList\",\"@id\":\"https:\\\/\\\/bogensportdiscount.ch\\\/it\\\/prodotto\\\/bucktrail-aufklebespitzen-holzpfeile-bullet-stahl-gewinde-11-32\\\/#breadcrumb\",\"itemListElement\":[{\"@type\":\"ListItem\",\"position\":1,\"name\":\"Home\",\"item\":\"https:\\\/\\\/bogensportdiscount.ch\\\/\"},{\"@type\":\"ListItem\",\"position\":2,\"name\":\"Shop\",\"item\":\"https:\\\/\\\/bogensportdiscount.ch\\\/shop\\\/\"},{\"@type\":\"ListItem\",\"position\":3,\"name\":\"BUCK TRAIL BULLET POINT STAHL BESCHICHTET MIT GEWINDE 11\\\/32\"}]},{\"@type\":\"WebSite\",\"@id\":\"https:\\\/\\\/bogensportdiscount.ch\\\/#website\",\"url\":\"https:\\\/\\\/bogensportdiscount.ch\\\/\",\"name\":\"Bogensportdiscount\",\"description\":\"\",\"potentialAction\":[{\"@type\":\"SearchAction\",\"target\":{\"@type\":\"EntryPoint\",\"urlTemplate\":\"https:\\\/\\\/bogensportdiscount.ch\\\/?s={search_term_string}\"},\"query-input\":{\"@type\":\"PropertyValueSpecification\",\"valueRequired\":true,\"valueName\":\"search_term_string\"}}],\"inLanguage\":\"it-IT\"}]}<\/script>\n<!-- \/ Yoast SEO plugin. -->","yoast_head_json":{"title":"BUCK TRAIL BULLET POINT STAHL BESCHICHTET MIT GEWINDE 11\/32 - Bogensportdiscount \u2013 B\u00f6gen, Pfeile, Targets &amp; Zubeh\u00f6r","robots":{"index":"noindex","follow":"follow","max-snippet":"max-snippet:-1","max-image-preview":"max-image-preview:large","max-video-preview":"max-video-preview:-1"},"og_locale":"it_IT","og_type":"article","og_title":"BUCK TRAIL BULLET POINT STAHL BESCHICHTET MIT GEWINDE 11\/32 - Bogensportdiscount \u2013 B\u00f6gen, Pfeile, Targets &amp; Zubeh\u00f6r","og_description":"Aufklebespitzen von BUCKTRAIL f\u00fcr Holzpfeile im Kaliber 11\/32. Bullet-Form aus beschichtetem Stahl mit Gewinde, erh\u00e4ltlich in 80 GR, 100 GR und 125 GR \u2013 in Packungen zu 12 oder 100 St\u00fcck.","og_url":"https:\/\/bogensportdiscount.ch\/it\/prodotto\/bucktrail-aufklebespitzen-holzpfeile-bullet-stahl-gewinde-11-32\/","og_site_name":"Bogensportdiscount \u2013 B\u00f6gen, Pfeile, Targets &amp; Zubeh\u00f6r","article_modified_time":"2026-04-19T09:54:08+00:00","og_image":[{"width":1412,"height":1192,"url":"https:\/\/bogensportdiscount.ch\/wp-content\/uploads\/bsm-images\/A056695_1.png","type":"image\/png"}],"twitter_card":"summary_large_image","schema":{"@context":"https:\/\/schema.org","@graph":[{"@type":"WebPage","@id":"https:\/\/bogensportdiscount.ch\/it\/prodotto\/bucktrail-aufklebespitzen-holzpfeile-bullet-stahl-gewinde-11-32\/","url":"https:\/\/bogensportdiscount.ch\/it\/prodotto\/bucktrail-aufklebespitzen-holzpfeile-bullet-stahl-gewinde-11-32\/","name":"BUCK TRAIL BULLET POINT STAHL BESCHICHTET MIT GEWINDE 11\/32 - Bogensportdiscount \u2013 B\u00f6gen, Pfeile, Targets &amp; Zubeh\u00f6r","isPartOf":{"@id":"https:\/\/bogensportdiscount.ch\/#website"},"primaryImageOfPage":{"@id":"https:\/\/bogensportdiscount.ch\/it\/prodotto\/bucktrail-aufklebespitzen-holzpfeile-bullet-stahl-gewinde-11-32\/#primaryimage"},"image":{"@id":"https:\/\/bogensportdiscount.ch\/it\/prodotto\/bucktrail-aufklebespitzen-holzpfeile-bullet-stahl-gewinde-11-32\/#primaryimage"},"thumbnailUrl":"https:\/\/bogensportdiscount.ch\/wp-content\/uploads\/bsm-images\/A056695_1.png","datePublished":"2026-04-05T12:55:20+00:00","dateModified":"2026-04-19T09:54:08+00:00","breadcrumb":{"@id":"https:\/\/bogensportdiscount.ch\/it\/prodotto\/bucktrail-aufklebespitzen-holzpfeile-bullet-stahl-gewinde-11-32\/#breadcrumb"},"inLanguage":"it-IT","potentialAction":[{"@type":"ReadAction","target":["https:\/\/bogensportdiscount.ch\/it\/prodotto\/bucktrail-aufklebespitzen-holzpfeile-bullet-stahl-gewinde-11-32\/"]}]},{"@type":"ImageObject","inLanguage":"it-IT","@id":"https:\/\/bogensportdiscount.ch\/it\/prodotto\/bucktrail-aufklebespitzen-holzpfeile-bullet-stahl-gewinde-11-32\/#primaryimage","url":"https:\/\/bogensportdiscount.ch\/wp-content\/uploads\/bsm-images\/A056695_1.png","contentUrl":"https:\/\/bogensportdiscount.ch\/wp-content\/uploads\/bsm-images\/A056695_1.png","width":1412,"height":1192},{"@type":"BreadcrumbList","@id":"https:\/\/bogensportdiscount.ch\/it\/prodotto\/bucktrail-aufklebespitzen-holzpfeile-bullet-stahl-gewinde-11-32\/#breadcrumb","itemListElement":[{"@type":"ListItem","position":1,"name":"Home","item":"https:\/\/bogensportdiscount.ch\/"},{"@type":"ListItem","position":2,"name":"Shop","item":"https:\/\/bogensportdiscount.ch\/shop\/"},{"@type":"ListItem","position":3,"name":"BUCK TRAIL BULLET POINT STAHL BESCHICHTET MIT GEWINDE 11\/32"}]},{"@type":"WebSite","@id":"https:\/\/bogensportdiscount.ch\/#website","url":"https:\/\/bogensportdiscount.ch\/","name":"Bogensportdiscount","description":"","potentialAction":[{"@type":"SearchAction","target":{"@type":"EntryPoint","urlTemplate":"https:\/\/bogensportdiscount.ch\/?s={search_term_string}"},"query-input":{"@type":"PropertyValueSpecification","valueRequired":true,"valueName":"search_term_string"}}],"inLanguage":"it-IT"}]}},"_links":{"self":[{"href":"https:\/\/bogensportdiscount.ch\/it\/wp-json\/wp\/v2\/product\/406829","targetHints":{"allow":["GET"]}}],"collection":[{"href":"https:\/\/bogensportdiscount.ch\/it\/wp-json\/wp\/v2\/product"}],"about":[{"href":"https:\/\/bogensportdiscount.ch\/it\/wp-json\/wp\/v2\/types\/product"}],"replies":[{"embeddable":true,"href":"https:\/\/bogensportdiscount.ch\/it\/wp-json\/wp\/v2\/comments?post=406829"}],"wp:featuredmedia":[{"embeddable":true,"href":"https:\/\/bogensportdiscount.ch\/it\/wp-json\/wp\/v2\/media\/513259"}],"wp:attachment":[{"href":"https:\/\/bogensportdiscount.ch\/it\/wp-json\/wp\/v2\/media?parent=406829"}],"wp:term":[{"taxonomy":"product_brand","embeddable":true,"href":"https:\/\/bogensportdiscount.ch\/it\/wp-json\/wp\/v2\/product_brand?post=406829"},{"taxonomy":"product_cat","embeddable":true,"href":"https:\/\/bogensportdiscount.ch\/it\/wp-json\/wp\/v2\/product_cat?post=406829"},{"taxonomy":"product_tag","embeddable":true,"href":"https:\/\/bogensportdiscount.ch\/it\/wp-json\/wp\/v2\/product_tag?post=406829"}],"curies":[{"name":"wp","href":"https:\/\/api.w.org\/{rel}","templated":true}]}}