{"id":406767,"date":"2026-04-05T14:55:11","date_gmt":"2026-04-05T12:55:11","guid":{"rendered":"https:\/\/bogensportdiscount.ch\/produkt\/accessories-bamboo-dart-with-black-cone-50-pk\/"},"modified":"2026-04-17T15:42:22","modified_gmt":"2026-04-17T13:42:22","slug":"alexbow-blasrohr-pfeil-bambus","status":"publish","type":"product","link":"https:\/\/bogensportdiscount.ch\/it\/prodotto\/alexbow-blasrohr-pfeil-bambus\/","title":{"rendered":"ALEXBOW ACCESSORI FRECCETTA IN BAMB\u00d9"},"content":{"rendered":"<p>Die ALEXBOW Bambus-Blasrohrpfeile sind f\u00fcr den Einsatz mit Blasrohren konzipiert. Der nat\u00fcrliche Bambusschaft bietet eine stabile Grundlage, w\u00e4hrend die farbigen Kegel eine einfache Identifikation der Pfeile erm\u00f6glichen.<\/p>\n<p>Durch die Auswahl verschiedener Farben lassen sich Pfeile unterschiedlicher Sch\u00fctzen oder Anwendungsbereiche einfach unterscheiden. Die Pfeile eignen sich f\u00fcr Freizeit, Sport und Outdoor-Aktivit\u00e4ten.<\/p>\n<ul>\n<li>Material: Bambus<\/li>\n<li>Erh\u00e4ltlich in 6 Farben: Schwarz, Blau, Orange, Pink, Rot, Gelb<\/li>\n<li>Passend f\u00fcr g\u00e4ngige Blasrohre<\/li>\n<li>F\u00fcr Sport und Outdoor geeignet<\/li>\n<\/ul>","protected":false},"excerpt":{"rendered":"<p><strong>Marchio:<\/strong> Alexbow<\/p>","protected":false},"featured_media":450972,"comment_status":"open","ping_status":"closed","template":"","meta":[],"product_brand":[455],"product_cat":[4580],"product_tag":[],"class_list":{"0":"post-406767","1":"product","2":"type-product","3":"status-publish","4":"has-post-thumbnail","6":"product_brand-alexbow","7":"product_cat-zubehoer-einzelteile-blasrohre-zubehoer","9":"first","10":"instock","11":"shipping-taxable","12":"purchasable","13":"product-type-variable"},"_links":{"self":[{"href":"https:\/\/bogensportdiscount.ch\/it\/wp-json\/wp\/v2\/product\/406767","targetHints":{"allow":["GET"]}}],"collection":[{"href":"https:\/\/bogensportdiscount.ch\/it\/wp-json\/wp\/v2\/product"}],"about":[{"href":"https:\/\/bogensportdiscount.ch\/it\/wp-json\/wp\/v2\/types\/product"}],"replies":[{"embeddable":true,"href":"https:\/\/bogensportdiscount.ch\/it\/wp-json\/wp\/v2\/comments?post=406767"}],"wp:featuredmedia":[{"embeddable":true,"href":"https:\/\/bogensportdiscount.ch\/it\/wp-json\/wp\/v2\/media\/450972"}],"wp:attachment":[{"href":"https:\/\/bogensportdiscount.ch\/it\/wp-json\/wp\/v2\/media?parent=406767"}],"wp:term":[{"taxonomy":"product_brand","embeddable":true,"href":"https:\/\/bogensportdiscount.ch\/it\/wp-json\/wp\/v2\/product_brand?post=406767"},{"taxonomy":"product_cat","embeddable":true,"href":"https:\/\/bogensportdiscount.ch\/it\/wp-json\/wp\/v2\/product_cat?post=406767"},{"taxonomy":"product_tag","embeddable":true,"href":"https:\/\/bogensportdiscount.ch\/it\/wp-json\/wp\/v2\/product_tag?post=406767"}],"curies":[{"name":"wp","href":"https:\/\/api.w.org\/{rel}","templated":true}]}}