{"id":406710,"date":"2026-04-05T14:55:04","date_gmt":"2026-04-05T12:55:04","guid":{"rendered":"https:\/\/bogensportdiscount.ch\/produkt\/peep-sights-serve-less-peep-it-3-16-black\/"},"modified":"2026-04-17T13:47:03","modified_gmt":"2026-04-17T11:47:03","slug":"bohning-peep-sight-serve-less-peep-it","status":"publish","type":"product","link":"https:\/\/bogensportdiscount.ch\/it\/prodotto\/bohning-peep-sight-serve-less-peep-it\/","title":{"rendered":"BOHNING PEEP SIGHTS SENZA SERVIZIO PEEP-IT\u2018 \/"},"content":{"rendered":"<p>Das BOHNING Serve-Less Peep-It ist ein Peep-Sight, das speziell f\u00fcr den Einbau in die Bogensehne ohne zus\u00e4tzliche Servierung konzipiert wurde. Dank des servierungslosen Designs entf\u00e4llt der zus\u00e4tzliche Aufwand beim Einbauen und die Sehne bleibt schlanker.<\/p>\n<p>Es eignet sich f\u00fcr Compound-B\u00f6gen und ist in zwei Durchmessern erh\u00e4ltlich \u2013 1\/4&#8243; f\u00fcr ein grosses Sichtfeld und 3\/16&#8243; f\u00fcr eine pr\u00e4zisere Zielaufnahme. Die verschiedenen Sehnenl\u00e4ngenoptionen (4&#8243; und 16&#8243;) erm\u00f6glichen eine flexible Anpassung an unterschiedliche Sehnen.<\/p>\n<ul>\n<li>Serve-Less Design \u2013 keine zus\u00e4tzliche Servierung n\u00f6tig<\/li>\n<li>Zwei Durchmesser: 1\/4&#8243; und 3\/16&#8243;<\/li>\n<li>Passend f\u00fcr g\u00e4ngige Compound-Bogensehnen<\/li>\n<li>Einfacher Einbau direkt in die Sehne<\/li>\n<\/ul>","protected":false},"excerpt":{"rendered":"<p><strong>Marchio:<\/strong> Bohning<\/p>","protected":false},"featured_media":450958,"comment_status":"open","ping_status":"closed","template":"","meta":[],"product_brand":[444],"product_cat":[4227],"product_tag":[],"class_list":{"0":"post-406710","1":"product","2":"type-product","3":"status-publish","4":"has-post-thumbnail","6":"product_brand-bohning","7":"product_cat-complete","9":"first","10":"instock","11":"shipping-taxable","12":"purchasable","13":"product-type-variable"},"_links":{"self":[{"href":"https:\/\/bogensportdiscount.ch\/it\/wp-json\/wp\/v2\/product\/406710","targetHints":{"allow":["GET"]}}],"collection":[{"href":"https:\/\/bogensportdiscount.ch\/it\/wp-json\/wp\/v2\/product"}],"about":[{"href":"https:\/\/bogensportdiscount.ch\/it\/wp-json\/wp\/v2\/types\/product"}],"replies":[{"embeddable":true,"href":"https:\/\/bogensportdiscount.ch\/it\/wp-json\/wp\/v2\/comments?post=406710"}],"wp:featuredmedia":[{"embeddable":true,"href":"https:\/\/bogensportdiscount.ch\/it\/wp-json\/wp\/v2\/media\/450958"}],"wp:attachment":[{"href":"https:\/\/bogensportdiscount.ch\/it\/wp-json\/wp\/v2\/media?parent=406710"}],"wp:term":[{"taxonomy":"product_brand","embeddable":true,"href":"https:\/\/bogensportdiscount.ch\/it\/wp-json\/wp\/v2\/product_brand?post=406710"},{"taxonomy":"product_cat","embeddable":true,"href":"https:\/\/bogensportdiscount.ch\/it\/wp-json\/wp\/v2\/product_cat?post=406710"},{"taxonomy":"product_tag","embeddable":true,"href":"https:\/\/bogensportdiscount.ch\/it\/wp-json\/wp\/v2\/product_tag?post=406710"}],"curies":[{"name":"wp","href":"https:\/\/api.w.org\/{rel}","templated":true}]}}