{"id":406659,"date":"2026-04-05T14:54:57","date_gmt":"2026-04-05T12:54:57","guid":{"rendered":"https:\/\/bogensportdiscount.ch\/produkt\/recurve-strings-bcy-8125-66-14-strands-white\/"},"modified":"2026-04-17T13:47:02","modified_gmt":"2026-04-17T11:47:02","slug":"fbs-recurve-sehne-bcy-8125","status":"publish","type":"product","link":"https:\/\/bogensportdiscount.ch\/it\/prodotto\/fbs-recurve-sehne-bcy-8125\/","title":{"rendered":"CORDE DA RICURVO FBS BCY 8125"},"content":{"rendered":"<p>Die FBS Recurve-Sehne BCY 8125 ist aus dem bew\u00e4hrten BCY 8125 Sehnenmaterial gefertigt, das f\u00fcr seine geringe Dehnung und hohe Stabilit\u00e4t bekannt ist. Diese Eigenschaften sorgen f\u00fcr ein gleichm\u00e4ssiges Abschussverhalten und eine lange Lebensdauer der Sehne.<\/p>\n<p>Die Sehne ist in vier verschiedenen L\u00e4ngen erh\u00e4ltlich (64&#8243;, 66&#8243;, 68&#8243; und 70&#8243;), um eine breite Auswahl an Recurve-B\u00f6gen abzudecken. Mit den Farboptionen Schwarz und Weiss l\u00e4sst sich die Sehne individuell kombinieren.<\/p>\n<ul>\n<li>Material: BCY 8125<\/li>\n<li>L\u00e4ngen: 64&#8243;, 66&#8243;, 68&#8243;, 70&#8243;<\/li>\n<li>Farben: Schwarz, Weiss<\/li>\n<li>Herstellung: Frankreich<\/li>\n<\/ul>","protected":false},"excerpt":{"rendered":"<p>Die FBS Recurve-Sehne BCY 8125 ist eine hochwertige Bogensehne f\u00fcr Recurve-B\u00f6gen, gefertigt aus BCY 8125 Material. Erh\u00e4ltlich in den L\u00e4ngen 64&#8243;, 66&#8243;, 68&#8243; und 70&#8243; sowie in den Farben Schwarz und Weiss. Hergestellt in Frankreich.<\/p>","protected":false},"featured_media":450941,"comment_status":"open","ping_status":"closed","template":"","meta":[],"product_brand":[1132],"product_cat":[4638],"product_tag":[],"class_list":{"0":"post-406659","1":"product","2":"type-product","3":"status-publish","4":"has-post-thumbnail","6":"product_brand-fbs","7":"product_cat-recurve-strings-sehnen-kabel-bogen-zubehoer","9":"first","10":"instock","11":"shipping-taxable","12":"purchasable","13":"product-type-variable"},"_links":{"self":[{"href":"https:\/\/bogensportdiscount.ch\/it\/wp-json\/wp\/v2\/product\/406659","targetHints":{"allow":["GET"]}}],"collection":[{"href":"https:\/\/bogensportdiscount.ch\/it\/wp-json\/wp\/v2\/product"}],"about":[{"href":"https:\/\/bogensportdiscount.ch\/it\/wp-json\/wp\/v2\/types\/product"}],"replies":[{"embeddable":true,"href":"https:\/\/bogensportdiscount.ch\/it\/wp-json\/wp\/v2\/comments?post=406659"}],"wp:featuredmedia":[{"embeddable":true,"href":"https:\/\/bogensportdiscount.ch\/it\/wp-json\/wp\/v2\/media\/450941"}],"wp:attachment":[{"href":"https:\/\/bogensportdiscount.ch\/it\/wp-json\/wp\/v2\/media?parent=406659"}],"wp:term":[{"taxonomy":"product_brand","embeddable":true,"href":"https:\/\/bogensportdiscount.ch\/it\/wp-json\/wp\/v2\/product_brand?post=406659"},{"taxonomy":"product_cat","embeddable":true,"href":"https:\/\/bogensportdiscount.ch\/it\/wp-json\/wp\/v2\/product_cat?post=406659"},{"taxonomy":"product_tag","embeddable":true,"href":"https:\/\/bogensportdiscount.ch\/it\/wp-json\/wp\/v2\/product_tag?post=406659"}],"curies":[{"name":"wp","href":"https:\/\/api.w.org\/{rel}","templated":true}]}}