{"id":406655,"date":"2026-04-05T14:54:56","date_gmt":"2026-04-05T12:54:56","guid":{"rendered":"https:\/\/bogensportdiscount.ch\/produkt\/hunting-3d-sights-tetra-5510-1-pin-010-1-3-4-w-rheostat-rh\/"},"modified":"2026-04-15T12:57:18","modified_gmt":"2026-04-15T10:57:18","slug":"hha-compound-jagd-3d-visier-tetra-2","status":"publish","type":"product","link":"https:\/\/bogensportdiscount.ch\/it\/prodotto\/hha-compound-jagd-3d-visier-tetra-2\/","title":{"rendered":"HHA CACCIA E MIRINI 3D TETRA"},"content":{"rendered":"<p>Das HHA Tetra ist ein Compound-Visier aus dem Bereich Jagd und 3D-Bogenschiessen. Es eignet sich f\u00fcr Sch\u00fctzen, die ein zuverl\u00e4ssiges und praxistaugliches Visier f\u00fcr den Einsatz im Gel\u00e4nde oder auf 3D-Parcours suchen.<\/p>\n<p>Das Visier ist f\u00fcr Rechts- und Linkshandbogen konzipiert und in zwei Pindicken erh\u00e4ltlich: 0.010&#8243; f\u00fcr pr\u00e4zises Zielen auf gr\u00f6ssere Distanzen sowie 0.019&#8243; f\u00fcr mehr Sichtbarkeit bei schlechten Lichtverh\u00e4ltnissen. Die Herstellung erfolgt in den USA.<\/p>\n<ul>\n<li>Geeignet f\u00fcr Jagd und 3D-Bogenschiessen<\/li>\n<li>Verf\u00fcgbar f\u00fcr Rechts- und Linkshandbogen<\/li>\n<li>Zwei Pindicken: 0.010&#8243; und 0.019&#8243;<\/li>\n<li>Hergestellt in den USA (Marke HHA)<\/li>\n<\/ul>","protected":false},"excerpt":{"rendered":"<p>Das HHA Tetra ist ein Compound-Visier f\u00fcr Jagd und 3D-Bogenschiessen. Es ist f\u00fcr Links- und Rechtshandbogen erh\u00e4ltlich und in zwei Pindicken (0.010&#8243; und 0.019&#8243;) verf\u00fcgbar.<\/p>","protected":false},"featured_media":452754,"comment_status":"open","ping_status":"closed","template":"","meta":[],"product_brand":[528],"product_cat":[4263],"product_tag":[],"class_list":{"0":"post-406655","1":"product","2":"type-product","3":"status-publish","4":"has-post-thumbnail","6":"product_brand-hha","7":"product_cat-jagd-und-3d-visiere","9":"first","10":"instock","11":"shipping-taxable","12":"purchasable","13":"product-type-variable"},"_links":{"self":[{"href":"https:\/\/bogensportdiscount.ch\/it\/wp-json\/wp\/v2\/product\/406655","targetHints":{"allow":["GET"]}}],"collection":[{"href":"https:\/\/bogensportdiscount.ch\/it\/wp-json\/wp\/v2\/product"}],"about":[{"href":"https:\/\/bogensportdiscount.ch\/it\/wp-json\/wp\/v2\/types\/product"}],"replies":[{"embeddable":true,"href":"https:\/\/bogensportdiscount.ch\/it\/wp-json\/wp\/v2\/comments?post=406655"}],"wp:featuredmedia":[{"embeddable":true,"href":"https:\/\/bogensportdiscount.ch\/it\/wp-json\/wp\/v2\/media\/452754"}],"wp:attachment":[{"href":"https:\/\/bogensportdiscount.ch\/it\/wp-json\/wp\/v2\/media?parent=406655"}],"wp:term":[{"taxonomy":"product_brand","embeddable":true,"href":"https:\/\/bogensportdiscount.ch\/it\/wp-json\/wp\/v2\/product_brand?post=406655"},{"taxonomy":"product_cat","embeddable":true,"href":"https:\/\/bogensportdiscount.ch\/it\/wp-json\/wp\/v2\/product_cat?post=406655"},{"taxonomy":"product_tag","embeddable":true,"href":"https:\/\/bogensportdiscount.ch\/it\/wp-json\/wp\/v2\/product_tag?post=406655"}],"curies":[{"name":"wp","href":"https:\/\/api.w.org\/{rel}","templated":true}]}}