{"id":406652,"date":"2026-04-05T14:54:55","date_gmt":"2026-04-05T12:54:55","guid":{"rendered":"https:\/\/bogensportdiscount.ch\/produkt\/hunting-3d-sights-tetra-5510-1-pin-010-1-5-8-w-rheostat-lh\/"},"modified":"2026-04-17T15:42:22","modified_gmt":"2026-04-17T13:42:22","slug":"hha-compound-jagd-3d-visier-tetra","status":"publish","type":"product","link":"https:\/\/bogensportdiscount.ch\/it\/prodotto\/hha-compound-jagd-3d-visier-tetra\/","title":{"rendered":"MIRINO HHA 1PIN TETRA CACCIA E 3D"},"content":{"rendered":"<p>Das HHA Tetra ist ein Compound-Visier, das speziell f\u00fcr den Einsatz bei der Jagd sowie im 3D-Bogensport entwickelt wurde. Das Modell stammt aus US-amerikanischer Produktion und ist unter der bew\u00e4hrten Marke HHA erh\u00e4ltlich.<\/p>\n<p>Das Visier wird in zwei Fadendicken angeboten: .010&#8243; f\u00fcr ein feines Zielbild und .019&#8243; f\u00fcr mehr Sichtbarkeit bei schlechten Lichtverh\u00e4ltnissen. Je nach Einsatzzweck und pers\u00f6nlicher Vorliebe l\u00e4sst sich so die passende Variante w\u00e4hlen.<\/p>\n<ul>\n<li>Erh\u00e4ltlich in Fadendicke .010&#8243; und .019&#8243;<\/li>\n<li>Geeignet f\u00fcr Jagd und 3D-Bogensport<\/li>\n<li>Prodotto negli Stati Uniti<\/li>\n<\/ul>","protected":false},"excerpt":{"rendered":"<p>Das HHA Tetra ist ein Compound-Visier f\u00fcr Jagd und 3D-Bogensport. Es ist in zwei Fadendicken erh\u00e4ltlich (.010&#8243; und .019&#8243;) und eignet sich f\u00fcr pr\u00e4zises Anvisieren in verschiedenen Einsatzbereichen.<\/p>","protected":false},"featured_media":452753,"comment_status":"open","ping_status":"closed","template":"","meta":[],"product_brand":[528],"product_cat":[4263],"product_tag":[],"class_list":{"0":"post-406652","1":"product","2":"type-product","3":"status-publish","4":"has-post-thumbnail","6":"product_brand-hha","7":"product_cat-jagd-und-3d-visiere","9":"first","10":"instock","11":"shipping-taxable","12":"purchasable","13":"product-type-variable"},"_links":{"self":[{"href":"https:\/\/bogensportdiscount.ch\/it\/wp-json\/wp\/v2\/product\/406652","targetHints":{"allow":["GET"]}}],"collection":[{"href":"https:\/\/bogensportdiscount.ch\/it\/wp-json\/wp\/v2\/product"}],"about":[{"href":"https:\/\/bogensportdiscount.ch\/it\/wp-json\/wp\/v2\/types\/product"}],"replies":[{"embeddable":true,"href":"https:\/\/bogensportdiscount.ch\/it\/wp-json\/wp\/v2\/comments?post=406652"}],"wp:featuredmedia":[{"embeddable":true,"href":"https:\/\/bogensportdiscount.ch\/it\/wp-json\/wp\/v2\/media\/452753"}],"wp:attachment":[{"href":"https:\/\/bogensportdiscount.ch\/it\/wp-json\/wp\/v2\/media?parent=406652"}],"wp:term":[{"taxonomy":"product_brand","embeddable":true,"href":"https:\/\/bogensportdiscount.ch\/it\/wp-json\/wp\/v2\/product_brand?post=406652"},{"taxonomy":"product_cat","embeddable":true,"href":"https:\/\/bogensportdiscount.ch\/it\/wp-json\/wp\/v2\/product_cat?post=406652"},{"taxonomy":"product_tag","embeddable":true,"href":"https:\/\/bogensportdiscount.ch\/it\/wp-json\/wp\/v2\/product_tag?post=406652"}],"curies":[{"name":"wp","href":"https:\/\/api.w.org\/{rel}","templated":true}]}}