{"id":406641,"date":"2026-04-05T14:54:53","date_gmt":"2026-04-05T12:54:53","guid":{"rendered":"https:\/\/bogensportdiscount.ch\/produkt\/compound-sights-tetra-tournament-5519-1-pin-019-w-rheos-rh\/"},"modified":"2026-04-17T15:42:22","modified_gmt":"2026-04-17T13:42:22","slug":"hha-compound-visier-tetra-tournament","status":"publish","type":"product","link":"https:\/\/bogensportdiscount.ch\/it\/prodotto\/hha-compound-visier-tetra-tournament\/","title":{"rendered":"HHA TETRA TOURNAMENT CACCIA E MIRINO 3D"},"content":{"rendered":"<p>Das HHA Tetra Tournament ist ein Compound-Visier aus dem Hause HHA (USA), das speziell f\u00fcr den Einsatz bei 3D-Turnieren und auf der Jagd entwickelt wurde. Es ist in den Fadendicken .010&#8243; und .019&#8243; erh\u00e4ltlich, womit sich das Visier an unterschiedliche Lichtverh\u00e4ltnisse und pers\u00f6nliche Pr\u00e4ferenzen anpassen l\u00e4sst.<\/p>\n<p>HHA ist bekannt f\u00fcr robuste und pr\u00e4zise Bogensport-Visiere mit hoher Fertigungsqualit\u00e4t. Das Tetra Tournament richtet sich an Bogensch\u00fctzen, die ein zuverl\u00e4ssiges und funktionales Visier f\u00fcr den wettkampf- oder jagdorientierten Einsatz suchen.<\/p>\n<ul>\n<li>Erh\u00e4ltlich in Fadendicke .010&#8243; und .019&#8243;<\/li>\n<li>Geeignet f\u00fcr 3D-Turniere und Jagd<\/li>\n<li>Prodotto negli Stati Uniti<\/li>\n<\/ul>","protected":false},"excerpt":{"rendered":"<p>Das HHA Tetra Tournament ist ein Compound-Visier f\u00fcr den Jagd- und 3D-Einsatz. Es ist in zwei Fadendicken erh\u00e4ltlich (.010&#8243; und .019&#8243;) und eignet sich f\u00fcr pr\u00e4zises Zielen unter Turnier- und Feldbedingungen. Hergestellt in den USA.<\/p>","protected":false},"featured_media":450938,"comment_status":"open","ping_status":"closed","template":"","meta":[],"product_brand":[528],"product_cat":[4263],"product_tag":[],"class_list":{"0":"post-406641","1":"product","2":"type-product","3":"status-publish","4":"has-post-thumbnail","6":"product_brand-hha","7":"product_cat-jagd-und-3d-visiere","9":"first","10":"instock","11":"shipping-taxable","12":"purchasable","13":"product-type-variable"},"_links":{"self":[{"href":"https:\/\/bogensportdiscount.ch\/it\/wp-json\/wp\/v2\/product\/406641","targetHints":{"allow":["GET"]}}],"collection":[{"href":"https:\/\/bogensportdiscount.ch\/it\/wp-json\/wp\/v2\/product"}],"about":[{"href":"https:\/\/bogensportdiscount.ch\/it\/wp-json\/wp\/v2\/types\/product"}],"replies":[{"embeddable":true,"href":"https:\/\/bogensportdiscount.ch\/it\/wp-json\/wp\/v2\/comments?post=406641"}],"wp:featuredmedia":[{"embeddable":true,"href":"https:\/\/bogensportdiscount.ch\/it\/wp-json\/wp\/v2\/media\/450938"}],"wp:attachment":[{"href":"https:\/\/bogensportdiscount.ch\/it\/wp-json\/wp\/v2\/media?parent=406641"}],"wp:term":[{"taxonomy":"product_brand","embeddable":true,"href":"https:\/\/bogensportdiscount.ch\/it\/wp-json\/wp\/v2\/product_brand?post=406641"},{"taxonomy":"product_cat","embeddable":true,"href":"https:\/\/bogensportdiscount.ch\/it\/wp-json\/wp\/v2\/product_cat?post=406641"},{"taxonomy":"product_tag","embeddable":true,"href":"https:\/\/bogensportdiscount.ch\/it\/wp-json\/wp\/v2\/product_tag?post=406641"}],"curies":[{"name":"wp","href":"https:\/\/api.w.org\/{rel}","templated":true}]}}