{"id":406395,"date":"2026-04-05T14:54:25","date_gmt":"2026-04-05T12:54:25","guid":{"rendered":"https:\/\/bogensportdiscount.ch\/produkt\/hand-model-longhorn-micro-pro-back-tension-3-finger-medium\/"},"modified":"2026-04-17T13:46:59","modified_gmt":"2026-04-17T11:46:59","slug":"scott-hand-release-longhorn-micro-pro-back-tension-3-finger","status":"publish","type":"product","link":"https:\/\/bogensportdiscount.ch\/it\/prodotto\/scott-hand-release-longhorn-micro-pro-back-tension-3-finger\/","title":{"rendered":"SCOTT HAND MODEL LONGHORN MICRO PRO - BACK TENSION 3-FINGER"},"content":{"rendered":"<p>Der SCOTT Longhorn Micro Pro ist ein 3-Finger Hand-Release (Wrist-Release ohne Handgelenkschlaufe) mit Back-Tension-Mechanismus. Bei dieser Ausl\u00f6seform wird der Release nicht durch direkten Fingerdruck ausgel\u00f6st, sondern durch die Zugbewegung des R\u00fcckens \u2014 was einen unbewussten und gleichm\u00e4ssigen Abschuss f\u00f6rdert.<\/p>\n<p>Das Modell ist in den Gr\u00f6ssen M und L erh\u00e4ltlich und richtet sich an Compound-Bogensch\u00fctzen, die auf reflexartige Ausl\u00f6sekonsistenz Wert legen. Die kompakte Bauform des Longhorn Micro Pro erm\u00f6glicht eine pr\u00e4zise Handhabung.<\/p>\n<ul>\n<li>Back-Tension-Mechanismus f\u00fcr konsistentes Ausl\u00f6sen<\/li>\n<li>3-Finger-Design ohne Handgelenkschlaufe<\/li>\n<li>Erh\u00e4ltlich in Gr\u00f6sse M und L<\/li>\n<li>Geeignet f\u00fcr Trainings- und Wettkampfeinsatz<\/li>\n<\/ul>","protected":false},"excerpt":{"rendered":"<p><strong>Marchio:<\/strong> Scott<\/p>","protected":false},"featured_media":450906,"comment_status":"open","ping_status":"closed","template":"","meta":[],"product_brand":[614],"product_cat":[4348],"product_tag":[],"class_list":{"0":"post-406395","1":"product","2":"type-product","3":"status-publish","4":"has-post-thumbnail","6":"product_brand-scott","7":"product_cat-back-tension-releases","9":"first","10":"instock","11":"shipping-taxable","12":"purchasable","13":"product-type-variable"},"_links":{"self":[{"href":"https:\/\/bogensportdiscount.ch\/it\/wp-json\/wp\/v2\/product\/406395","targetHints":{"allow":["GET"]}}],"collection":[{"href":"https:\/\/bogensportdiscount.ch\/it\/wp-json\/wp\/v2\/product"}],"about":[{"href":"https:\/\/bogensportdiscount.ch\/it\/wp-json\/wp\/v2\/types\/product"}],"replies":[{"embeddable":true,"href":"https:\/\/bogensportdiscount.ch\/it\/wp-json\/wp\/v2\/comments?post=406395"}],"wp:featuredmedia":[{"embeddable":true,"href":"https:\/\/bogensportdiscount.ch\/it\/wp-json\/wp\/v2\/media\/450906"}],"wp:attachment":[{"href":"https:\/\/bogensportdiscount.ch\/it\/wp-json\/wp\/v2\/media?parent=406395"}],"wp:term":[{"taxonomy":"product_brand","embeddable":true,"href":"https:\/\/bogensportdiscount.ch\/it\/wp-json\/wp\/v2\/product_brand?post=406395"},{"taxonomy":"product_cat","embeddable":true,"href":"https:\/\/bogensportdiscount.ch\/it\/wp-json\/wp\/v2\/product_cat?post=406395"},{"taxonomy":"product_tag","embeddable":true,"href":"https:\/\/bogensportdiscount.ch\/it\/wp-json\/wp\/v2\/product_tag?post=406395"}],"curies":[{"name":"wp","href":"https:\/\/api.w.org\/{rel}","templated":true}]}}