{"id":406327,"date":"2026-04-05T14:54:15","date_gmt":"2026-04-05T12:54:15","guid":{"rendered":"https:\/\/bogensportdiscount.ch\/produkt\/blunts-nylon-horiz-popnjay-speedy-micro-carbon-300-by-lathe-50pck\/"},"modified":"2026-04-17T15:42:21","modified_gmt":"2026-04-17T13:42:21","slug":"erplastic-blunts-nylon-horizontal-popinjay-speedy-micro-carbon","status":"publish","type":"product","link":"https:\/\/bogensportdiscount.ch\/it\/prodotto\/erplastic-blunts-nylon-horizontal-popinjay-speedy-micro-carbon\/","title":{"rendered":"ERPLASTIC SPEEDY MICRO CARBON"},"content":{"rendered":"<p>Diese Nylon-Blunts von ERPLASTIC sind speziell f\u00fcr den Popinjay-Bogensport entwickelt und f\u00fcr den horizontalen Einsatz ausgelegt. Sie sind kompatibel mit Speedy Micro Carbon Sch\u00e4ften und werden in verschiedenen Spine-St\u00e4rken angeboten.<\/p>\n<p>Blunts werden im Popinjay-Schiessen verwendet, um die auf Stangen sitzenden V\u00f6gel (Popinjays) abzutreffen, ohne die Pfeile zu besch\u00e4digen. Die Nylon-Ausf\u00fchrung sorgt f\u00fcr eine zuverl\u00e4ssige Auftreffwirkung und schont gleichzeitig das Material.<\/p>\n<ul>\n<li>Geeignet f\u00fcr horizontales Popinjay-Schiessen<\/li>\n<li>Kompatibel mit Speedy Micro Carbon Sch\u00e4ften<\/li>\n<li>Ausf\u00fchrung in Nylon<\/li>\n<li>Verf\u00fcgbar in Spine 200, 250, 300, 350 und 400<\/li>\n<\/ul>","protected":false},"excerpt":{"rendered":"<p><strong>Marchio:<\/strong> ER Plastic<\/p>","protected":false},"featured_media":450896,"comment_status":"open","ping_status":"closed","template":"","meta":[],"product_brand":[790],"product_cat":[4185],"product_tag":[],"class_list":{"0":"post-406327","1":"product","2":"type-product","3":"status-publish","4":"has-post-thumbnail","6":"product_brand-erplastic","7":"product_cat-komponenten","9":"first","10":"instock","11":"shipping-taxable","12":"purchasable","13":"product-type-variable"},"_links":{"self":[{"href":"https:\/\/bogensportdiscount.ch\/it\/wp-json\/wp\/v2\/product\/406327","targetHints":{"allow":["GET"]}}],"collection":[{"href":"https:\/\/bogensportdiscount.ch\/it\/wp-json\/wp\/v2\/product"}],"about":[{"href":"https:\/\/bogensportdiscount.ch\/it\/wp-json\/wp\/v2\/types\/product"}],"replies":[{"embeddable":true,"href":"https:\/\/bogensportdiscount.ch\/it\/wp-json\/wp\/v2\/comments?post=406327"}],"wp:featuredmedia":[{"embeddable":true,"href":"https:\/\/bogensportdiscount.ch\/it\/wp-json\/wp\/v2\/media\/450896"}],"wp:attachment":[{"href":"https:\/\/bogensportdiscount.ch\/it\/wp-json\/wp\/v2\/media?parent=406327"}],"wp:term":[{"taxonomy":"product_brand","embeddable":true,"href":"https:\/\/bogensportdiscount.ch\/it\/wp-json\/wp\/v2\/product_brand?post=406327"},{"taxonomy":"product_cat","embeddable":true,"href":"https:\/\/bogensportdiscount.ch\/it\/wp-json\/wp\/v2\/product_cat?post=406327"},{"taxonomy":"product_tag","embeddable":true,"href":"https:\/\/bogensportdiscount.ch\/it\/wp-json\/wp\/v2\/product_tag?post=406327"}],"curies":[{"name":"wp","href":"https:\/\/api.w.org\/{rel}","templated":true}]}}