{"id":406211,"date":"2026-04-05T14:54:03","date_gmt":"2026-04-05T12:54:03","guid":{"rendered":"https:\/\/bogensportdiscount.ch\/produkt\/risers-cnc-sovren-27-rh-anodized-black\/"},"modified":"2026-05-14T15:26:22","modified_gmt":"2026-05-14T13:26:22","slug":"kinetic-recurve-mittelstuck-cnc-sovren-27","status":"publish","type":"product","link":"https:\/\/bogensportdiscount.ch\/it\/prodotto\/kinetic-recurve-mittelstuck-cnc-sovren-27\/","title":{"rendered":"KINETIC RISERS CNC SOVREN 27\u2033"},"content":{"rendered":"<p>Das KINETIC CNC Sovren ist ein CNC-gefr\u00e4stes Recurve-Mittelst\u00fcck aus 6061-T651 Aluminium mit einer L\u00e4nge von 27 Zoll und einem Gewicht von 1280 g. Es ist sowohl f\u00fcr Rechts- als auch f\u00fcr Linksh\u00e4nder erh\u00e4ltlich und kommt in den Farben Black, Midnight Blue und White.<\/p>\n<p>L'attacco ILF per i flettenti con sistema di allineamento integrato consente un allineamento preciso dei flettenti ed \u00e8 compatibile con un'ampia gamma di flettenti ILF. L'angolo dell'impugnatura di 42\u00b0 garantisce una posizione ergonomica della mano durante il tiro.<\/p>\n<ul>\n<li>Alluminio 6061-T651 fresato a CNC per elevata precisione dimensionale<\/li>\n<li>Attacco ILF con sistema di allineamento dei flettenti<\/li>\n<li>Adatto per arcieri destrorsi e mancini<\/li>\n<li>Disponibile in tre colori<\/li>\n<\/ul>","protected":false},"excerpt":{"rendered":"<table>\n<tr>\n<th>Propriet\u00e0<\/th>\n<th>Valore<\/th>\n<\/tr>\n<tr>\n<td>Lunghezza<\/td>\n<td>27&#8243;<\/td>\n<\/tr>\n<tr>\n<td>Peso<\/td>\n<td>1280 g<\/td>\n<\/tr>\n<tr>\n<td>Materiale<\/td>\n<td>Alluminio 6061-T651 (fresato a CNC)<\/td>\n<\/tr>\n<tr>\n<td>Versione<\/td>\n<td>Destrorso (RH) \/ Mancino (LH)<\/td>\n<\/tr>\n<tr>\n<td>Angolo di presa<\/td>\n<td>42\u00b0<\/td>\n<\/tr>\n<tr>\n<td>Alloggiamento flettenti<\/td>\n<td>ILF con sistema di allineamento dei flettenti<\/td>\n<\/tr>\n<\/table>","protected":false},"featured_media":450888,"comment_status":"open","ping_status":"closed","template":"","meta":[],"product_brand":[439],"product_cat":[4519],"product_tag":[],"class_list":{"0":"post-406211","1":"product","2":"type-product","3":"status-publish","4":"has-post-thumbnail","6":"product_brand-kinetic","7":"product_cat-recurve-mittelteile","8":"product_shipping_class-bsd-standard","10":"first","11":"instock","12":"shipping-taxable","13":"purchasable","14":"product-type-variable"},"yoast_head":"<!-- This site is optimized with the Yoast SEO plugin v27.6 - https:\/\/yoast.com\/product\/yoast-seo-wordpress\/ -->\n<title>KINETIC RISERS CNC SOVREN 27&quot; - Bogensportdiscount \u2013 Archi, Frecce, Targets &amp; Accessori<\/title>\n<meta name=\"description\" content=\"Acquisti KINETIC RISERS CNC SOVREN 27&quot; a un prezzo vantaggioso su Bogensportdiscount \u2013 Le migliori marche, spedizione veloce dalla Svizzera.\" \/>\n<meta name=\"robots\" content=\"index, follow, max-snippet:-1, max-image-preview:large, max-video-preview:-1\" \/>\n<link rel=\"canonical\" href=\"https:\/\/bogensportdiscount.ch\/it\/prodotto\/kinetic-recurve-mittelstuck-cnc-sovren-27\/\" \/>\n<meta property=\"og:locale\" content=\"it_IT\" \/>\n<meta property=\"og:type\" content=\"article\" \/>\n<meta property=\"og:title\" content=\"KINETIC RISERS CNC SOVREN 27&quot; - Bogensportdiscount \u2013 Archi, Frecce, Targets &amp; Accessori\" \/>\n<meta property=\"og:description\" content=\"Acquisti KINETIC RISERS CNC SOVREN 27&quot; a un prezzo vantaggioso su Bogensportdiscount \u2013 Le migliori marche, spedizione veloce dalla Svizzera.\" \/>\n<meta property=\"og:url\" content=\"https:\/\/bogensportdiscount.ch\/it\/prodotto\/kinetic-recurve-mittelstuck-cnc-sovren-27\/\" \/>\n<meta property=\"og:site_name\" content=\"Bogensportdiscount \u2013 B\u00f6gen, Pfeile, Targets &amp; Zubeh\u00f6r\" \/>\n<meta property=\"article:modified_time\" content=\"2026-05-14T13:26:22+00:00\" \/>\n<meta property=\"og:image\" content=\"https:\/\/bogensportdiscount.ch\/wp-content\/uploads\/bsm-images\/A047443_1.png\" \/>\n\t<meta property=\"og:image:width\" content=\"1992\" \/>\n\t<meta property=\"og:image:height\" content=\"4297\" \/>\n\t<meta property=\"og:image:type\" content=\"image\/png\" \/>\n<meta name=\"twitter:card\" content=\"summary_large_image\" \/>\n<meta name=\"twitter:label1\" content=\"Tempo di lettura stimato\" \/>\n\t<meta name=\"twitter:data1\" content=\"1 minuto\" \/>\n<script type=\"application\/ld+json\" class=\"yoast-schema-graph\">{\"@context\":\"https:\\\/\\\/schema.org\",\"@graph\":[{\"@type\":\"WebPage\",\"@id\":\"https:\\\/\\\/bogensportdiscount.ch\\\/produkt\\\/kinetic-recurve-mittelstuck-cnc-sovren-27\\\/\",\"url\":\"https:\\\/\\\/bogensportdiscount.ch\\\/produkt\\\/kinetic-recurve-mittelstuck-cnc-sovren-27\\\/\",\"name\":\"KINETIC RISERS CNC SOVREN 27\\\" - Bogensportdiscount \u2013 B\u00f6gen, Pfeile, Targets &amp; Zubeh\u00f6r\",\"isPartOf\":{\"@id\":\"https:\\\/\\\/bogensportdiscount.ch\\\/#website\"},\"primaryImageOfPage\":{\"@id\":\"https:\\\/\\\/bogensportdiscount.ch\\\/produkt\\\/kinetic-recurve-mittelstuck-cnc-sovren-27\\\/#primaryimage\"},\"image\":{\"@id\":\"https:\\\/\\\/bogensportdiscount.ch\\\/produkt\\\/kinetic-recurve-mittelstuck-cnc-sovren-27\\\/#primaryimage\"},\"thumbnailUrl\":\"https:\\\/\\\/bogensportdiscount.ch\\\/wp-content\\\/uploads\\\/bsm-images\\\/A047443_1.png\",\"datePublished\":\"2026-04-05T12:54:03+00:00\",\"dateModified\":\"2026-05-14T13:26:22+00:00\",\"description\":\"KINETIC RISERS CNC SOVREN 27\\\" g\u00fcnstig kaufen bei Bogensportdiscount \u2013 Top-Marken, schneller Versand aus der Schweiz.\",\"breadcrumb\":{\"@id\":\"https:\\\/\\\/bogensportdiscount.ch\\\/produkt\\\/kinetic-recurve-mittelstuck-cnc-sovren-27\\\/#breadcrumb\"},\"inLanguage\":\"it-IT\",\"potentialAction\":[{\"@type\":\"ReadAction\",\"target\":[\"https:\\\/\\\/bogensportdiscount.ch\\\/produkt\\\/kinetic-recurve-mittelstuck-cnc-sovren-27\\\/\"]}]},{\"@type\":\"ImageObject\",\"inLanguage\":\"it-IT\",\"@id\":\"https:\\\/\\\/bogensportdiscount.ch\\\/produkt\\\/kinetic-recurve-mittelstuck-cnc-sovren-27\\\/#primaryimage\",\"url\":\"https:\\\/\\\/bogensportdiscount.ch\\\/wp-content\\\/uploads\\\/bsm-images\\\/A047443_1.png\",\"contentUrl\":\"https:\\\/\\\/bogensportdiscount.ch\\\/wp-content\\\/uploads\\\/bsm-images\\\/A047443_1.png\",\"width\":1992,\"height\":4297},{\"@type\":\"BreadcrumbList\",\"@id\":\"https:\\\/\\\/bogensportdiscount.ch\\\/produkt\\\/kinetic-recurve-mittelstuck-cnc-sovren-27\\\/#breadcrumb\",\"itemListElement\":[{\"@type\":\"ListItem\",\"position\":1,\"name\":\"Home\",\"item\":\"https:\\\/\\\/bogensportdiscount.ch\\\/\"},{\"@type\":\"ListItem\",\"position\":2,\"name\":\"Shop\",\"item\":\"https:\\\/\\\/bogensportdiscount.ch\\\/shop\\\/\"},{\"@type\":\"ListItem\",\"position\":3,\"name\":\"KINETIC RISERS CNC SOVREN 27&#8243;\"}]},{\"@type\":\"WebSite\",\"@id\":\"https:\\\/\\\/bogensportdiscount.ch\\\/#website\",\"url\":\"https:\\\/\\\/bogensportdiscount.ch\\\/\",\"name\":\"Bogensportdiscount\",\"description\":\"\",\"potentialAction\":[{\"@type\":\"SearchAction\",\"target\":{\"@type\":\"EntryPoint\",\"urlTemplate\":\"https:\\\/\\\/bogensportdiscount.ch\\\/?s={search_term_string}\"},\"query-input\":{\"@type\":\"PropertyValueSpecification\",\"valueRequired\":true,\"valueName\":\"search_term_string\"}}],\"inLanguage\":\"it-IT\"}]}<\/script>\n<!-- \/ Yoast SEO plugin. -->","yoast_head_json":{"title":"KINETIC RISERS CNC SOVREN 27\" - Bogensportdiscount \u2013 Archi, Frecce, Targets & Accessori","description":"Acquisti KINETIC RISERS CNC SOVREN 27\" a un prezzo vantaggioso su Bogensportdiscount \u2013 Le migliori marche, spedizione veloce dalla Svizzera.","robots":{"index":"index","follow":"follow","max-snippet":"max-snippet:-1","max-image-preview":"max-image-preview:large","max-video-preview":"max-video-preview:-1"},"canonical":"https:\/\/bogensportdiscount.ch\/it\/prodotto\/kinetic-recurve-mittelstuck-cnc-sovren-27\/","og_locale":"it_IT","og_type":"article","og_title":"KINETIC RISERS CNC SOVREN 27\" - Bogensportdiscount \u2013 Archi, Frecce, Targets & Accessori","og_description":"Acquisti KINETIC RISERS CNC SOVREN 27\" a un prezzo vantaggioso su Bogensportdiscount \u2013 Le migliori marche, spedizione veloce dalla Svizzera.","og_url":"https:\/\/bogensportdiscount.ch\/it\/prodotto\/kinetic-recurve-mittelstuck-cnc-sovren-27\/","og_site_name":"Bogensportdiscount \u2013 B\u00f6gen, Pfeile, Targets &amp; Zubeh\u00f6r","article_modified_time":"2026-05-14T13:26:22+00:00","og_image":[{"url":"https:\/\/bogensportdiscount.ch\/wp-content\/uploads\/bsm-images\/A047443_1.png","width":1992,"height":4297,"type":"image\/png"}],"twitter_card":"summary_large_image","twitter_misc":{"Tempo di lettura stimato":"1 minuto"},"schema":{"@context":"https:\/\/schema.org","@graph":[{"@type":"WebPage","@id":"https:\/\/bogensportdiscount.ch\/produkt\/kinetic-recurve-mittelstuck-cnc-sovren-27\/","url":"https:\/\/bogensportdiscount.ch\/produkt\/kinetic-recurve-mittelstuck-cnc-sovren-27\/","name":"KINETIC RISERS CNC SOVREN 27\" - Bogensportdiscount \u2013 Archi, Frecce, Targets &amp; Accessori","isPartOf":{"@id":"https:\/\/bogensportdiscount.ch\/#website"},"primaryImageOfPage":{"@id":"https:\/\/bogensportdiscount.ch\/produkt\/kinetic-recurve-mittelstuck-cnc-sovren-27\/#primaryimage"},"image":{"@id":"https:\/\/bogensportdiscount.ch\/produkt\/kinetic-recurve-mittelstuck-cnc-sovren-27\/#primaryimage"},"thumbnailUrl":"https:\/\/bogensportdiscount.ch\/wp-content\/uploads\/bsm-images\/A047443_1.png","datePublished":"2026-04-05T12:54:03+00:00","dateModified":"2026-05-14T13:26:22+00:00","description":"Acquisti KINETIC RISERS CNC SOVREN 27\" a un prezzo vantaggioso su Bogensportdiscount \u2013 Le migliori marche, spedizione veloce dalla Svizzera.","breadcrumb":{"@id":"https:\/\/bogensportdiscount.ch\/produkt\/kinetic-recurve-mittelstuck-cnc-sovren-27\/#breadcrumb"},"inLanguage":"it-IT","potentialAction":[{"@type":"ReadAction","target":["https:\/\/bogensportdiscount.ch\/produkt\/kinetic-recurve-mittelstuck-cnc-sovren-27\/"]}]},{"@type":"ImageObject","inLanguage":"it-IT","@id":"https:\/\/bogensportdiscount.ch\/produkt\/kinetic-recurve-mittelstuck-cnc-sovren-27\/#primaryimage","url":"https:\/\/bogensportdiscount.ch\/wp-content\/uploads\/bsm-images\/A047443_1.png","contentUrl":"https:\/\/bogensportdiscount.ch\/wp-content\/uploads\/bsm-images\/A047443_1.png","width":1992,"height":4297},{"@type":"BreadcrumbList","@id":"https:\/\/bogensportdiscount.ch\/produkt\/kinetic-recurve-mittelstuck-cnc-sovren-27\/#breadcrumb","itemListElement":[{"@type":"ListItem","position":1,"name":"Home","item":"https:\/\/bogensportdiscount.ch\/"},{"@type":"ListItem","position":2,"name":"Shop","item":"https:\/\/bogensportdiscount.ch\/shop\/"},{"@type":"ListItem","position":3,"name":"KINETIC RISERS CNC SOVREN 27&#8243;"}]},{"@type":"WebSite","@id":"https:\/\/bogensportdiscount.ch\/#website","url":"https:\/\/bogensportdiscount.ch\/","name":"Bogensportdiscount","description":"","potentialAction":[{"@type":"SearchAction","target":{"@type":"EntryPoint","urlTemplate":"https:\/\/bogensportdiscount.ch\/?s={search_term_string}"},"query-input":{"@type":"PropertyValueSpecification","valueRequired":true,"valueName":"search_term_string"}}],"inLanguage":"it-IT"}]}},"_links":{"self":[{"href":"https:\/\/bogensportdiscount.ch\/it\/wp-json\/wp\/v2\/product\/406211","targetHints":{"allow":["GET"]}}],"collection":[{"href":"https:\/\/bogensportdiscount.ch\/it\/wp-json\/wp\/v2\/product"}],"about":[{"href":"https:\/\/bogensportdiscount.ch\/it\/wp-json\/wp\/v2\/types\/product"}],"replies":[{"embeddable":true,"href":"https:\/\/bogensportdiscount.ch\/it\/wp-json\/wp\/v2\/comments?post=406211"}],"wp:featuredmedia":[{"embeddable":true,"href":"https:\/\/bogensportdiscount.ch\/it\/wp-json\/wp\/v2\/media\/450888"}],"wp:attachment":[{"href":"https:\/\/bogensportdiscount.ch\/it\/wp-json\/wp\/v2\/media?parent=406211"}],"wp:term":[{"taxonomy":"product_brand","embeddable":true,"href":"https:\/\/bogensportdiscount.ch\/it\/wp-json\/wp\/v2\/product_brand?post=406211"},{"taxonomy":"product_cat","embeddable":true,"href":"https:\/\/bogensportdiscount.ch\/it\/wp-json\/wp\/v2\/product_cat?post=406211"},{"taxonomy":"product_tag","embeddable":true,"href":"https:\/\/bogensportdiscount.ch\/it\/wp-json\/wp\/v2\/product_tag?post=406211"}],"curies":[{"name":"wp","href":"https:\/\/api.w.org\/{rel}","templated":true}]}}