{"id":406068,"date":"2026-04-05T14:53:46","date_gmt":"2026-04-05T12:53:46","guid":{"rendered":"https:\/\/bogensportdiscount.ch\/produkt\/recurve-sights-ultima-rc-pro-520-9-a-single-mount-rh-red\/"},"modified":"2026-04-23T15:08:35","modified_gmt":"2026-04-23T13:08:35","slug":"shibuya-recurve-visier-ultima-rc-pro-520-9-a-single-mount","status":"publish","type":"product","link":"https:\/\/bogensportdiscount.ch\/it\/prodotto\/shibuya-recurve-visier-ultima-rc-pro-520-9-a-single-mount\/","title":{"rendered":"SHIBUYA RECURVE VISIERE ULTIMA RC PRO 520-9-A EINZEL MONTAGE"},"content":{"rendered":"<p>Das Shibuya Ultima RC Pro 520-9-A ist ein Recurve-Visier aus der bew\u00e4hrten Ultima-Reihe von Shibuya, einem der bekanntesten Hersteller von Wettkampfvisieren. Die Single-Mount-Konstruktion erm\u00f6glicht eine stabile und pr\u00e4zise Montage am Recurvebogen.<\/p>\n<p>Das Visier ist in einer Ausf\u00fchrung f\u00fcr Rechtshandbogensch\u00fctzen (RH) sowie f\u00fcr Linkshandbogensch\u00fctzen (LH) erh\u00e4ltlich, sodass es f\u00fcr eine breite Nutzergruppe geeignet ist.<\/p>\n<ul>\n<li>Recurve-Targetvisier f\u00fcr den Wettkampf- und Trainingseinsatz<\/li>\n<li>Single-Mount-Befestigung f\u00fcr stabile Montage<\/li>\n<li>Disponibile per arcieri destrimani e mancini<\/li>\n<li>Aus der Shibuya Ultima RC Pro Serie<\/li>\n<\/ul>","protected":false},"excerpt":{"rendered":"<p><strong>Marchio:<\/strong> Shibuya<\/p>","protected":false},"featured_media":450866,"comment_status":"open","ping_status":"closed","template":"","meta":[],"product_brand":[496],"product_cat":[4262],"product_tag":[],"class_list":{"0":"post-406068","1":"product","2":"type-product","3":"status-publish","4":"has-post-thumbnail","6":"product_brand-shibuya","7":"product_cat-recurve-visiere","8":"product_shipping_class-bsd-standard","10":"first","11":"instock","12":"shipping-taxable","13":"purchasable","14":"product-type-variable"},"yoast_head":"<!-- This site is optimized with the Yoast SEO plugin v27.4 - https:\/\/yoast.com\/product\/yoast-seo-wordpress\/ -->\n<title>MIRINO SHIBUYA RECURVE ULTIMA RC PRO 520-9-A MONTAGGIO SINGOLO - Bogensportdiscount \u2013 Archi, frecce, bersagli e accessori<\/title>\n<meta name=\"description\" content=\"SHIBUYA RECURVE VISIERE ULTIMA RC PRO 520-9-A MONTAGGIO SINGOLO: acquista a un prezzo conveniente su Bogensportdiscount \u2013 Marchi di punta, spedizione veloce dalla Svizzera.\" \/>\n<meta name=\"robots\" content=\"index, follow, max-snippet:-1, max-image-preview:large, max-video-preview:-1\" \/>\n<link rel=\"canonical\" href=\"https:\/\/bogensportdiscount.ch\/it\/prodotto\/shibuya-recurve-visier-ultima-rc-pro-520-9-a-single-mount\/\" \/>\n<meta property=\"og:locale\" content=\"it_IT\" \/>\n<meta property=\"og:type\" content=\"article\" \/>\n<meta property=\"og:title\" content=\"MIRINO SHIBUYA RECURVE ULTIMA RC PRO 520-9-A MONTAGGIO SINGOLO - Bogensportdiscount \u2013 Archi, frecce, bersagli e accessori\" \/>\n<meta property=\"og:description\" content=\"SHIBUYA RECURVE VISIERE ULTIMA RC PRO 520-9-A MONTAGGIO SINGOLO: acquista a un prezzo conveniente su Bogensportdiscount \u2013 Marchi di punta, spedizione veloce dalla Svizzera.\" \/>\n<meta property=\"og:url\" content=\"https:\/\/bogensportdiscount.ch\/it\/prodotto\/shibuya-recurve-visier-ultima-rc-pro-520-9-a-single-mount\/\" \/>\n<meta property=\"og:site_name\" content=\"Bogensportdiscount \u2013 B\u00f6gen, Pfeile, Targets &amp; Zubeh\u00f6r\" \/>\n<meta property=\"article:modified_time\" content=\"2026-04-23T13:08:35+00:00\" \/>\n<meta property=\"og:image\" content=\"https:\/\/bogensportdiscount.ch\/wp-content\/uploads\/bsm-images\/A046257_1.png\" \/>\n\t<meta property=\"og:image:width\" content=\"3414\" \/>\n\t<meta property=\"og:image:height\" content=\"2551\" \/>\n\t<meta property=\"og:image:type\" content=\"image\/png\" \/>\n<meta name=\"twitter:card\" content=\"summary_large_image\" \/>\n<script type=\"application\/ld+json\" class=\"yoast-schema-graph\">{\"@context\":\"https:\\\/\\\/schema.org\",\"@graph\":[{\"@type\":\"WebPage\",\"@id\":\"https:\\\/\\\/bogensportdiscount.ch\\\/produkt\\\/shibuya-recurve-visier-ultima-rc-pro-520-9-a-single-mount\\\/\",\"url\":\"https:\\\/\\\/bogensportdiscount.ch\\\/produkt\\\/shibuya-recurve-visier-ultima-rc-pro-520-9-a-single-mount\\\/\",\"name\":\"SHIBUYA RECURVE VISIERE ULTIMA RC PRO 520-9-A EINZEL MONTAGE - Bogensportdiscount \u2013 B\u00f6gen, Pfeile, Targets &amp; Zubeh\u00f6r\",\"isPartOf\":{\"@id\":\"https:\\\/\\\/bogensportdiscount.ch\\\/#website\"},\"primaryImageOfPage\":{\"@id\":\"https:\\\/\\\/bogensportdiscount.ch\\\/produkt\\\/shibuya-recurve-visier-ultima-rc-pro-520-9-a-single-mount\\\/#primaryimage\"},\"image\":{\"@id\":\"https:\\\/\\\/bogensportdiscount.ch\\\/produkt\\\/shibuya-recurve-visier-ultima-rc-pro-520-9-a-single-mount\\\/#primaryimage\"},\"thumbnailUrl\":\"https:\\\/\\\/bogensportdiscount.ch\\\/wp-content\\\/uploads\\\/bsm-images\\\/A046257_1.png\",\"datePublished\":\"2026-04-05T12:53:46+00:00\",\"dateModified\":\"2026-04-23T13:08:35+00:00\",\"description\":\"SHIBUYA RECURVE VISIERE ULTIMA RC PRO 520-9-A EINZEL MONTAGE g\u00fcnstig kaufen bei Bogensportdiscount \u2013 Top-Marken, schneller Versand aus der Schweiz.\",\"breadcrumb\":{\"@id\":\"https:\\\/\\\/bogensportdiscount.ch\\\/produkt\\\/shibuya-recurve-visier-ultima-rc-pro-520-9-a-single-mount\\\/#breadcrumb\"},\"inLanguage\":\"it-IT\",\"potentialAction\":[{\"@type\":\"ReadAction\",\"target\":[\"https:\\\/\\\/bogensportdiscount.ch\\\/produkt\\\/shibuya-recurve-visier-ultima-rc-pro-520-9-a-single-mount\\\/\"]}]},{\"@type\":\"ImageObject\",\"inLanguage\":\"it-IT\",\"@id\":\"https:\\\/\\\/bogensportdiscount.ch\\\/produkt\\\/shibuya-recurve-visier-ultima-rc-pro-520-9-a-single-mount\\\/#primaryimage\",\"url\":\"https:\\\/\\\/bogensportdiscount.ch\\\/wp-content\\\/uploads\\\/bsm-images\\\/A046257_1.png\",\"contentUrl\":\"https:\\\/\\\/bogensportdiscount.ch\\\/wp-content\\\/uploads\\\/bsm-images\\\/A046257_1.png\",\"width\":3414,\"height\":2551},{\"@type\":\"BreadcrumbList\",\"@id\":\"https:\\\/\\\/bogensportdiscount.ch\\\/produkt\\\/shibuya-recurve-visier-ultima-rc-pro-520-9-a-single-mount\\\/#breadcrumb\",\"itemListElement\":[{\"@type\":\"ListItem\",\"position\":1,\"name\":\"Home\",\"item\":\"https:\\\/\\\/bogensportdiscount.ch\\\/\"},{\"@type\":\"ListItem\",\"position\":2,\"name\":\"Shop\",\"item\":\"https:\\\/\\\/bogensportdiscount.ch\\\/shop\\\/\"},{\"@type\":\"ListItem\",\"position\":3,\"name\":\"SHIBUYA RECURVE VISIERE ULTIMA RC PRO 520-9-A EINZEL MONTAGE\"}]},{\"@type\":\"WebSite\",\"@id\":\"https:\\\/\\\/bogensportdiscount.ch\\\/#website\",\"url\":\"https:\\\/\\\/bogensportdiscount.ch\\\/\",\"name\":\"Bogensportdiscount\",\"description\":\"\",\"potentialAction\":[{\"@type\":\"SearchAction\",\"target\":{\"@type\":\"EntryPoint\",\"urlTemplate\":\"https:\\\/\\\/bogensportdiscount.ch\\\/?s={search_term_string}\"},\"query-input\":{\"@type\":\"PropertyValueSpecification\",\"valueRequired\":true,\"valueName\":\"search_term_string\"}}],\"inLanguage\":\"it-IT\"}]}<\/script>\n<!-- \/ Yoast SEO plugin. -->","yoast_head_json":{"title":"MIRINO SHIBUYA RECURVE ULTIMA RC PRO 520-9-A MONTAGGIO SINGOLO - Bogensportdiscount \u2013 Archi, frecce, bersagli e accessori","description":"SHIBUYA RECURVE VISIERE ULTIMA RC PRO 520-9-A MONTAGGIO SINGOLO: acquista a un prezzo conveniente su Bogensportdiscount \u2013 Marchi di punta, spedizione veloce dalla Svizzera.","robots":{"index":"index","follow":"follow","max-snippet":"max-snippet:-1","max-image-preview":"max-image-preview:large","max-video-preview":"max-video-preview:-1"},"canonical":"https:\/\/bogensportdiscount.ch\/it\/prodotto\/shibuya-recurve-visier-ultima-rc-pro-520-9-a-single-mount\/","og_locale":"it_IT","og_type":"article","og_title":"MIRINO SHIBUYA RECURVE ULTIMA RC PRO 520-9-A MONTAGGIO SINGOLO - Bogensportdiscount \u2013 Archi, frecce, bersagli e accessori","og_description":"SHIBUYA RECURVE VISIERE ULTIMA RC PRO 520-9-A MONTAGGIO SINGOLO: acquista a un prezzo conveniente su Bogensportdiscount \u2013 Marchi di punta, spedizione veloce dalla Svizzera.","og_url":"https:\/\/bogensportdiscount.ch\/it\/prodotto\/shibuya-recurve-visier-ultima-rc-pro-520-9-a-single-mount\/","og_site_name":"Bogensportdiscount \u2013 B\u00f6gen, Pfeile, Targets &amp; Zubeh\u00f6r","article_modified_time":"2026-04-23T13:08:35+00:00","og_image":[{"url":"https:\/\/bogensportdiscount.ch\/wp-content\/uploads\/bsm-images\/A046257_1.png","width":3414,"height":2551,"type":"image\/png"}],"twitter_card":"summary_large_image","schema":{"@context":"https:\/\/schema.org","@graph":[{"@type":"WebPage","@id":"https:\/\/bogensportdiscount.ch\/produkt\/shibuya-recurve-visier-ultima-rc-pro-520-9-a-single-mount\/","url":"https:\/\/bogensportdiscount.ch\/produkt\/shibuya-recurve-visier-ultima-rc-pro-520-9-a-single-mount\/","name":"MIRINO SHIBUYA RECURVE ULTIMA RC PRO 520-9-A MONTAGGIO SINGOLO - Bogensportdiscount \u2013 Archi, frecce, bersagli e accessori","isPartOf":{"@id":"https:\/\/bogensportdiscount.ch\/#website"},"primaryImageOfPage":{"@id":"https:\/\/bogensportdiscount.ch\/produkt\/shibuya-recurve-visier-ultima-rc-pro-520-9-a-single-mount\/#primaryimage"},"image":{"@id":"https:\/\/bogensportdiscount.ch\/produkt\/shibuya-recurve-visier-ultima-rc-pro-520-9-a-single-mount\/#primaryimage"},"thumbnailUrl":"https:\/\/bogensportdiscount.ch\/wp-content\/uploads\/bsm-images\/A046257_1.png","datePublished":"2026-04-05T12:53:46+00:00","dateModified":"2026-04-23T13:08:35+00:00","description":"SHIBUYA RECURVE VISIERE ULTIMA RC PRO 520-9-A MONTAGGIO SINGOLO: acquista a un prezzo conveniente su Bogensportdiscount \u2013 Marchi di punta, spedizione veloce dalla Svizzera.","breadcrumb":{"@id":"https:\/\/bogensportdiscount.ch\/produkt\/shibuya-recurve-visier-ultima-rc-pro-520-9-a-single-mount\/#breadcrumb"},"inLanguage":"it-IT","potentialAction":[{"@type":"ReadAction","target":["https:\/\/bogensportdiscount.ch\/produkt\/shibuya-recurve-visier-ultima-rc-pro-520-9-a-single-mount\/"]}]},{"@type":"ImageObject","inLanguage":"it-IT","@id":"https:\/\/bogensportdiscount.ch\/produkt\/shibuya-recurve-visier-ultima-rc-pro-520-9-a-single-mount\/#primaryimage","url":"https:\/\/bogensportdiscount.ch\/wp-content\/uploads\/bsm-images\/A046257_1.png","contentUrl":"https:\/\/bogensportdiscount.ch\/wp-content\/uploads\/bsm-images\/A046257_1.png","width":3414,"height":2551},{"@type":"BreadcrumbList","@id":"https:\/\/bogensportdiscount.ch\/produkt\/shibuya-recurve-visier-ultima-rc-pro-520-9-a-single-mount\/#breadcrumb","itemListElement":[{"@type":"ListItem","position":1,"name":"Home","item":"https:\/\/bogensportdiscount.ch\/"},{"@type":"ListItem","position":2,"name":"Shop","item":"https:\/\/bogensportdiscount.ch\/shop\/"},{"@type":"ListItem","position":3,"name":"SHIBUYA RECURVE VISIERE ULTIMA RC PRO 520-9-A EINZEL MONTAGE"}]},{"@type":"WebSite","@id":"https:\/\/bogensportdiscount.ch\/#website","url":"https:\/\/bogensportdiscount.ch\/","name":"Bogensportdiscount","description":"","potentialAction":[{"@type":"SearchAction","target":{"@type":"EntryPoint","urlTemplate":"https:\/\/bogensportdiscount.ch\/?s={search_term_string}"},"query-input":{"@type":"PropertyValueSpecification","valueRequired":true,"valueName":"search_term_string"}}],"inLanguage":"it-IT"}]}},"_links":{"self":[{"href":"https:\/\/bogensportdiscount.ch\/it\/wp-json\/wp\/v2\/product\/406068","targetHints":{"allow":["GET"]}}],"collection":[{"href":"https:\/\/bogensportdiscount.ch\/it\/wp-json\/wp\/v2\/product"}],"about":[{"href":"https:\/\/bogensportdiscount.ch\/it\/wp-json\/wp\/v2\/types\/product"}],"replies":[{"embeddable":true,"href":"https:\/\/bogensportdiscount.ch\/it\/wp-json\/wp\/v2\/comments?post=406068"}],"wp:featuredmedia":[{"embeddable":true,"href":"https:\/\/bogensportdiscount.ch\/it\/wp-json\/wp\/v2\/media\/450866"}],"wp:attachment":[{"href":"https:\/\/bogensportdiscount.ch\/it\/wp-json\/wp\/v2\/media?parent=406068"}],"wp:term":[{"taxonomy":"product_brand","embeddable":true,"href":"https:\/\/bogensportdiscount.ch\/it\/wp-json\/wp\/v2\/product_brand?post=406068"},{"taxonomy":"product_cat","embeddable":true,"href":"https:\/\/bogensportdiscount.ch\/it\/wp-json\/wp\/v2\/product_cat?post=406068"},{"taxonomy":"product_tag","embeddable":true,"href":"https:\/\/bogensportdiscount.ch\/it\/wp-json\/wp\/v2\/product_tag?post=406068"}],"curies":[{"name":"wp","href":"https:\/\/api.w.org\/{rel}","templated":true}]}}