{"id":406051,"date":"2026-04-05T14:53:43","date_gmt":"2026-04-05T12:53:43","guid":{"rendered":"https:\/\/bogensportdiscount.ch\/produkt\/saunders-slingshot-accessories-clod-popper-clay-ammo-200-bag\/"},"modified":"2026-04-17T13:46:54","modified_gmt":"2026-04-17T11:46:54","slug":"saunders-schleuder-zubehoer-clod-popper-lehmmunition","status":"publish","type":"product","link":"https:\/\/bogensportdiscount.ch\/it\/prodotto\/saunders-schleuder-zubehoer-clod-popper-lehmmunition\/","title":{"rendered":"Accessori per fionda Saunders Munizioni per argilla Clod Popper"},"content":{"rendered":"<p>Die Saunders Clod Popper Clay Ammo ist Schleuder-Munition aus gepresstem Ton, die f\u00fcr den Gebrauch mit Steinschleudern im Jagd- und Outdoorbereich konzipiert ist. Die Munition stammt aus US-amerikanischer Produktion und steht f\u00fcr solide Verarbeitungsqualit\u00e4t.<\/p>\n<p>Tonkugeln dieser Art bieten eine kosteng\u00fcnstige und umweltvertr\u00e4gliche Alternative zu Stahlmunition. Sie zerbrechen beim Aufprall, was sie besonders f\u00fcr das Training oder den jagdlichen Einsatz geeignet macht.<\/p>\n<ul>\n<li>Schleuder-Munition aus gepresstem Ton<\/li>\n<li>Geeignet f\u00fcr Steinschleudern im Outdoor- und Jagdbereich<\/li>\n<li>US-amerikanische Herkunft<\/li>\n<li>Kosteng\u00fcnstige Alternative zu Metallmunition<\/li>\n<\/ul>","protected":false},"excerpt":{"rendered":"<p>Die Saunders Clod Popper Lehmmunition ist speziell f\u00fcr Schleudern entwickeltes Tonkugel-Munitionszubeh\u00f6r. Die Munition aus den USA eignet sich f\u00fcr den Einsatz mit Steinschleudern im Outdoor-Bereich.<\/p>","protected":false},"featured_media":450862,"comment_status":"open","ping_status":"closed","template":"","meta":[],"product_brand":[779],"product_cat":[17964],"product_tag":[],"class_list":{"0":"post-406051","1":"product","2":"type-product","3":"status-publish","4":"has-post-thumbnail","6":"product_brand-saunders","7":"product_cat-schleudern-zubehoer-zubehoer","9":"first","10":"instock","11":"shipping-taxable","12":"purchasable","13":"product-type-variable"},"_links":{"self":[{"href":"https:\/\/bogensportdiscount.ch\/it\/wp-json\/wp\/v2\/product\/406051","targetHints":{"allow":["GET"]}}],"collection":[{"href":"https:\/\/bogensportdiscount.ch\/it\/wp-json\/wp\/v2\/product"}],"about":[{"href":"https:\/\/bogensportdiscount.ch\/it\/wp-json\/wp\/v2\/types\/product"}],"replies":[{"embeddable":true,"href":"https:\/\/bogensportdiscount.ch\/it\/wp-json\/wp\/v2\/comments?post=406051"}],"wp:featuredmedia":[{"embeddable":true,"href":"https:\/\/bogensportdiscount.ch\/it\/wp-json\/wp\/v2\/media\/450862"}],"wp:attachment":[{"href":"https:\/\/bogensportdiscount.ch\/it\/wp-json\/wp\/v2\/media?parent=406051"}],"wp:term":[{"taxonomy":"product_brand","embeddable":true,"href":"https:\/\/bogensportdiscount.ch\/it\/wp-json\/wp\/v2\/product_brand?post=406051"},{"taxonomy":"product_cat","embeddable":true,"href":"https:\/\/bogensportdiscount.ch\/it\/wp-json\/wp\/v2\/product_cat?post=406051"},{"taxonomy":"product_tag","embeddable":true,"href":"https:\/\/bogensportdiscount.ch\/it\/wp-json\/wp\/v2\/product_tag?post=406051"}],"curies":[{"name":"wp","href":"https:\/\/api.w.org\/{rel}","templated":true}]}}