{"id":406021,"date":"2026-04-05T14:53:38","date_gmt":"2026-04-05T12:53:38","guid":{"rendered":"https:\/\/bogensportdiscount.ch\/produkt\/kinetic-wooden-grip-for-valenz-rh-black-gray\/"},"modified":"2026-04-17T13:46:54","modified_gmt":"2026-04-17T11:46:54","slug":"kinetic-holzgriff-fuer-valenz","status":"publish","type":"product","link":"https:\/\/bogensportdiscount.ch\/it\/prodotto\/kinetic-holzgriff-fuer-valenz\/","title":{"rendered":"IMPUGNATURA CINETICA IN LEGNO PER VALENZ \/"},"content":{"rendered":"<p>Der Kinetic Holzgriff ist speziell f\u00fcr den Recurvebogen Valenz gefertigt und bietet eine nat\u00fcrliche Haptik durch die Verwendung von Holz als Material. Er ist in zwei Ausf\u00fchrungen f\u00fcr Rechts- und Linkshand erh\u00e4ltlich und kann in den Farben Schwarz und Weiss gew\u00e4hlt werden.<\/p>\n<p>Der Griffwechsel erm\u00f6glicht es, den Bogen individuell anzupassen und den Schiessstil sowie die pers\u00f6nliche Griffhaltung zu optimieren. Der Holzgriff ist ein unkompliziertes Zubeh\u00f6rteil f\u00fcr Bogensch\u00fctzen, die ihren Valenz-Bogen nach eigenen Vorstellungen konfigurieren m\u00f6chten.<\/p>\n<ul>\n<li>Passend f\u00fcr Recurvebogen Valenz<\/li>\n<li>Material: Holz<\/li>\n<li>Verf\u00fcgbar f\u00fcr Rechts- und Linkshand<\/li>\n<li>Erh\u00e4ltlich in Schwarz und Weiss<\/li>\n<\/ul>","protected":false},"excerpt":{"rendered":"<p>Holzgriff von Kinetic, passend f\u00fcr den Recurvebogen Valenz. Erh\u00e4ltlich f\u00fcr Rechts- und Linkshand in den Farben Schwarz und Weiss.<\/p>","protected":false},"featured_media":450848,"comment_status":"open","ping_status":"closed","template":"","meta":[],"product_brand":[439],"product_cat":[4201],"product_tag":[],"class_list":{"0":"post-406021","1":"product","2":"type-product","3":"status-publish","4":"has-post-thumbnail","6":"product_brand-kinetic","7":"product_cat-recurve-griffe-griffe-bogen-zubehoer","9":"first","10":"instock","11":"shipping-taxable","12":"purchasable","13":"product-type-variable"},"_links":{"self":[{"href":"https:\/\/bogensportdiscount.ch\/it\/wp-json\/wp\/v2\/product\/406021","targetHints":{"allow":["GET"]}}],"collection":[{"href":"https:\/\/bogensportdiscount.ch\/it\/wp-json\/wp\/v2\/product"}],"about":[{"href":"https:\/\/bogensportdiscount.ch\/it\/wp-json\/wp\/v2\/types\/product"}],"replies":[{"embeddable":true,"href":"https:\/\/bogensportdiscount.ch\/it\/wp-json\/wp\/v2\/comments?post=406021"}],"wp:featuredmedia":[{"embeddable":true,"href":"https:\/\/bogensportdiscount.ch\/it\/wp-json\/wp\/v2\/media\/450848"}],"wp:attachment":[{"href":"https:\/\/bogensportdiscount.ch\/it\/wp-json\/wp\/v2\/media?parent=406021"}],"wp:term":[{"taxonomy":"product_brand","embeddable":true,"href":"https:\/\/bogensportdiscount.ch\/it\/wp-json\/wp\/v2\/product_brand?post=406021"},{"taxonomy":"product_cat","embeddable":true,"href":"https:\/\/bogensportdiscount.ch\/it\/wp-json\/wp\/v2\/product_cat?post=406021"},{"taxonomy":"product_tag","embeddable":true,"href":"https:\/\/bogensportdiscount.ch\/it\/wp-json\/wp\/v2\/product_tag?post=406021"}],"curies":[{"name":"wp","href":"https:\/\/api.w.org\/{rel}","templated":true}]}}