{"id":406016,"date":"2026-04-05T14:53:37","date_gmt":"2026-04-05T12:53:37","guid":{"rendered":"https:\/\/bogensportdiscount.ch\/produkt\/low-wrist-sovren-rh\/"},"modified":"2026-04-17T13:46:54","modified_gmt":"2026-04-17T11:46:54","slug":"kinetic-low-wrist-griff-sovren-rechtshand","status":"publish","type":"product","link":"https:\/\/bogensportdiscount.ch\/it\/prodotto\/kinetic-low-wrist-griff-sovren-rechtshand\/","title":{"rendered":"POLSO BASSO KINETIC SOVREN RH"},"content":{"rendered":"<p>Der KINETIC Sovren Low-Wrist-Griff ist ein Recurvebogen-Griff f\u00fcr Rechtsh\u00e4nder. Low-Wrist-Griffe zeichnen sich durch eine tiefe Handposition aus, bei der das Handgelenk unterhalb der Griffachse gef\u00fchrt wird \u2013 eine Technik, die von vielen erfahrenen Recurve-Sch\u00fctzen bevorzugt wird.<\/p>\n<p>Der Sovren ist als eigenst\u00e4ndiger Griff konzipiert und l\u00e4sst sich an kompatiblen Recurve-Mittelteilen montieren. Die Ausf\u00fchrung als Rechtshand-Griff (RH) ist auf die ergonomischen Anforderungen von Rechtsh\u00e4ndern abgestimmt.<\/p>\n<ul>\n<li>Low-Wrist-Geometrie f\u00fcr eine tiefe, kontrollierte Handposition<\/li>\n<li>Ausf\u00fchrung f\u00fcr Rechtsh\u00e4nder (RH)<\/li>\n<li>Passend f\u00fcr kompatible Recurve-Mittelteile<\/li>\n<li>Marke: KINETIC<\/li>\n<\/ul>","protected":false},"excerpt":{"rendered":"<p><strong>Marchio:<\/strong> Cinetico<\/p>","protected":false},"featured_media":452686,"comment_status":"open","ping_status":"closed","template":"","meta":[],"product_brand":[439],"product_cat":[4201],"product_tag":[],"class_list":{"0":"post-406016","1":"product","2":"type-product","3":"status-publish","4":"has-post-thumbnail","6":"product_brand-kinetic","7":"product_cat-recurve-griffe-griffe-bogen-zubehoer","9":"first","10":"instock","11":"shipping-taxable","12":"purchasable","13":"product-type-variable"},"_links":{"self":[{"href":"https:\/\/bogensportdiscount.ch\/it\/wp-json\/wp\/v2\/product\/406016","targetHints":{"allow":["GET"]}}],"collection":[{"href":"https:\/\/bogensportdiscount.ch\/it\/wp-json\/wp\/v2\/product"}],"about":[{"href":"https:\/\/bogensportdiscount.ch\/it\/wp-json\/wp\/v2\/types\/product"}],"replies":[{"embeddable":true,"href":"https:\/\/bogensportdiscount.ch\/it\/wp-json\/wp\/v2\/comments?post=406016"}],"wp:featuredmedia":[{"embeddable":true,"href":"https:\/\/bogensportdiscount.ch\/it\/wp-json\/wp\/v2\/media\/452686"}],"wp:attachment":[{"href":"https:\/\/bogensportdiscount.ch\/it\/wp-json\/wp\/v2\/media?parent=406016"}],"wp:term":[{"taxonomy":"product_brand","embeddable":true,"href":"https:\/\/bogensportdiscount.ch\/it\/wp-json\/wp\/v2\/product_brand?post=406016"},{"taxonomy":"product_cat","embeddable":true,"href":"https:\/\/bogensportdiscount.ch\/it\/wp-json\/wp\/v2\/product_cat?post=406016"},{"taxonomy":"product_tag","embeddable":true,"href":"https:\/\/bogensportdiscount.ch\/it\/wp-json\/wp\/v2\/product_tag?post=406016"}],"curies":[{"name":"wp","href":"https:\/\/api.w.org\/{rel}","templated":true}]}}